{"id":3010,"date":"2020-03-25T11:07:30","date_gmt":"2020-03-25T09:07:30","guid":{"rendered":"http:\/\/www.gv-liederkranz-oetigheim.de\/?page_id=3010"},"modified":"2024-09-05T12:01:54","modified_gmt":"2024-09-05T10:01:54","slug":"der-liderkranz-sagt-danke","status":"publish","type":"page","link":"https:\/\/www.gv-liederkranz-oetigheim.de\/?page_id=3010","title":{"rendered":"Der Liderkranz sagt Danke"},"content":{"rendered":"<p><strong>Der Liederkranz sagt DANKE<\/strong><\/p>\n<p>Der GV Liederkranz hatte geladen und der Saal 5\/6 in der &#8222;Alten Schule&#8220; war am Freitag, 29. Februar um 18:00 Uhr voll, kamen doch fast alle zum ersten &#8222;Kiechlsamstag&#8220; nach genau 17 Jahren. G\u00fcnter K\u00f6lmel begr\u00fc\u00dfte in Vertretung des Pr\u00e4sidiums die Anwesenden, bedankte sich bei allen f\u00fcr die vielf\u00e4ltige Hilfe im vergangenen Jahr, angefangen bei der Bewirtung beim Umzug der M\u00fchlenjockel, bei der Europawahl, bei der Hockete, beim Dorffest und nat\u00fcrlich bei den vier Tellplatzbewirtungen. Nicht zu vergessen sind die Eins\u00e4tze an den beiden Konzerttagen am 09. November und dann wenig sp\u00e4ter am 01. Dezember. Viel Arbeit gab es zu bew\u00e4ltigen. Danke f\u00fcr jeden einzelnen Einsatz.<br \/>\nSoviel Engagement wurde belohnt mit einem besonderen Abend. Das Pr\u00e4sidium hatte ein\u00a0buntes Programm organisiert und nat\u00fcrlich ein Essen, das an fr\u00fchere Zeiten erinnerte: Rindfleisch mit Meerrettich und Pariser Kartoffeln. Herzlichen Dank dem Koch J. Kalkbrenner, der bereits fr\u00fcher f\u00fcr das leibliche Wohl sorgte, f\u00fcr das schmackhafte Gericht.<br \/>\nDer M\u00e4nnerchor unter der Leitung von Mattias Hammerschmitt startete nach dem Essen den bunten Unterhaltungsabend mit einem kleinen St\u00e4ndchen. Zwischendurch spielten unsere Aktiven Werner Happold, Erich K\u00fchn und Theo Wild als Akkordeon-Trio beschwingte Weisen zum Mitsingen.<img fetchpriority=\"high\" decoding=\"async\" class=\"size-large wp-image-3003 alignleft\" src=\"http:\/\/www.gv-liederkranz-oetigheim.de\/wp-content\/uploads\/2020\/03\/0306-1-1024x706.jpg\" alt=\"\" width=\"720\" height=\"496\" srcset=\"https:\/\/www.gv-liederkranz-oetigheim.de\/wp-content\/uploads\/2020\/03\/0306-1-1024x706.jpg 1024w, https:\/\/www.gv-liederkranz-oetigheim.de\/wp-content\/uploads\/2020\/03\/0306-1-300x207.jpg 300w, https:\/\/www.gv-liederkranz-oetigheim.de\/wp-content\/uploads\/2020\/03\/0306-1-768x530.jpg 768w, https:\/\/www.gv-liederkranz-oetigheim.de\/wp-content\/uploads\/2020\/03\/0306-1.jpg 1511w\" sizes=\"(max-width: 720px) 100vw, 720px\" \/><\/p>\n<p>Der Seniorenchor war nat\u00fcrlich auch vertreten, unter der Leitung von Theo Wild zeigten die S\u00e4ngerinnen und S\u00e4nger wie gut sie \u201eHello Dolly\u201c f\u00fcr das Konzert \u201eMusical-Time\u201c einstudiert hatten. Beim \u201egriechischen Wein\u201c sangen und schunkelten dann alle kr\u00e4ftig mit.<\/p>\n<p><strong><img decoding=\"async\" class=\"alignleft size-large wp-image-3004\" src=\"http:\/\/www.gv-liederkranz-oetigheim.de\/wp-content\/uploads\/2020\/03\/0306-2-1024x468.jpg\" alt=\"\" width=\"720\" height=\"329\" srcset=\"https:\/\/www.gv-liederkranz-oetigheim.de\/wp-content\/uploads\/2020\/03\/0306-2-1024x468.jpg 1024w, https:\/\/www.gv-liederkranz-oetigheim.de\/wp-content\/uploads\/2020\/03\/0306-2-300x137.jpg 300w, https:\/\/www.gv-liederkranz-oetigheim.de\/wp-content\/uploads\/2020\/03\/0306-2-768x351.jpg 768w, https:\/\/www.gv-liederkranz-oetigheim.de\/wp-content\/uploads\/2020\/03\/0306-2.jpg 1111w\" sizes=\"(max-width: 720px) 100vw, 720px\" \/><\/strong><\/p>\n<p>Besondere \u201eLeckerbissen\u201c waren aber die Anekdoten und Geschichten von Hans K\u00fchn, der in seiner unnachahmlichen Art den Saal zum Toben brachte. Er lie\u00df kein Thema aus, so auch nicht das Paradies, in dem der Herrgott Adam ernsthaft aufforderte, er solle sich doch nicht anstellen wie der erste Mensch als es um die beginnende Beziehung zur gerade erschaffenen Eva ging. Die \u201egeklaute Rippe\u201c von Adam war im \u00dcbrigen der erste Diebstahl in der Menschheitsgeschichte, so die Ausf\u00fchrungen von Hans K\u00fchn. Man h\u00e4tte ihm stundenlang zuh\u00f6ren k\u00f6nnen.<br \/>\nEin toller Abend ging irgendwann zu Ende: Sch\u00f6n wars, h\u00f6rte man viele beim Nachhausegehen sagen.<\/p>\n<p>Auch dieses Mal ging es nat\u00fcrlich nicht ganz ohne Helferinnen und Helfer. Allen, die geholfen haben, beim Auf- und Abbau, beim Geschirrsp\u00fclen und am n\u00e4chsten Tag beim Aufr\u00e4umen der K\u00fcche sagen wir herzlichen Dank f\u00fcr die Zusammenarbeit.<\/p>\n<p><strong>Jahreshauptversammlung des GV Liederkranz \u00d6tigheim<br \/>\n<\/strong>Am Freitag, 27. M\u00e4rz sind unsere Vereinsmitglieder herzlich eingeladen zur Jahreshauptversammlung des GV Liederkranz \u00d6tigheim. Wir freuen uns, wenn auch unsere f\u00f6rdernden Mitglieder zahlreich an der Versammlung teilnehmen und so ihre Verbundenheit mit ihrem Verein bekunden.<br \/>\nDie Versammlung findet statt im Restaurant \u201eKrone\u201c und beginnt um 19:00 Uhr.<br \/>\nAntr\u00e4ge an die Versammlung sind laut neuer Satzung sp\u00e4testens 10 Tage vor der Versammlung, also bis sp\u00e4testens Dienstag, 17. M\u00e4rz \u00fcber die Gesch\u00e4ftsstelle G\u00fcnter K\u00f6lmel, Nibelungenstr. 8 in \u00d6tigheim schriftlich beim Pr\u00e4sidium einzureichen.<\/p>\n<p>Folgende Tagesordnung ist vorgesehen:<\/p>\n<ol>\n<li>Begr\u00fc\u00dfung<\/li>\n<li>Totengedenken<\/li>\n<li>Gesch\u00e4ftsberichte<\/li>\n<li>Kassenbericht<\/li>\n<li>Revisionsbericht<\/li>\n<li>Entlastung des Schatzmeisters<\/li>\n<li>Entlastung des Pr\u00e4sidiums<\/li>\n<li>Wahlen\n<ul>\n<li>2 Pr\u00e4sidiumsmitglieder<\/li>\n<li>Schatzmeister<\/li>\n<li>Schriftf\u00fchrer<\/li>\n<li>Kassenpr\u00fcfer<\/li>\n<\/ul>\n<\/li>\n<\/ol>\n<ol start=\"9\">\n<li>Antr\u00e4ge<\/li>\n<li>Vorschau auf das Jahr 2020<\/li>\n<li>Verschiedenes<\/li>\n<\/ol>\n<p><strong>Liederkranz-Senioren auf Reisen<br \/>\n<\/strong>Am Donnerstag, 19. M\u00e4rz fahren die Senioren des GV Liederkranz ins Elsass. Der Ort Kirrwiller mit seiner Musikhalle \u201eRoyal Palace\u201c ist das Ziel. Was in diesem Musentempel geboten wird, ist schon internationale Klasse.<br \/>\nF\u00fcr Kurzentschlossene besteht die die M\u00f6glichkeit uns dabei zu begleiten. Wir fahren um 12:30 Uhr vor dem Rathaus in \u00d6tigheim ab und werden so gegen 19:00 Uhr zur\u00fcck sein. Weitere Ausk\u00fcnfte gibt es bei G\u00fcnter K\u00f6lmel, Tel. 07222 24195.<\/p>\n<p><strong>M\u00e4nnerchor<br \/>\n<\/strong>Musikalische Leckerbissen pr\u00e4gen zurzeit die Proben im M\u00e4nnerchor. Am Dienstag, 10. M\u00e4rz geht\u2019s zur gewohnten Zeit um 18:00 Uhr weiter. Vollz\u00e4hlig macht die Chorprobe Spa\u00df und wir frischen unsere Literatur innerhalb kurzer Zeit wieder auf.<\/p>\n<p><strong>Good Vibrations<br \/>\n<\/strong>Good Vibrations probt heute ausnahmsweise im Raum 1 der \u201eAlten Schule\u201c. Die Probe unserer Frauenstimmen Sopran und Alt beginnt bereits ab 20:00 Uhr, die M\u00e4nner vom Tenor und Bass sind ab 21:00 Uhr gefordert.<br \/>\nAuch die n\u00e4chsten Wochen werden von getrennten Chorproben gepr\u00e4gt sein. Bitte beachtet die jeweiligen Absprachen in den Proben, bzw. die Ver\u00f6ffentlichungen im Gemeindeanzeiger.<\/p>\n<p><strong>Seniorenchor<br \/>\n<\/strong>Am Donnerstag, 05. M\u00e4rz beginnt die Chorprobe nicht wie letzte Woche angek\u00fcndigt um 17:30 Uhr, sondern bereits um 17:00 Uhr im Raum 5\/6 der \u201eAlten Schule\u201c. Bis ca. 18:30 Uhr wird geprobt, danach wird der Imagefilm der Gemeinde \u00d6tigheim vorgef\u00fchrt.<br \/>\nN\u00e4chste Woche, am Donnerstag, 12. M\u00e4rz gibt es noch einmal eine gemeinsame Chorprobe im Raum 3\/4 der \u201eAlten Schule\u201c bevor eine dreiw\u00f6chige Pause beginnt.<\/p>\n<p><strong>Seniorenchor begleitet Gedenkfeier<br \/>\n<\/strong>Auf Einladung des Volksbundes Deutsche Kriegsgr\u00e4berf\u00fcrsorge wird der Seniorenchor des GV Liederkranz in diesem Jahr die Gedenkfeier am Volkstrauertag, 15. November auf dem Soldatenfriedhof in Niederbronnn-les-Bains im Elsass musikalisch begleiten.<br \/>\nIm Rahnen dieser Gedenkfeier wird der Seniorenchor auch ein Besichtigungsprogramm anbieten. Den genauen Tagesablauf werden wir zu gegebener Zeit bekannt geben.<\/p>\n","protected":false},"excerpt":{"rendered":"<p>Der Liederkranz sagt DANKE Der GV Liederkranz hatte geladen und der Saal 5\/6 in der &#8222;Alten Schule&#8220; war am Freitag, 29. Februar um 18:00 Uhr voll, kamen doch fast alle zum ersten &#8222;Kiechlsamstag&#8220; nach genau 17 Jahren. G\u00fcnter K\u00f6lmel begr\u00fc\u00dfte in Vertretung des Pr\u00e4sidiums die Anwesenden, bedankte sich bei allen f\u00fcr die vielf\u00e4ltige Hilfe im [&hellip;]<\/p>\n","protected":false},"author":3,"featured_media":0,"parent":3244,"menu_order":2,"comment_status":"closed","ping_status":"closed","template":"","meta":{"footnotes":""},"class_list":["post-3010","page","type-page","status-publish","hentry","post"],"_links":{"self":[{"href":"https:\/\/www.gv-liederkranz-oetigheim.de\/index.php?rest_route=\/wp\/v2\/pages\/3010","targetHints":{"allow":["GET"]}}],"collection":[{"href":"https:\/\/www.gv-liederkranz-oetigheim.de\/index.php?rest_route=\/wp\/v2\/pages"}],"about":[{"href":"https:\/\/www.gv-liederkranz-oetigheim.de\/index.php?rest_route=\/wp\/v2\/types\/page"}],"author":[{"embeddable":true,"href":"https:\/\/www.gv-liederkranz-oetigheim.de\/index.php?rest_route=\/wp\/v2\/users\/3"}],"replies":[{"embeddable":true,"href":"https:\/\/www.gv-liederkranz-oetigheim.de\/index.php?rest_route=%2Fwp%2Fv2%2Fcomments&post=3010"}],"version-history":[{"count":0,"href":"https:\/\/www.gv-liederkranz-oetigheim.de\/index.php?rest_route=\/wp\/v2\/pages\/3010\/revisions"}],"up":[{"embeddable":true,"href":"https:\/\/www.gv-liederkranz-oetigheim.de\/index.php?rest_route=\/wp\/v2\/pages\/3244"}],"wp:attachment":[{"href":"https:\/\/www.gv-liederkranz-oetigheim.de\/index.php?rest_route=%2Fwp%2Fv2%2Fmedia&parent=3010"}],"curies":[{"name":"wp","href":"https:\/\/api.w.org\/{rel}","templated":true}]}}