{"id":2950,"date":"2020-01-15T12:09:22","date_gmt":"2020-01-15T10:09:22","guid":{"rendered":"http:\/\/www.gv-liederkranz-oetigheim.de\/?page_id=2950"},"modified":"2024-09-05T11:58:32","modified_gmt":"2024-09-05T09:58:32","slug":"workshop-schnuppersingstunde","status":"publish","type":"page","link":"https:\/\/www.gv-liederkranz-oetigheim.de\/?page_id=2950","title":{"rendered":"Workshop &#8211; Schnuppersingstunde"},"content":{"rendered":"\t\t<div data-elementor-type=\"wp-post\" data-elementor-id=\"2950\" class=\"elementor elementor-2950\">\n\t\t\t\t\t\t<section class=\"elementor-section elementor-top-section elementor-element elementor-element-30974f1c elementor-section-boxed elementor-section-height-default elementor-section-height-default\" data-id=\"30974f1c\" data-element_type=\"section\">\n\t\t\t\t\t\t<div class=\"elementor-container elementor-column-gap-default\">\n\t\t\t\t\t<div class=\"elementor-column elementor-col-100 elementor-top-column elementor-element elementor-element-72fa4362\" data-id=\"72fa4362\" data-element_type=\"column\">\n\t\t\t<div class=\"elementor-widget-wrap elementor-element-populated\">\n\t\t\t\t\t\t<div class=\"elementor-element elementor-element-1f49ff46 elementor-widget elementor-widget-text-editor\" data-id=\"1f49ff46\" data-element_type=\"widget\" data-widget_type=\"text-editor.default\">\n\t\t\t\t<div class=\"elementor-widget-container\">\n\t\t\t\t\t\t\t\t\t<p><\/p>\n<div>\n<p><img decoding=\"async\" src=\"http:\/\/www.gv-liederkranz-oetigheim.de\/wp-content\/uploads\/2020\/01\/Plakat-Werbung.jpg\" alt=\"\"><span style=\"color: #000000\"><strong><br><\/strong><\/span><\/p>\n<p><span style=\"color: #000000\"><strong>&nbsp;<\/strong><\/span><\/p>\n<p style=\"text-align: justify\"><span style=\"color: #000000\"><strong>Good Vibrations<br><\/strong>Die Mitglieder von Good Vibrations waren \u00fcberrascht von der tollen Resonanz ihrer Werbeaktion \u2013 \u201eWir suchen Dich\u201c. Ca. 20 Damen und Herren fanden den Weg in die \u201eAlte Schule\u201c und verbrachten mit Good Vibrations ein paar sch\u00f6ne Stunden. Die neuen S\u00e4ngerinnen und S\u00e4nger wurden auch gleich in den Bann gezogen von Dirigentin Ulianah Nesterova, die bei einem Stimmbildungskurs und zur Veranschaulichung mit einem \u201eetwas in die Jahre gekommenen S\u00e4ngers\u201c von der Pike auf erkl\u00e4rte, wie und wo T\u00f6ne gebildet werden und dass es zwei Grunds\u00e4tze gibt beim Singen: zum ersten, dass man Singen will!, und zum zweiten, dass man Singen kann!<img fetchpriority=\"high\" decoding=\"async\" class=\"alignleft wp-image-2959\" src=\"http:\/\/www.gv-liederkranz-oetigheim.de\/wp-content\/uploads\/2020\/01\/0128-1.jpg\" alt=\"\" width=\"220\" height=\"348\" srcset=\"https:\/\/www.gv-liederkranz-oetigheim.de\/wp-content\/uploads\/2020\/01\/0128-1.jpg 525w, https:\/\/www.gv-liederkranz-oetigheim.de\/wp-content\/uploads\/2020\/01\/0128-1-190x300.jpg 190w\" sizes=\"(max-width: 220px) 100vw, 220px\" \/><\/span><\/p>\n<p><span style=\"color: #000000\">Nat\u00fcrlich war diese Schulung auch f\u00fcr die erfahrenen S\u00e4ngerinnen und S\u00e4nger von Good Vibrations interessant. \u201eT\u00f6ne auf\u2019s Zwerchfell aufsetzen\u201c, verschiedene Tonfolgen aushalten \u2013 auch einmal ohne Zwischenluft zu holen, das Gesp\u00fcr f\u00fcr verschiedene Harmonien bekommen, war f\u00fcr einige Anwesende total neue Materie.<\/span><br><span style=\"color: #000000\">Nach dieser \u201eStimmbildung\u201c, f\u00fcr manchen im wahrsten Sinne \u201eArbeit\u201c, gab es f\u00fcr alle eine kleine St\u00e4rkung. Die Damen von Good Vibrations bewiesen mal wieder, dass sie nicht nur reine T\u00f6ne singen k\u00f6nnen, sondern es auch verstehen, ein \u00fcberragendes B\u00fcfett zu zaubern. Daf\u00fcr allen ein herzliches Dankesch\u00f6n. F\u00fcr Fl\u00fcssiges, um die Stimmb\u00e4nder feucht zu halten, war nat\u00fcrlich auch gesorgt.<\/span><br><span style=\"color: #000000\">Nach dieser Erholungspause ging es an die eigentliche Probearbeit. Mit \u201eMemory\u201c, <\/span><span style=\"color: #000000\">einer Melodie aus dem Musical \u201eCats\u201c hatte Ulianah einen <\/span><span style=\"color: #000000\">ansprechenden Titel herausgesucht, der bei allen gut ankam. Bis zum Ende dieser \u201eOffenen Chorprobe\u201c, sie war bis 14:00 Uhr angesetzt<\/span><span style=\"color: #000000\"><img decoding=\"async\" class=\"alignleft\" src=\"http:\/\/www.gv-liederkranz-oetigheim.de\/wp-content\/uploads\/2020\/01\/0128-2-462x1024.jpg\" alt=\"\" width=\"183\" height=\"406\"><\/span><span style=\"color: #000000\">, hatten die Anwesenden sich den gr\u00f6\u00dften Teil dieses Songs <\/span><span style=\"color: #000000\">erarbeitet \u2013 es klang schon richtig auff\u00fchrungsreif.<\/span><br><span style=\"color: #000000\">Vielleicht ein Anreiz f\u00fcr so manche neue S\u00e4ngerin und <\/span><span style=\"color: #000000\">manchen neuen S\u00e4nger die n\u00e4chsten regul\u00e4ren Chorproben von Good Vibrations zu besuchen, um dieses Lied vollst\u00e4ndig zu erlernen. Good Vibrations freut sich \u00fcber alle, die an diesem Samstag den Spa\u00df am Singen entdeckt haben. Dies war auch unser Motto: \u201eSingen setzt Gl\u00fcckshormone frei, Singen entspannt, Singen l\u00e4sst die Seele fliegen, Singen l\u00e4sst Gemeinschaft erleben &#8211; also: Singen ist gesund!\u201c<\/span><\/p>\n<\/div>\n<p><\/p>\n<p><\/p>\t\t\t\t\t\t\t\t<\/div>\n\t\t\t\t<\/div>\n\t\t\t\t\t<\/div>\n\t\t<\/div>\n\t\t\t\t\t<\/div>\n\t\t<\/section>\n\t\t\t\t<\/div>\n\t\t","protected":false},"excerpt":{"rendered":"","protected":false},"author":2,"featured_media":0,"parent":3244,"menu_order":1,"comment_status":"closed","ping_status":"closed","template":"","meta":{"footnotes":""},"class_list":["post-2950","page","type-page","status-publish","hentry","post"],"_links":{"self":[{"href":"https:\/\/www.gv-liederkranz-oetigheim.de\/index.php?rest_route=\/wp\/v2\/pages\/2950","targetHints":{"allow":["GET"]}}],"collection":[{"href":"https:\/\/www.gv-liederkranz-oetigheim.de\/index.php?rest_route=\/wp\/v2\/pages"}],"about":[{"href":"https:\/\/www.gv-liederkranz-oetigheim.de\/index.php?rest_route=\/wp\/v2\/types\/page"}],"author":[{"embeddable":true,"href":"https:\/\/www.gv-liederkranz-oetigheim.de\/index.php?rest_route=\/wp\/v2\/users\/2"}],"replies":[{"embeddable":true,"href":"https:\/\/www.gv-liederkranz-oetigheim.de\/index.php?rest_route=%2Fwp%2Fv2%2Fcomments&post=2950"}],"version-history":[{"count":0,"href":"https:\/\/www.gv-liederkranz-oetigheim.de\/index.php?rest_route=\/wp\/v2\/pages\/2950\/revisions"}],"up":[{"embeddable":true,"href":"https:\/\/www.gv-liederkranz-oetigheim.de\/index.php?rest_route=\/wp\/v2\/pages\/3244"}],"wp:attachment":[{"href":"https:\/\/www.gv-liederkranz-oetigheim.de\/index.php?rest_route=%2Fwp%2Fv2%2Fmedia&parent=2950"}],"curies":[{"name":"wp","href":"https:\/\/api.w.org\/{rel}","templated":true}]}}