{"id":884,"date":"2015-08-25T16:55:17","date_gmt":"2015-08-25T14:55:17","guid":{"rendered":"http:\/\/www.gv-liederkranz-oetigheim.de\/wp\/?page_id=884"},"modified":"2015-11-17T14:06:09","modified_gmt":"2015-11-17T12:06:09","slug":"jahreshauptversammlungen","status":"publish","type":"page","link":"http:\/\/www.gv-liederkranz-oetigheim.de\/?page_id=884","title":{"rendered":"Jahreshauptversammlungen"},"content":{"rendered":"<p><b>Jahreshauptversammlung des GV Liederkranz \u00d6tigheim <\/b><\/p>\n<p>Am Freitag, 27.03.2015 sind unsere Vereinsmitglieder herzlich eingeladen zur Jahreshauptversammlung des GV Liederkranz \u00d6tigheim, um gemeinsam die Zukunft des Vereins f\u00fcr die n\u00e4chsten Jahre zu gestalten. Besonders m\u00f6chten wir darauf hinweisen, dass auch unsere f\u00f6rdernden (passiven) Mitglieder eingeladen und herzlich willkommen sind.<br \/>\nDie Versammlung findet statt im Restaurant \u201eKrone\u201c und beginnt um 19:30 Uhr.<\/p>\n<p>Antr\u00e4ge an die Versammlung sind bis sp\u00e4testens Freitag, 20. M\u00e4rz 2015 schriftlich beim Gesch\u00e4ftsf\u00fchrer G\u00fcnter K\u00f6lmel, Nibelungenstr. 8, \u00d6tigheim einzureichen.<\/p>\n<p>Tagesordnung:<\/p>\n<ol>\n<li>Begr\u00fc\u00dfung<\/li>\n<li>Totengedenken<\/li>\n<li>Gesch\u00e4ftsberichte<\/li>\n<li>Kassenbericht<\/li>\n<li>Revisionsbericht<\/li>\n<li>Entlastung des Schatzmeisters<\/li>\n<li>Entlastung des Pr\u00e4sidiums<\/li>\n<li>Wahlen (2 Pr\u00e4sidiumsmitglieder)<\/li>\n<li>Ehrungen<\/li>\n<li>Antr\u00e4ge<\/li>\n<li>Vorschau<\/li>\n<li>Verschiedenes<\/li>\n<\/ol>\n<p><b>Jahreshauptversammlung des F\u00f6rdervereins<\/b><\/p>\n<p>Unser F\u00f6rderverein beginnt seine Jahreshauptversammlung am Freitag, 27. M\u00e4rz 2015 um 19.00 Uhr. Hierzu sind alle Vereinsmitglieder des F\u00f6rdervereins des Gesangvereins Liederkranz \u00d6tigheim in das Restaurant \u201eKrone\u201c eingeladen. Antr\u00e4ge an die Versammlung sind bis sp\u00e4testens 7 Tage vor der Versammlung, also bis Freitag, 20. M\u00e4rz 2015 schriftlich an den Vorstand Rainer Pohl, Josefinestr. 2\/4, \u00d6tigheim zu richten.<\/p>\n<p>Tagesordnung:<\/p>\n<ol>\n<li>Begr\u00fc\u00dfung<\/li>\n<li>Gesch\u00e4ftsbericht<\/li>\n<li>Kassenbericht<\/li>\n<li>Revisionsbericht<\/li>\n<li>Entlastung des Schatzmeisters<\/li>\n<li>Entlastung des Vorstands<\/li>\n<li>Antr\u00e4ge<\/li>\n<li>Verschiedenes<\/li>\n<\/ol>\n<p><a href=\"http:\/\/www.gv-liederkranz-oetigheim.de\/wp\/?page_id=999\">zur\u00fcck<\/a><\/p>\n","protected":false},"excerpt":{"rendered":"<p>Jahreshauptversammlung des GV Liederkranz \u00d6tigheim Am Freitag, 27.03.2015 sind unsere Vereinsmitglieder herzlich eingeladen zur Jahreshauptversammlung des GV Liederkranz \u00d6tigheim, um gemeinsam die Zukunft des Vereins f\u00fcr die n\u00e4chsten Jahre zu gestalten. Besonders m\u00f6chten wir darauf hinweisen, dass auch unsere f\u00f6rdernden (passiven) Mitglieder eingeladen und herzlich willkommen sind. Die Versammlung findet statt im Restaurant \u201eKrone\u201c und [&hellip;]<\/p>\n","protected":false},"author":3,"featured_media":0,"parent":999,"menu_order":0,"comment_status":"closed","ping_status":"closed","template":"onecolumn-page.php","meta":{"footnotes":""},"class_list":["post-884","page","type-page","status-publish","hentry","post"],"_links":{"self":[{"href":"http:\/\/www.gv-liederkranz-oetigheim.de\/index.php?rest_route=\/wp\/v2\/pages\/884","targetHints":{"allow":["GET"]}}],"collection":[{"href":"http:\/\/www.gv-liederkranz-oetigheim.de\/index.php?rest_route=\/wp\/v2\/pages"}],"about":[{"href":"http:\/\/www.gv-liederkranz-oetigheim.de\/index.php?rest_route=\/wp\/v2\/types\/page"}],"author":[{"embeddable":true,"href":"http:\/\/www.gv-liederkranz-oetigheim.de\/index.php?rest_route=\/wp\/v2\/users\/3"}],"replies":[{"embeddable":true,"href":"http:\/\/www.gv-liederkranz-oetigheim.de\/index.php?rest_route=%2Fwp%2Fv2%2Fcomments&post=884"}],"version-history":[{"count":0,"href":"http:\/\/www.gv-liederkranz-oetigheim.de\/index.php?rest_route=\/wp\/v2\/pages\/884\/revisions"}],"up":[{"embeddable":true,"href":"http:\/\/www.gv-liederkranz-oetigheim.de\/index.php?rest_route=\/wp\/v2\/pages\/999"}],"wp:attachment":[{"href":"http:\/\/www.gv-liederkranz-oetigheim.de\/index.php?rest_route=%2Fwp%2Fv2%2Fmedia&parent=884"}],"curies":[{"name":"wp","href":"https:\/\/api.w.org\/{rel}","templated":true}]}}