{"id":701,"date":"2015-08-20T17:55:35","date_gmt":"2015-08-20T15:55:35","guid":{"rendered":"http:\/\/www.gv-liederkranz-oetigheim.de\/wp\/?page_id=701"},"modified":"2024-10-01T20:59:11","modified_gmt":"2024-10-01T18:59:11","slug":"impressum","status":"publish","type":"page","link":"http:\/\/www.gv-liederkranz-oetigheim.de\/?page_id=701","title":{"rendered":"Impressum"},"content":{"rendered":"\t\t<div data-elementor-type=\"wp-post\" data-elementor-id=\"701\" class=\"elementor elementor-701\">\n\t\t\t\t\t\t<section class=\"elementor-section elementor-top-section elementor-element elementor-element-3502fd68 elementor-section-boxed elementor-section-height-default elementor-section-height-default\" data-id=\"3502fd68\" data-element_type=\"section\" data-settings=\"{&quot;background_background&quot;:&quot;classic&quot;}\">\n\t\t\t\t\t\t\t<div class=\"elementor-background-overlay\"><\/div>\n\t\t\t\t\t\t\t<div class=\"elementor-container elementor-column-gap-default\">\n\t\t\t\t\t<div class=\"elementor-column elementor-col-100 elementor-top-column elementor-element elementor-element-3ff2b7f4\" data-id=\"3ff2b7f4\" data-element_type=\"column\">\n\t\t\t<div class=\"elementor-widget-wrap elementor-element-populated\">\n\t\t\t\t\t\t<div class=\"elementor-element elementor-element-e46b95d elementor-widget elementor-widget-text-editor\" data-id=\"e46b95d\" data-element_type=\"widget\" data-widget_type=\"text-editor.default\">\n\t\t\t\t<div class=\"elementor-widget-container\">\n\t\t\t\t\t\t\t\t\t<p><span style=\"color: #000000\">Gesangsverein Liederkranz \u00d6tigheim e.V. 1899<\/span><\/p>\n<p><span style=\"color: #000000\">Verantwortlich im Sinne des Presserechts:&nbsp;<br><\/span><span style=\"font-size: 21px\">Kurt Rastetter<\/span><\/p><p><span style=\"color: #000000\">Gesch\u00e4ftsstelle:&nbsp;<br><\/span><span style=\"font-size: 21px\">G\u00fcnter K\u00f6lmel<br><\/span><span style=\"font-size: 21px\">Nibelungenstr. 8<br><\/span><span style=\"font-size: 21px\">76470 \u00d6tigheim<\/span><\/p>\n<p><span style=\"color: #000000\"><img decoding=\"async\" role=\"img\" class=\"emoji\" alt=\"\u260e\" src=\"https:\/\/s.w.org\/images\/core\/emoji\/15.0.3\/svg\/260e.svg\"> 07222 24195<\/span><br><span style=\"color: #000000\"><img decoding=\"async\" role=\"img\" class=\"emoji\" alt=\"\u2709\" src=\"https:\/\/s.w.org\/images\/core\/emoji\/15.0.3\/svg\/2709.svg\"> <a style=\"color: #000000\" href=\"mailto:guenter.koelmel@t-online.de\">guenter.koelmel@t-online.de<\/a><\/span><\/p>\n<p><span style=\"color: #000000\"><span style=\"font-family: Arial\">Eingetragen im Vereinsregister Mannheim: VR520003 &#8211; <\/span><span style=\"font-family: Arial\">Steuernummer: 39074\/03411<\/span><\/span><\/p>\n<p><span style=\"font-family: Arial;color: #000000\">Mitglied&nbsp;im Badischen und Deutschen Chorverband<\/span><\/p>\n<p><span style=\"color: #000000\"><strong>Pr\u00e4sidium des GV Liederkranz \u00d6tigheim:<\/strong><\/span><\/p>\n<p><span style=\"color: #000000\">Kurt Rastetter &#8211; Hans Georg Wittmann &#8211; Roland Fechner<\/span><\/p>\n<p><span style=\"color: #000000\"><strong>Gesch\u00e4ftsstelle des GV Liederkranz \u00d6tigheim:<\/strong><\/span><\/p>\n<p><span style=\"color: #000000\">G\u00fcnter K\u00f6lmel (geschaftf\u00fchrendes Mitglied)<\/span><\/p>\n<p><span style=\"color: #000000\"><strong>Verantwortlich f\u00fcr die Inhalte gem\u00e4\u00df \u00a7&nbsp;55RStV<\/strong><\/span><br><span style=\"color: #000000\">Pr\u00e4sidium des GV Liederkranz \u00d6tigheim<\/span><\/p>\n<p><span style=\"color: #000000\"><strong>Beitr\u00e4ge oder Fragen zur Homepage<br><\/strong>Gunther Eisele<\/span><br><span style=\"color: #000000\"><img decoding=\"async\" role=\"img\" class=\"emoji\" alt=\"\u2709\" src=\"https:\/\/s.w.org\/images\/core\/emoji\/15.0.3\/svg\/2709.svg\"> <a style=\"color: #000000\" href=\"mailto:%20eisele.oetigheim@web.de\">eisele<strong>.<\/strong>oetigheim@web.de<\/a> (webmaster)<strong><br><\/strong><\/span><\/p>\n<p><span style=\"color: #000000\"><strong>Haftungsausschluss<br><\/strong><\/span><\/p>\n<p style=\"text-align: justify\"><span style=\"color: #000000\">Die Inhalte unserer Seiten wurden mit gr\u00f6\u00dfter Sorgfalt erstellt. F\u00fcr die Richtigkeit, Vollst\u00e4ndigkeit und Aktualit\u00e4t der Inhalte k\u00f6nnen wir jedoch keine Gew\u00e4hr \u00fcbernehmen. Als Diensteanbieter sind wir gem\u00e4\u00df \u00a7 7 Abs.1 TMG f\u00fcr eigene Inhalte auf diesen Seiten nach den allgemeinen Gesetzen verantwortlich. Nach \u00a7\u00a7 8 bis 10 TMG sind wir als Diensteanbieter jedoch nicht verpflichtet, \u00fcbermittelte oder gespeicherte fremde Informationen zu \u00fcberwachen oder nach Umst\u00e4nden zu forschen, die auf eine rechts-widrige T\u00e4tigkeit hinweisen. Verpflichtungen zur Entfernung oder Sperrung der Nutzung von Informationen nach den allgemeinen Gesetzen bleiben hiervon unber\u00fchrt. Eine diesbez\u00fcgliche Haftung ist jedoch erst ab dem Zeitpunkt der Kenntnis einer konkreten Rechtsverletzung m\u00f6glich. Bei Bekanntwerden von entsprechenden Rechtsverletzungen werden wir diese Inhalte umgehend entfernen.<\/span><\/p>\n<p style=\"text-align: justify\"><span style=\"color: #000000\"><strong>Haftung f\u00fcr Links<\/strong><\/span><br><span style=\"color: #000000\">Unser Angebot enth\u00e4lt Links zu externen Webseiten Dritter, auf deren Inhalte wir keinen Einfluss haben. Deshalb k\u00f6nnen wir f\u00fcr diese fremden Inhalte auch keine Gew\u00e4hr \u00fcbernehmen. F\u00fcr die Inhalte der verlinkten Seiten ist stets der jeweilige Anbieter oder Betreiber der Seiten verantwortlich. Die verlinkten Seiten wurden zum Zeitpunkt der Verlinkung auf m\u00f6gliche Rechtsverst\u00f6\u00dfe \u00fcberpr\u00fcft. Rechtswidrige Inhalte waren zum Zeitpunkt der Verlinkung nicht erkennbar. Eine permanente inhaltliche Kontrolle der verlinkten Seiten ist jedoch ohne konkrete Anhaltspunkte einer Rechtsverletzung nicht zumutbar. Bei Bekanntwerden von Rechtsverletzungen werden wir derartige Links umgehend entfernen.<\/span><\/p>\n<p style=\"text-align: justify\"><span style=\"color: #000000\"><strong>Urheberrecht<\/strong><\/span><br><span style=\"color: #000000\">Die durch die Seitenbetreiber erstellten Inhalte und Werke auf diesen Seiten unterliegen dem deutschen Urheberrecht. Die Vervielf\u00e4ltigung, Bearbeitung, Verbreitung und jede Art der Verwertung au\u00dferhalb der Grenzen des Urheberrechtes bed\u00fcrfen der schriftlichen Zustimmung des jeweiligen Autors bzw. Erstellers. Downloads und Kopien dieser Seite sind nur f\u00fcr den privaten, nicht kommerziellen Gebrauch gestattet. Soweit die Inhalte auf dieser Seite nicht vom Betreiber erstellt wurden, werden die Urheberrechte Dritter beachtet. Insbesondere werden Inhalte Dritter als solche gekennzeichnet. Sollten Sie trotzdem auf eine Urheberrechtsverletzung aufmerksam werden, bitten wir um einen entsprechenden Hinweis. Bei Bekanntwerden von Rechtsverletzungen werden wir derartige Inhalte umgehend entfernen.<\/span><\/p>\n<p style=\"text-align: justify\"><span style=\"color: #000000\"><strong>Datenschutzerkl\u00e4rung<\/strong><\/span><br><span style=\"color: #000000\">Der Schutz Ihrer personenbezogenen Daten bei der Erhebung, Verarbeitung und Nutzung anl\u00e4sslich Ihres Besuchs auf unserer Homepage ist uns ein wichtiges Anliegen. Ihre Daten werden im Rahmen der gesetzlichen Vorschriften gesch\u00fctzt. Nachfolgend finden Sie Informationen, welche Daten w\u00e4hrend Ihres Besuchs auf der Homepage erfasst und wie diese genutzt werden:<\/span><\/p>\n<p style=\"text-align: justify\"><span style=\"color: #000000\"><strong>1. Erhebung und Verarbeitung von Daten<\/strong><\/span><br><span style=\"color: #000000\">Jeder Zugriff auf unsere Homepage und jeder Abruf einer auf der Homepage hinterlegten Datei werden protokolliert. Die Speicherung dient internen systembezogenen und statistischen Zwecken. Protokolliert werden: Name der abgerufenen Datei, Datum und Uhrzeit des Abrufs, \u00fcbertragene Datenmenge, Meldung \u00fcber erfolgreichen Abruf, Webbrowser und anfragende Domain.<\/span><\/p>\n<p><span style=\"color: #000000\">Weitergehende personenbezogene Daten werden nur erfasst, wenn Sie diese Angaben freiwillig, etwa im Rahmen einer Anfrage oder Registrierung, machen.<\/span><\/p>\n<p style=\"text-align: justify\"><span style=\"color: #000000\"><strong>2. Nutzung und Weitergabe personenbezogener Daten<\/strong><\/span><\/p>\n<p style=\"text-align: justify\"><span style=\"color: #000000\">Soweit Sie uns personenbezogene Daten zur Verf\u00fcgung gestellt haben, verwenden wir diese nur zur Beantwortung Ihrer Anfragen, zur Abwicklung mit Ihnen geschlossener Vertr\u00e4ge und f\u00fcr die technische Administration.<\/span><\/p>\t\t\t\t\t\t\t\t<\/div>\n\t\t\t\t<\/div>\n\t\t\t\t\t<\/div>\n\t\t<\/div>\n\t\t\t\t\t<\/div>\n\t\t<\/section>\n\t\t\t\t<\/div>\n\t\t","protected":false},"excerpt":{"rendered":"<p>Gesangsverein Liederkranz \u00d6tigheim e.V. 1899 Verantwortlich im Sinne des Presserechts:&nbsp;Kurt Rastetter Gesch\u00e4ftsstelle:&nbsp;G\u00fcnter K\u00f6lmelNibelungenstr. 876470 \u00d6tigheim 07222 24195 guenter.koelmel@t-online.de Eingetragen im Vereinsregister Mannheim: VR520003 &#8211; Steuernummer: 39074\/03411 Mitglied&nbsp;im Badischen und Deutschen Chorverband Pr\u00e4sidium des GV Liederkranz \u00d6tigheim: Kurt Rastetter &#8211; Hans Georg Wittmann &#8211; Roland Fechner Gesch\u00e4ftsstelle des GV Liederkranz \u00d6tigheim: G\u00fcnter K\u00f6lmel (geschaftf\u00fchrendes Mitglied) Verantwortlich [&hellip;]<\/p>\n","protected":false},"author":3,"featured_media":0,"parent":0,"menu_order":65,"comment_status":"closed","ping_status":"closed","template":"","meta":{"footnotes":""},"class_list":["post-701","page","type-page","status-publish","hentry","post"],"_links":{"self":[{"href":"http:\/\/www.gv-liederkranz-oetigheim.de\/index.php?rest_route=\/wp\/v2\/pages\/701","targetHints":{"allow":["GET"]}}],"collection":[{"href":"http:\/\/www.gv-liederkranz-oetigheim.de\/index.php?rest_route=\/wp\/v2\/pages"}],"about":[{"href":"http:\/\/www.gv-liederkranz-oetigheim.de\/index.php?rest_route=\/wp\/v2\/types\/page"}],"author":[{"embeddable":true,"href":"http:\/\/www.gv-liederkranz-oetigheim.de\/index.php?rest_route=\/wp\/v2\/users\/3"}],"replies":[{"embeddable":true,"href":"http:\/\/www.gv-liederkranz-oetigheim.de\/index.php?rest_route=%2Fwp%2Fv2%2Fcomments&post=701"}],"version-history":[{"count":0,"href":"http:\/\/www.gv-liederkranz-oetigheim.de\/index.php?rest_route=\/wp\/v2\/pages\/701\/revisions"}],"wp:attachment":[{"href":"http:\/\/www.gv-liederkranz-oetigheim.de\/index.php?rest_route=%2Fwp%2Fv2%2Fmedia&parent=701"}],"curies":[{"name":"wp","href":"https:\/\/api.w.org\/{rel}","templated":true}]}}