{"id":416,"date":"2014-02-23T18:14:29","date_gmt":"2014-02-23T16:14:29","guid":{"rendered":"http:\/\/www.gv-liederkranz-oetigheim.de\/wp\/?page_id=416"},"modified":"2020-01-03T14:16:12","modified_gmt":"2020-01-03T12:16:12","slug":"chorleiter","status":"publish","type":"page","link":"http:\/\/www.gv-liederkranz-oetigheim.de\/?page_id=416","title":{"rendered":"Chorleiter M\u00e4nnerchor"},"content":{"rendered":"\t\t<div data-elementor-type=\"wp-post\" data-elementor-id=\"416\" class=\"elementor elementor-416\">\n\t\t\t\t\t\t<section class=\"elementor-section elementor-top-section elementor-element elementor-element-35055945 elementor-section-boxed elementor-section-height-default elementor-section-height-default\" data-id=\"35055945\" data-element_type=\"section\">\n\t\t\t\t\t\t<div class=\"elementor-container elementor-column-gap-default\">\n\t\t\t\t\t<div class=\"elementor-column elementor-col-100 elementor-top-column elementor-element elementor-element-686238f2\" data-id=\"686238f2\" data-element_type=\"column\" data-settings=\"{&quot;background_background&quot;:&quot;classic&quot;}\">\n\t\t\t<div class=\"elementor-widget-wrap elementor-element-populated\">\n\t\t\t\t\t<div class=\"elementor-background-overlay\"><\/div>\n\t\t\t\t\t\t<div class=\"elementor-element elementor-element-55243d04 elementor-widget elementor-widget-text-editor\" data-id=\"55243d04\" data-element_type=\"widget\" data-widget_type=\"text-editor.default\">\n\t\t\t\t<div class=\"elementor-widget-container\">\n\t\t\t\t\t\t\t\t\t<h6>In der langen Vereinsgeschichte waren bisher insgesamt 15 Chorleiter f\u00fcr t\u00e4tig. Die heutige hohe Qualit\u00e4t unseres M\u00e4nnerchors beruht vor allem auf dem langen Wirken von Prof. Erich Werner (38 Jahre) und Peter Kimling (13 Jahre). Vor allem Erich Werner leistete eine wichtige Aufbau-arbeit nach dem Krieg und Peter Kimling setzte mit seiner Pers\u00f6nlichkeit und moderner Chorauswahl neue Akzente.\u00a0Von 2003 bis 2014\u00a0leitete mit Walter Muth ein junger, dynamischer Fachmann unseren Chor.<\/h6>\n<h6>Seit 2015 liegt der Dirigentenstab nun in den H\u00e4nden von Mattias Hammerschmitt, Dozent an der Musikhochschule Karlsruhe.<\/h6>\n<dl id=\"attachment_1633\">\n<dt><img fetchpriority=\"high\" decoding=\"async\" src=\"http:\/\/www.gv-liederkranz-oetigheim.de\/wp-content\/uploads\/2016\/02\/chorleiter-M\u00e4nnerchor-Hammerschmidt-1-2-300x233.jpg\" alt=\"chorleiter M\u00e4nnerchor Hammerschmitt-1 (2)\" width=\"300\" height=\"233\" \/><\/dt>\n<dd>Mattthias Hammerschmitt &#8211; Chorleiter M\u00e4nnerchor<\/dd>\n<\/dl>\n<h6>Matthias Hammerschmitt wurde 1957 in Franken geboren und absolvierte sein Dirigentenstudium in Stuttgart. Von 1982 bis 1985 war er Korrepetitor und Kapellmeister am Landestheater in Coburg, danach Kapellmeister am Badischen Staatstheater Karlsruhe. Als Musikalischer Leiter der Schlossfestspiele Ettlingen (1988 \u2013 1991) begann er mit der Komposition von Schauspielmusiken, Balletteinlagen und Musicals. Seit 1990 ist Matthias Hammerschmitt Dozent an der Staatlichen Hochschule f\u00fcr Musik in Karlsruhe. Von 1997 bis 2012 \u00fcbernahm er die musikalische Leitung der Volksschauspiele \u00d6tigheim, deren musikalische Weiterentwicklung er ebenso engagiert wie erfolgreich vorantrieb. Von 2004 bis 2012 leitete Matthias Hammerschmitt zus\u00e4tzlich das Kammerorchester \u00d6tigheim, das er als B\u00fchnenorchester der Volksschauspiele bereits seit 1998 bei zahlreichen Konzerten und Musiktheaterproduktionen dirigiert hat.<br \/>Im Januar 2015 hat Matthias Hammerschmitt als gesch\u00e4tzter P\u00e4dagoge die musikalische Leitung des M\u00e4nnerchors beim Gesangverein Liederkranz \u00d6tigheim \u00fcbernommen. Alle Chorleiter des M\u00e4nnerchores seit Beginn:<\/h6>\n<h6>\u00a0<\/h6>\n<table width=\"650\">\n<tbody>\n<tr style=\"height: 42.7333px\">\n<td style=\"height: 42.7333px\">\n<h6>seit 2015\u00a0<\/h6>\n<\/td>\n<td style=\"height: 42.7333px\">\u00a0<\/td>\n<td style=\"height: 42.7333px\">\n<h6>Matthias Hammerschmitt, Dozent Musikhochschule Karlsruhe<\/h6>\n<\/td>\n<\/tr>\n<tr style=\"height: 66px\">\n<td style=\"height: 66px\" colspan=\"2\">\n<h6>2003 bis 2014<\/h6>\n<\/td>\n<td style=\"height: 66px\">\n<h6>Walter Muth, Musikdirektor FDB<\/h6>\n<\/td>\n<\/tr>\n<tr style=\"height: 66px\">\n<td style=\"height: 66px\" colspan=\"2\">\n<h6>2000 bis 2003<\/h6>\n<\/td>\n<td style=\"height: 66px\">\n<h6>Bernhard Riffel, Musikdirektor FDB<\/h6>\n<\/td>\n<\/tr>\n<tr style=\"height: 66px\">\n<td style=\"height: 66px\" colspan=\"2\">\n<h6>1987 bis 2000<\/h6>\n<\/td>\n<td style=\"height: 66px\">\n<h6>Peter Kimling, Musikdirektor FDB<\/h6>\n<\/td>\n<\/tr>\n<tr style=\"height: 66px\">\n<td style=\"height: 66px\" colspan=\"2\">\n<h6>1949 bis 1987<\/h6>\n<\/td>\n<td style=\"height: 66px\">\n<h6>Prof. Erich Werner<\/h6>\n<\/td>\n<\/tr>\n<tr style=\"height: 66px\">\n<td style=\"height: 66px\" colspan=\"2\">\n<h6>1942 bis 1949<\/h6>\n<\/td>\n<td style=\"height: 66px\">\n<h6>Adolf Behle, Chormeister<\/h6>\n<\/td>\n<\/tr>\n<tr style=\"height: 66px\">\n<td style=\"height: 66px\" colspan=\"2\">\n<h6>1931 bis 1942<\/h6>\n<\/td>\n<td style=\"height: 66px\">\n<h6>Franz\u00a0M\u00fcller, Chormeister<\/h6>\n<\/td>\n<\/tr>\n<tr style=\"height: 66px\">\n<td style=\"height: 66px\" colspan=\"2\">\n<h6>1919 bis 1931<\/h6>\n<\/td>\n<td style=\"height: 66px\">\n<h6>Fuchs, Hauptlehrer<\/h6>\n<\/td>\n<\/tr>\n<tr style=\"height: 66px\">\n<td style=\"height: 66px\" colspan=\"2\">\n<h6>1917 bis 1919<\/h6>\n<\/td>\n<td style=\"height: 66px\">\n<h6>Tr\u00e4nkle, Operns\u00e4nger<\/h6>\n<\/td>\n<\/tr>\n<tr style=\"height: 66px\">\n<td style=\"height: 66px\" colspan=\"2\">\n<h6>1914 bis 1917<\/h6>\n<\/td>\n<td style=\"height: 66px\">\n<h6>Maier, Hauptlehrer<\/h6>\n<\/td>\n<\/tr>\n<tr style=\"height: 66px\">\n<td style=\"height: 66px\" colspan=\"2\">\n<h6>1910 bis 1914<\/h6>\n<\/td>\n<td style=\"height: 66px\">\n<h6>Behle sen., Chormeister<\/h6>\n<\/td>\n<\/tr>\n<tr style=\"height: 66px\">\n<td style=\"height: 66px\" colspan=\"2\">\n<h6>1908 bis 1910<\/h6>\n<\/td>\n<td style=\"height: 66px\">\n<h6>F\u00fcller, Chormeister<\/h6>\n<\/td>\n<\/tr>\n<tr style=\"height: 66px\">\n<td style=\"height: 66px\" colspan=\"2\">\n<h6>1906 bis 1908<\/h6>\n<\/td>\n<td style=\"height: 66px\">\n<h6>Tisch, Chormeister<\/h6>\n<\/td>\n<\/tr>\n<tr style=\"height: 66px\">\n<td style=\"height: 66px\" colspan=\"2\">\n<h6>1903 bis 1906<\/h6>\n<\/td>\n<td style=\"height: 66px\">\n<h6>\u00a0Guggenb\u00fchler, Chormeister<\/h6>\n<\/td>\n<\/tr>\n<tr style=\"height: 66px\">\n<td style=\"height: 66px\" colspan=\"2\">\n<h6>1899 bis 1903<\/h6>\n<\/td>\n<td style=\"height: 66px\">\n<h6>\u00a0Nagel, Hauptlehrer<\/h6>\n<\/td>\n<\/tr>\n<\/tbody>\n<\/table>\t\t\t\t\t\t\t\t<\/div>\n\t\t\t\t<\/div>\n\t\t\t\t\t<\/div>\n\t\t<\/div>\n\t\t\t\t\t<\/div>\n\t\t<\/section>\n\t\t\t\t<\/div>\n\t\t","protected":false},"excerpt":{"rendered":"<p>In der langen Vereinsgeschichte waren bisher insgesamt 15 Chorleiter f\u00fcr t\u00e4tig. Die heutige hohe Qualit\u00e4t unseres M\u00e4nnerchors beruht vor allem auf dem langen Wirken von Prof. Erich Werner (38 Jahre) und Peter Kimling (13 Jahre). Vor allem Erich Werner leistete eine wichtige Aufbau-arbeit nach dem Krieg und Peter Kimling setzte mit seiner Pers\u00f6nlichkeit und moderner [&hellip;]<\/p>\n","protected":false},"author":3,"featured_media":0,"parent":358,"menu_order":20,"comment_status":"closed","ping_status":"closed","template":"","meta":{"footnotes":""},"class_list":["post-416","page","type-page","status-publish","hentry","post"],"_links":{"self":[{"href":"http:\/\/www.gv-liederkranz-oetigheim.de\/index.php?rest_route=\/wp\/v2\/pages\/416","targetHints":{"allow":["GET"]}}],"collection":[{"href":"http:\/\/www.gv-liederkranz-oetigheim.de\/index.php?rest_route=\/wp\/v2\/pages"}],"about":[{"href":"http:\/\/www.gv-liederkranz-oetigheim.de\/index.php?rest_route=\/wp\/v2\/types\/page"}],"author":[{"embeddable":true,"href":"http:\/\/www.gv-liederkranz-oetigheim.de\/index.php?rest_route=\/wp\/v2\/users\/3"}],"replies":[{"embeddable":true,"href":"http:\/\/www.gv-liederkranz-oetigheim.de\/index.php?rest_route=%2Fwp%2Fv2%2Fcomments&post=416"}],"version-history":[{"count":0,"href":"http:\/\/www.gv-liederkranz-oetigheim.de\/index.php?rest_route=\/wp\/v2\/pages\/416\/revisions"}],"up":[{"embeddable":true,"href":"http:\/\/www.gv-liederkranz-oetigheim.de\/index.php?rest_route=\/wp\/v2\/pages\/358"}],"wp:attachment":[{"href":"http:\/\/www.gv-liederkranz-oetigheim.de\/index.php?rest_route=%2Fwp%2Fv2%2Fmedia&parent=416"}],"curies":[{"name":"wp","href":"https:\/\/api.w.org\/{rel}","templated":true}]}}