{"id":414,"date":"2014-02-23T18:13:19","date_gmt":"2014-02-23T16:13:19","guid":{"rendered":"http:\/\/www.gv-liederkranz-oetigheim.de\/wp\/?page_id=414"},"modified":"2024-09-05T11:30:45","modified_gmt":"2024-09-05T09:30:45","slug":"100-jahre-liederkranz","status":"publish","type":"page","link":"http:\/\/www.gv-liederkranz-oetigheim.de\/?page_id=414","title":{"rendered":"100 Jahre Liederkranz"},"content":{"rendered":"\t\t<div data-elementor-type=\"wp-post\" data-elementor-id=\"414\" class=\"elementor elementor-414\">\n\t\t\t\t\t\t<section class=\"elementor-section elementor-top-section elementor-element elementor-element-6ebc5337 elementor-section-boxed elementor-section-height-default elementor-section-height-default\" data-id=\"6ebc5337\" data-element_type=\"section\">\n\t\t\t\t\t\t<div class=\"elementor-container elementor-column-gap-default\">\n\t\t\t\t\t<div class=\"elementor-column elementor-col-100 elementor-top-column elementor-element elementor-element-1aa4ef67\" data-id=\"1aa4ef67\" data-element_type=\"column\" data-settings=\"{&quot;background_background&quot;:&quot;classic&quot;}\">\n\t\t\t<div class=\"elementor-widget-wrap elementor-element-populated\">\n\t\t\t\t\t<div class=\"elementor-background-overlay\"><\/div>\n\t\t\t\t\t\t<div class=\"elementor-element elementor-element-7a889b57 elementor-widget elementor-widget-text-editor\" data-id=\"7a889b57\" data-element_type=\"widget\" data-widget_type=\"text-editor.default\">\n\t\t\t\t<div class=\"elementor-widget-container\">\n\t\t\t\t\t\t\t\t\t<p style=\"font-family: Roboto, sans-serif;font-size: 21px;font-style: normal;font-weight: 400\"><span style=\"font-family: Arial;font-size: 21px;color: #000000\">Die ausf\u00fchrliche Chronik zum \u201eHundertj\u00e4hrigen\u201c zeigt eine F\u00fclle von H\u00f6hepunkten in der bewegten Liederkranz-Geschichte auf. Beeindruckend, was in diesem traditionsreichen Verein seit der Gr\u00fcndung 1899 geleistet wurde. \u00a0<\/span><\/p><p style=\"font-family: Roboto, sans-serif;font-size: 21px;font-style: normal;font-weight: 400\"><span style=\"font-family: Arial;font-size: 21px;color: #000000\"><a style=\"font-size: 21px\" href=\"http:\/\/www.gv-liederkranz-oetigheim.de\/wp-content\/uploads\/2019\/10\/chronik_gesamt.pdf\"><u>Hier<\/u>\u00a0<\/a>k\u00f6nnen Sie die Chronik herunterladen (pdf, 304 KB).<\/span><\/p><table width=\"100%\" cellpadding=\"3\"><tbody><tr><td style=\"width: 574px\"><h5><span style=\"font-family: Arial;font-size: 21px;color: #000000\">Falls Sie noch keinen Acrobat Reader besitzen k\u00f6nnen Sie diesen\u00a0<\/span><a style=\"font-style: normal;font-weight: 400;font-family: Arial;font-size: 21px\" href=\"http:\/\/www.adobe.de\/products\/acrobat\/readstep.html\"><u>hier<\/u>\u00a0<\/a><span style=\"color: #000000;font-family: Arial;font-size: 21px\">kostenlos downloaden.<\/span><\/h5><\/td><\/tr><\/tbody><\/table>\t\t\t\t\t\t\t\t<\/div>\n\t\t\t\t<\/div>\n\t\t\t\t\t<\/div>\n\t\t<\/div>\n\t\t\t\t\t<\/div>\n\t\t<\/section>\n\t\t\t\t<\/div>\n\t\t","protected":false},"excerpt":{"rendered":"<p>Die ausf\u00fchrliche Chronik zum \u201eHundertj\u00e4hrigen\u201c zeigt eine F\u00fclle von H\u00f6hepunkten in der bewegten Liederkranz-Geschichte auf. Beeindruckend, was in diesem traditionsreichen Verein seit der Gr\u00fcndung 1899 geleistet wurde. \u00a0 Hier\u00a0k\u00f6nnen Sie die Chronik herunterladen (pdf, 304 KB). Falls Sie noch keinen Acrobat Reader besitzen k\u00f6nnen Sie diesen\u00a0hier\u00a0kostenlos downloaden.<\/p>\n","protected":false},"author":3,"featured_media":0,"parent":393,"menu_order":10,"comment_status":"closed","ping_status":"closed","template":"","meta":{"footnotes":""},"class_list":["post-414","page","type-page","status-publish","hentry","post"],"_links":{"self":[{"href":"http:\/\/www.gv-liederkranz-oetigheim.de\/index.php?rest_route=\/wp\/v2\/pages\/414","targetHints":{"allow":["GET"]}}],"collection":[{"href":"http:\/\/www.gv-liederkranz-oetigheim.de\/index.php?rest_route=\/wp\/v2\/pages"}],"about":[{"href":"http:\/\/www.gv-liederkranz-oetigheim.de\/index.php?rest_route=\/wp\/v2\/types\/page"}],"author":[{"embeddable":true,"href":"http:\/\/www.gv-liederkranz-oetigheim.de\/index.php?rest_route=\/wp\/v2\/users\/3"}],"replies":[{"embeddable":true,"href":"http:\/\/www.gv-liederkranz-oetigheim.de\/index.php?rest_route=%2Fwp%2Fv2%2Fcomments&post=414"}],"version-history":[{"count":0,"href":"http:\/\/www.gv-liederkranz-oetigheim.de\/index.php?rest_route=\/wp\/v2\/pages\/414\/revisions"}],"up":[{"embeddable":true,"href":"http:\/\/www.gv-liederkranz-oetigheim.de\/index.php?rest_route=\/wp\/v2\/pages\/393"}],"wp:attachment":[{"href":"http:\/\/www.gv-liederkranz-oetigheim.de\/index.php?rest_route=%2Fwp%2Fv2%2Fmedia&parent=414"}],"curies":[{"name":"wp","href":"https:\/\/api.w.org\/{rel}","templated":true}]}}