{"id":409,"date":"2014-02-23T18:03:57","date_gmt":"2014-02-23T16:03:57","guid":{"rendered":"http:\/\/www.gv-liederkranz-oetigheim.de\/wp\/?page_id=409"},"modified":"2025-04-16T16:11:44","modified_gmt":"2025-04-16T14:11:44","slug":"mitglied-werden","status":"publish","type":"page","link":"http:\/\/www.gv-liederkranz-oetigheim.de\/?page_id=409","title":{"rendered":"Mitglied werden"},"content":{"rendered":"<p style=\"text-align: justify;\"><span style=\"font-family: Arial;\">Haben wir Ihr Interesse am Gesangverein Liederkranz \u00d6tigheim geweckt? M\u00f6chten Sie unsere kulturellen Aktivit\u00e4ten aktiv oder passiv unterst\u00fctzen? Dann werden Sie doch Mitglied bei uns!<br \/>\n<\/span><span style=\"font-family: Arial;\">Drucken Sie sich einfach nachfolgende Beitrittserkl\u00e4rung mit SEPA-Mandat aus und schicken diese ausgef\u00fcllt und unterschrieben an unseren Gesch\u00e4ftsstellenleiter.<\/span><\/p>\n<p><span style=\"font-family: Arial;\"><b>G\u00fcnter K\u00f6lmel,\u00a0 Nibelungenstr. 8, 76470 \u00d6tigheim<br \/>\n<\/b><\/span><\/p>\n<p><strong><a href=\"http:\/\/www.gv-liederkranz-oetigheim.de\/wp-content\/uploads\/2025\/04\/Beitrittserklaerung-Stand-15.04.2025.pdf\" target=\"_blank\" rel=\"noopener\">Beitrittserkl\u00e4rung (SEPA-Mandat)<\/a><\/strong><\/p>\n<p><a href=\"http:\/\/www.gv-liederkranz-oetigheim.de\/wp-content\/uploads\/2019\/05\/Satzung-2019.pdf\" target=\"_blank\" rel=\"noopener\"><b><b>Satzung des GV Liederkranz \u00d6tigheim e.V. 1899<\/b><\/b><\/a><br \/>\n<span style=\"font-family: Arial;\">Falls Sie noch keinen Acrobat Reader besitzen k\u00f6nnen Sie diesen <a href=\"http:\/\/www.adobe.de\/products\/acrobat\/readstep.html\">hier<\/a> kostenlos downloaden.<\/span><\/p>\n","protected":false},"excerpt":{"rendered":"<p>Haben wir Ihr Interesse am Gesangverein Liederkranz \u00d6tigheim geweckt? M\u00f6chten Sie unsere kulturellen Aktivit\u00e4ten aktiv oder passiv unterst\u00fctzen? Dann werden Sie doch Mitglied bei uns! Drucken Sie sich einfach nachfolgende Beitrittserkl\u00e4rung mit SEPA-Mandat aus und schicken diese ausgef\u00fcllt und unterschrieben an unseren Gesch\u00e4ftsstellenleiter. G\u00fcnter K\u00f6lmel,\u00a0 Nibelungenstr. 8, 76470 \u00d6tigheim Beitrittserkl\u00e4rung (SEPA-Mandat) Satzung des GV Liederkranz [&hellip;]<\/p>\n","protected":false},"author":3,"featured_media":0,"parent":403,"menu_order":10,"comment_status":"closed","ping_status":"closed","template":"","meta":{"footnotes":""},"class_list":["post-409","page","type-page","status-publish","hentry","post"],"_links":{"self":[{"href":"http:\/\/www.gv-liederkranz-oetigheim.de\/index.php?rest_route=\/wp\/v2\/pages\/409","targetHints":{"allow":["GET"]}}],"collection":[{"href":"http:\/\/www.gv-liederkranz-oetigheim.de\/index.php?rest_route=\/wp\/v2\/pages"}],"about":[{"href":"http:\/\/www.gv-liederkranz-oetigheim.de\/index.php?rest_route=\/wp\/v2\/types\/page"}],"author":[{"embeddable":true,"href":"http:\/\/www.gv-liederkranz-oetigheim.de\/index.php?rest_route=\/wp\/v2\/users\/3"}],"replies":[{"embeddable":true,"href":"http:\/\/www.gv-liederkranz-oetigheim.de\/index.php?rest_route=%2Fwp%2Fv2%2Fcomments&post=409"}],"version-history":[{"count":1,"href":"http:\/\/www.gv-liederkranz-oetigheim.de\/index.php?rest_route=\/wp\/v2\/pages\/409\/revisions"}],"predecessor-version":[{"id":3481,"href":"http:\/\/www.gv-liederkranz-oetigheim.de\/index.php?rest_route=\/wp\/v2\/pages\/409\/revisions\/3481"}],"up":[{"embeddable":true,"href":"http:\/\/www.gv-liederkranz-oetigheim.de\/index.php?rest_route=\/wp\/v2\/pages\/403"}],"wp:attachment":[{"href":"http:\/\/www.gv-liederkranz-oetigheim.de\/index.php?rest_route=%2Fwp%2Fv2%2Fmedia&parent=409"}],"curies":[{"name":"wp","href":"https:\/\/api.w.org\/{rel}","templated":true}]}}