{"id":393,"date":"2014-02-23T18:01:00","date_gmt":"2014-02-23T16:01:00","guid":{"rendered":"http:\/\/www.gv-liederkranz-oetigheim.de\/wp\/?page_id=393"},"modified":"2024-09-05T11:11:07","modified_gmt":"2024-09-05T09:11:07","slug":"chronik","status":"publish","type":"page","link":"http:\/\/www.gv-liederkranz-oetigheim.de\/?page_id=393","title":{"rendered":"Chronik"},"content":{"rendered":"\t\t<div data-elementor-type=\"wp-post\" data-elementor-id=\"393\" class=\"elementor elementor-393\">\n\t\t\t\t\t\t<section class=\"elementor-section elementor-top-section elementor-element elementor-element-50e914fb elementor-section-boxed elementor-section-height-default elementor-section-height-default\" data-id=\"50e914fb\" data-element_type=\"section\">\n\t\t\t\t\t\t<div class=\"elementor-container elementor-column-gap-default\">\n\t\t\t\t\t<div class=\"elementor-column elementor-col-100 elementor-top-column elementor-element elementor-element-278ba04f\" data-id=\"278ba04f\" data-element_type=\"column\">\n\t\t\t<div class=\"elementor-widget-wrap elementor-element-populated\">\n\t\t\t\t\t\t<div class=\"elementor-element elementor-element-1f296436 elementor-widget elementor-widget-text-editor\" data-id=\"1f296436\" data-element_type=\"widget\" data-widget_type=\"text-editor.default\">\n\t\t\t\t<div class=\"elementor-widget-container\">\n\t\t\t\t\t\t\t\t\t<div>You need to add a widget, row, or prebuilt layout before you'll see anything here. \ud83d\ude42<\/div>\t\t\t\t\t\t\t\t<\/div>\n\t\t\t\t<\/div>\n\t\t\t\t\t<\/div>\n\t\t<\/div>\n\t\t\t\t\t<\/div>\n\t\t<\/section>\n\t\t\t\t<section class=\"elementor-section elementor-top-section elementor-element elementor-element-fd95f91 elementor-section-boxed elementor-section-height-default elementor-section-height-default\" data-id=\"fd95f91\" data-element_type=\"section\">\n\t\t\t\t\t\t<div class=\"elementor-container elementor-column-gap-default\">\n\t\t\t\t\t<div class=\"elementor-column elementor-col-100 elementor-top-column elementor-element elementor-element-62879ad\" data-id=\"62879ad\" data-element_type=\"column\" data-settings=\"{&quot;background_background&quot;:&quot;classic&quot;}\">\n\t\t\t<div class=\"elementor-widget-wrap elementor-element-populated\">\n\t\t\t\t\t<div class=\"elementor-background-overlay\"><\/div>\n\t\t\t\t\t\t<div class=\"elementor-element elementor-element-f4d707d elementor-widget elementor-widget-text-editor\" data-id=\"f4d707d\" data-element_type=\"widget\" data-widget_type=\"text-editor.default\">\n\t\t\t\t<div class=\"elementor-widget-container\">\n\t\t\t\t\t\t\t\t\t<p><span style=\"font-family: Arial;color: #000000\">Die ausf\u00fchrliche Chronik zum \u201eHundertj\u00e4hrigen\u201c zeigt eine F\u00fclle von H\u00f6hepunkten in der bewegten Liederkranz-Geschichte auf. Beeindruckend, was in diesem traditionsreichen Verein seit der Gr\u00fcndung 1899 geleistet wurde. \u00a0 <\/span><\/p>\n<p><span style=\"font-family: Arial;color: #000000\"><a href=\"http:\/\/www.gv-liederkranz-oetigheim.de\/wp-content\/uploads\/2019\/10\/chronik_gesamt.pdf\"><u>Hier<\/u> <\/a>k\u00f6nnen Sie die Chronik herunterladen (pdf, 304 KB).<\/span><\/p>\n<p><span style=\"font-family: Arial;color: #000000\">\u00a0<\/span><\/p>\t\t\t\t\t\t\t\t<\/div>\n\t\t\t\t<\/div>\n\t\t\t\t\t<\/div>\n\t\t<\/div>\n\t\t\t\t\t<\/div>\n\t\t<\/section>\n\t\t\t\t<\/div>\n\t\t","protected":false},"excerpt":{"rendered":"<p>Die ausf\u00fchrliche Chronik zum \u201eHundertj\u00e4hrigen\u201c zeigt eine F\u00fclle von H\u00f6hepunkten in der bewegten Liederkranz-Geschichte auf. Beeindruckend, was in diesem traditionsreichen Verein seit der Gr\u00fcndung 1899 geleistet wurde. \u00a0 Hier k\u00f6nnen Sie die Chronik herunterladen (pdf, 304 KB). \u00a0<\/p>\n","protected":false},"author":3,"featured_media":0,"parent":0,"menu_order":40,"comment_status":"closed","ping_status":"closed","template":"","meta":{"footnotes":""},"class_list":["post-393","page","type-page","status-publish","hentry","post"],"_links":{"self":[{"href":"http:\/\/www.gv-liederkranz-oetigheim.de\/index.php?rest_route=\/wp\/v2\/pages\/393","targetHints":{"allow":["GET"]}}],"collection":[{"href":"http:\/\/www.gv-liederkranz-oetigheim.de\/index.php?rest_route=\/wp\/v2\/pages"}],"about":[{"href":"http:\/\/www.gv-liederkranz-oetigheim.de\/index.php?rest_route=\/wp\/v2\/types\/page"}],"author":[{"embeddable":true,"href":"http:\/\/www.gv-liederkranz-oetigheim.de\/index.php?rest_route=\/wp\/v2\/users\/3"}],"replies":[{"embeddable":true,"href":"http:\/\/www.gv-liederkranz-oetigheim.de\/index.php?rest_route=%2Fwp%2Fv2%2Fcomments&post=393"}],"version-history":[{"count":0,"href":"http:\/\/www.gv-liederkranz-oetigheim.de\/index.php?rest_route=\/wp\/v2\/pages\/393\/revisions"}],"wp:attachment":[{"href":"http:\/\/www.gv-liederkranz-oetigheim.de\/index.php?rest_route=%2Fwp%2Fv2%2Fmedia&parent=393"}],"curies":[{"name":"wp","href":"https:\/\/api.w.org\/{rel}","templated":true}]}}