{"id":360,"date":"2014-02-23T17:06:06","date_gmt":"2014-02-23T15:06:06","guid":{"rendered":"http:\/\/www.gv-liederkranz-oetigheim.de\/wp\/?page_id=360"},"modified":"2024-10-01T20:31:36","modified_gmt":"2024-10-01T18:31:36","slug":"good-vibrations","status":"publish","type":"page","link":"http:\/\/www.gv-liederkranz-oetigheim.de\/?page_id=360","title":{"rendered":"Good Vibrations"},"content":{"rendered":"\t\t<div data-elementor-type=\"wp-post\" data-elementor-id=\"360\" class=\"elementor elementor-360\">\n\t\t\t\t\t\t<section class=\"elementor-section elementor-top-section elementor-element elementor-element-64305bdc elementor-section-boxed elementor-section-height-default elementor-section-height-default\" data-id=\"64305bdc\" data-element_type=\"section\">\n\t\t\t\t\t\t<div class=\"elementor-container elementor-column-gap-default\">\n\t\t\t\t\t<div class=\"elementor-column elementor-col-100 elementor-top-column elementor-element elementor-element-1817181d\" data-id=\"1817181d\" data-element_type=\"column\">\n\t\t\t<div class=\"elementor-widget-wrap elementor-element-populated\">\n\t\t\t\t\t\t<section class=\"elementor-section elementor-inner-section elementor-element elementor-element-fade4af elementor-section-boxed elementor-section-height-default elementor-section-height-default\" data-id=\"fade4af\" data-element_type=\"section\">\n\t\t\t\t\t\t<div class=\"elementor-container elementor-column-gap-default\">\n\t\t\t\t\t<div class=\"elementor-column elementor-col-50 elementor-inner-column elementor-element elementor-element-654e44ee\" data-id=\"654e44ee\" data-element_type=\"column\" data-settings=\"{&quot;background_background&quot;:&quot;classic&quot;}\">\n\t\t\t<div class=\"elementor-widget-wrap elementor-element-populated\">\n\t\t\t\t\t<div class=\"elementor-background-overlay\"><\/div>\n\t\t\t\t\t\t<div class=\"elementor-element elementor-element-5127259c elementor-widget elementor-widget-text-editor\" data-id=\"5127259c\" data-element_type=\"widget\" data-widget_type=\"text-editor.default\">\n\t\t\t\t<div class=\"elementor-widget-container\">\n\t\t\t\t\t\t\t\t\t<h6>Unsere Chorformation entstand 2007 aus Spa\u00df am Singen und der Begeisterung f\u00fcr moderne Chormusik.<\/h6><h6>Wir sind unterschiedliche Charaktere im Alter von 30 bis ca. 60 Jahren die eines gemeinsam haben: <strong>\u201eFeel the Good Vibrations!\u201c <\/strong><\/h6><h6>Mit unserer Dirigentin Ulianah Nesterova singen wir Deutschen und Englischen Pop sowie bekannte Musicalsongs. Nat\u00fcrlich geh\u00f6ren auch Gospels und Traditionals dazu.<\/h6><h6>Wir zeigen gerne wie facettenreich Chormusik sein kann. Unsere Konzertbesucher sind begeistert, wenn Good Vibrations auf der B\u00fchne singt!<\/h6><h6>Der gemeinsame Spa\u00df neben der w\u00f6chentlichen Probe kommt bei uns auch nicht zu kurz. Verschiedene Aktionen und Events \u00fcber das Jahr verteilt st\u00e4rken unsere Gemeinschaft.<br \/>Wir proben jeden <strong>Donnerstag von 20.15 Uhr bis 21.45 Uhr<\/strong> in der Alten Schule Raum 3\/4 direkt rechts neben der Kirche<br \/>Hast Du ebenfalls Spa\u00df am Singen? Dann komm zur n\u00e4chsten Probe vorbei. Urteile selbst, ob wir Dein neuer Chor werden. Wir freuen uns darauf!<\/h6>\t\t\t\t\t\t\t\t<\/div>\n\t\t\t\t<\/div>\n\t\t\t\t<div class=\"elementor-element elementor-element-22a9417 elementor-widget elementor-widget-button\" data-id=\"22a9417\" data-element_type=\"widget\" data-widget_type=\"button.default\">\n\t\t\t\t<div class=\"elementor-widget-container\">\n\t\t\t\t\t\t\t\t\t<div class=\"elementor-button-wrapper\">\n\t\t\t\t\t<a class=\"elementor-button elementor-button-link elementor-size-sm\" href=\"http:\/\/www.gv-liederkranz-oetigheim.de\/?page_id=2767\">\n\t\t\t\t\t\t<span class=\"elementor-button-content-wrapper\">\n\t\t\t\t\t\t<span class=\"elementor-button-icon\">\n\t\t\t\t<i aria-hidden=\"true\" class=\"far fa-comment\"><\/i>\t\t\t<\/span>\n\t\t\t\t\t\t\t\t\t<span class=\"elementor-button-text\">unsere Chorleiterin<\/span>\n\t\t\t\t\t<\/span>\n\t\t\t\t\t<\/a>\n\t\t\t\t<\/div>\n\t\t\t\t\t\t\t\t<\/div>\n\t\t\t\t<\/div>\n\t\t\t\t\t<\/div>\n\t\t<\/div>\n\t\t\t\t<div class=\"elementor-column elementor-col-50 elementor-inner-column elementor-element elementor-element-602b5e7a\" data-id=\"602b5e7a\" data-element_type=\"column\" data-settings=\"{&quot;background_background&quot;:&quot;classic&quot;}\">\n\t\t\t<div class=\"elementor-widget-wrap elementor-element-populated\">\n\t\t\t\t\t<div class=\"elementor-background-overlay\"><\/div>\n\t\t\t\t\t\t\t<\/div>\n\t\t<\/div>\n\t\t\t\t\t<\/div>\n\t\t<\/section>\n\t\t\t\t\t<\/div>\n\t\t<\/div>\n\t\t\t\t\t<\/div>\n\t\t<\/section>\n\t\t\t\t<\/div>\n\t\t","protected":false},"excerpt":{"rendered":"<p>Unsere Chorformation entstand 2007 aus Spa\u00df am Singen und der Begeisterung f\u00fcr moderne Chormusik. Wir sind unterschiedliche Charaktere im Alter von 30 bis ca. 60 Jahren die eines gemeinsam haben: \u201eFeel the Good Vibrations!\u201c Mit unserer Dirigentin Ulianah Nesterova singen wir Deutschen und Englischen Pop sowie bekannte Musicalsongs. Nat\u00fcrlich geh\u00f6ren auch Gospels und Traditionals dazu. [&hellip;]<\/p>\n","protected":false},"author":3,"featured_media":0,"parent":356,"menu_order":20,"comment_status":"closed","ping_status":"closed","template":"","meta":{"footnotes":""},"class_list":["post-360","page","type-page","status-publish","hentry","post"],"_links":{"self":[{"href":"http:\/\/www.gv-liederkranz-oetigheim.de\/index.php?rest_route=\/wp\/v2\/pages\/360","targetHints":{"allow":["GET"]}}],"collection":[{"href":"http:\/\/www.gv-liederkranz-oetigheim.de\/index.php?rest_route=\/wp\/v2\/pages"}],"about":[{"href":"http:\/\/www.gv-liederkranz-oetigheim.de\/index.php?rest_route=\/wp\/v2\/types\/page"}],"author":[{"embeddable":true,"href":"http:\/\/www.gv-liederkranz-oetigheim.de\/index.php?rest_route=\/wp\/v2\/users\/3"}],"replies":[{"embeddable":true,"href":"http:\/\/www.gv-liederkranz-oetigheim.de\/index.php?rest_route=%2Fwp%2Fv2%2Fcomments&post=360"}],"version-history":[{"count":0,"href":"http:\/\/www.gv-liederkranz-oetigheim.de\/index.php?rest_route=\/wp\/v2\/pages\/360\/revisions"}],"up":[{"embeddable":true,"href":"http:\/\/www.gv-liederkranz-oetigheim.de\/index.php?rest_route=\/wp\/v2\/pages\/356"}],"wp:attachment":[{"href":"http:\/\/www.gv-liederkranz-oetigheim.de\/index.php?rest_route=%2Fwp%2Fv2%2Fmedia&parent=360"}],"curies":[{"name":"wp","href":"https:\/\/api.w.org\/{rel}","templated":true}]}}