{"id":358,"date":"2014-02-23T17:05:31","date_gmt":"2014-02-23T15:05:31","guid":{"rendered":"http:\/\/www.gv-liederkranz-oetigheim.de\/wp\/?page_id=358"},"modified":"2024-10-01T20:28:41","modified_gmt":"2024-10-01T18:28:41","slug":"maennerchor","status":"publish","type":"page","link":"http:\/\/www.gv-liederkranz-oetigheim.de\/?page_id=358","title":{"rendered":"M\u00e4nnerchor"},"content":{"rendered":"\t\t<div data-elementor-type=\"wp-post\" data-elementor-id=\"358\" class=\"elementor elementor-358\">\n\t\t\t\t\t\t<section class=\"elementor-section elementor-top-section elementor-element elementor-element-65ed61c8 elementor-section-boxed elementor-section-height-default elementor-section-height-default\" data-id=\"65ed61c8\" data-element_type=\"section\">\n\t\t\t\t\t\t<div class=\"elementor-container elementor-column-gap-default\">\n\t\t\t\t\t<div class=\"elementor-column elementor-col-100 elementor-top-column elementor-element elementor-element-2a16da52\" data-id=\"2a16da52\" data-element_type=\"column\">\n\t\t\t<div class=\"elementor-widget-wrap elementor-element-populated\">\n\t\t\t\t\t\t<section class=\"elementor-section elementor-inner-section elementor-element elementor-element-1d5eab91 elementor-section-boxed elementor-section-height-default elementor-section-height-default\" data-id=\"1d5eab91\" data-element_type=\"section\">\n\t\t\t\t\t\t<div class=\"elementor-container elementor-column-gap-default\">\n\t\t\t\t\t<div class=\"elementor-column elementor-col-50 elementor-inner-column elementor-element elementor-element-42131932\" data-id=\"42131932\" data-element_type=\"column\" data-settings=\"{&quot;background_background&quot;:&quot;classic&quot;}\">\n\t\t\t<div class=\"elementor-widget-wrap elementor-element-populated\">\n\t\t\t\t\t<div class=\"elementor-background-overlay\"><\/div>\n\t\t\t\t\t\t<div class=\"elementor-element elementor-element-3e2b2d0a elementor-widget elementor-widget-text-editor\" data-id=\"3e2b2d0a\" data-element_type=\"widget\" data-widget_type=\"text-editor.default\">\n\t\t\t\t<div class=\"elementor-widget-container\">\n\t\t\t\t\t\t\t\t\t<h6 style=\"text-align: left\"><span style=\"color: #000000\">Der M\u00e4nnerchor, der ein umfangreiches Repertoire an klassischen Ch\u00f6ren, Volksliedern, Gospels, Spirituals und sakralen Ch\u00f6ren beherrscht, wird seit Januar 2015 von Matthias Hammerschmitt, Dozent an der Hochschule f\u00fcr Musik in Karlsruhe geleitet.<\/span><\/h6><h6 style=\"text-align: left\"><span style=\"color: #000000\">Neben \u00f6ffentlichen Auftritten bei Konzerten, Konzertreisen und Jubil\u00e4umsveranstaltungen, nehmen wir auch an Wertungssingen teil.<\/span><\/h6><h6 style=\"text-align: left\"><span style=\"color: #000000\">Auch der gesellschaftliche Aspekt kommt bei uns nicht zu kurz: So sind bei Ausfl\u00fcgen, Wanderungen, Fahrradtouren und Reisen auch unsere Partner mit eingebunden.<\/span><\/h6>\t\t\t\t\t\t\t\t<\/div>\n\t\t\t\t<\/div>\n\t\t\t\t\t<\/div>\n\t\t<\/div>\n\t\t\t\t<div class=\"elementor-column elementor-col-50 elementor-inner-column elementor-element elementor-element-661bd8f7\" data-id=\"661bd8f7\" data-element_type=\"column\" data-settings=\"{&quot;background_background&quot;:&quot;classic&quot;}\">\n\t\t\t<div class=\"elementor-widget-wrap elementor-element-populated\">\n\t\t\t\t\t<div class=\"elementor-background-overlay\"><\/div>\n\t\t\t\t\t\t<div class=\"elementor-element elementor-element-eeb72e4 elementor-widget elementor-widget-button\" data-id=\"eeb72e4\" data-element_type=\"widget\" data-widget_type=\"button.default\">\n\t\t\t\t<div class=\"elementor-widget-container\">\n\t\t\t\t\t\t\t\t\t<div class=\"elementor-button-wrapper\">\n\t\t\t\t\t<a class=\"elementor-button elementor-button-link elementor-size-sm\" href=\"https:\/\/www.gv-liederkranz-oetigheim.de\/?page_id=416\">\n\t\t\t\t\t\t<span class=\"elementor-button-content-wrapper\">\n\t\t\t\t\t\t<span class=\"elementor-button-icon\">\n\t\t\t\t<i aria-hidden=\"true\" class=\"far fa-comment\"><\/i>\t\t\t<\/span>\n\t\t\t\t\t\t\t\t\t<span class=\"elementor-button-text\">unser Chorleiter<\/span>\n\t\t\t\t\t<\/span>\n\t\t\t\t\t<\/a>\n\t\t\t\t<\/div>\n\t\t\t\t\t\t\t\t<\/div>\n\t\t\t\t<\/div>\n\t\t\t\t\t<\/div>\n\t\t<\/div>\n\t\t\t\t\t<\/div>\n\t\t<\/section>\n\t\t\t\t\t<\/div>\n\t\t<\/div>\n\t\t\t\t\t<\/div>\n\t\t<\/section>\n\t\t\t\t<\/div>\n\t\t","protected":false},"excerpt":{"rendered":"<p>Der M\u00e4nnerchor, der ein umfangreiches Repertoire an klassischen Ch\u00f6ren, Volksliedern, Gospels, Spirituals und sakralen Ch\u00f6ren beherrscht, wird seit Januar 2015 von Matthias Hammerschmitt, Dozent an der Hochschule f\u00fcr Musik in Karlsruhe geleitet. Neben \u00f6ffentlichen Auftritten bei Konzerten, Konzertreisen und Jubil\u00e4umsveranstaltungen, nehmen wir auch an Wertungssingen teil. Auch der gesellschaftliche Aspekt kommt bei uns nicht zu [&hellip;]<\/p>\n","protected":false},"author":3,"featured_media":0,"parent":356,"menu_order":0,"comment_status":"closed","ping_status":"closed","template":"","meta":{"footnotes":""},"class_list":["post-358","page","type-page","status-publish","hentry","post"],"_links":{"self":[{"href":"http:\/\/www.gv-liederkranz-oetigheim.de\/index.php?rest_route=\/wp\/v2\/pages\/358","targetHints":{"allow":["GET"]}}],"collection":[{"href":"http:\/\/www.gv-liederkranz-oetigheim.de\/index.php?rest_route=\/wp\/v2\/pages"}],"about":[{"href":"http:\/\/www.gv-liederkranz-oetigheim.de\/index.php?rest_route=\/wp\/v2\/types\/page"}],"author":[{"embeddable":true,"href":"http:\/\/www.gv-liederkranz-oetigheim.de\/index.php?rest_route=\/wp\/v2\/users\/3"}],"replies":[{"embeddable":true,"href":"http:\/\/www.gv-liederkranz-oetigheim.de\/index.php?rest_route=%2Fwp%2Fv2%2Fcomments&post=358"}],"version-history":[{"count":0,"href":"http:\/\/www.gv-liederkranz-oetigheim.de\/index.php?rest_route=\/wp\/v2\/pages\/358\/revisions"}],"up":[{"embeddable":true,"href":"http:\/\/www.gv-liederkranz-oetigheim.de\/index.php?rest_route=\/wp\/v2\/pages\/356"}],"wp:attachment":[{"href":"http:\/\/www.gv-liederkranz-oetigheim.de\/index.php?rest_route=%2Fwp%2Fv2%2Fmedia&parent=358"}],"curies":[{"name":"wp","href":"https:\/\/api.w.org\/{rel}","templated":true}]}}