{"id":2879,"date":"2020-01-03T12:27:52","date_gmt":"2020-01-03T10:27:52","guid":{"rendered":"http:\/\/www.gv-liederkranz-oetigheim.de\/?page_id=2879"},"modified":"2020-01-31T13:49:56","modified_gmt":"2020-01-31T11:49:56","slug":"musical-melodien-zum-120jaehrigen-vereinsjubilaeum","status":"publish","type":"page","link":"http:\/\/www.gv-liederkranz-oetigheim.de\/?page_id=2879","title":{"rendered":"Musical-Melodien zum 120j\u00e4hrigen Vereinsjubil\u00e4um"},"content":{"rendered":"<p>Relativ zeitnah nach dem am 09.11. abgebrochenen Konzert durfte der GV Liederkranz nun doch noch seine vielen Konzertbesucher mit Musicals verw\u00f6hnen.\u00a0 Kurt Rastetter begr\u00fc\u00dfte am Anfang des Konzerts unsere Ehreng\u00e4ste und betonte nochmals wie dramatisch es vor 3 Wochen war, bevor sich das Publikum von dem \u00fcber 2st\u00fcndigen Konzertprogramm mitrei\u00dfen lie\u00df.<\/p>\n<p>Den Anfang machte der M\u00e4nnerchor unter der Leitung von Matthias Hammerschmitt. \u201eHundertundwanzig Jahre sind wir schon alt\u201c, so singend zog der M\u00e4nnerchor in der Halle ein. Mit dem von Theo Wild arrangiertes Lied aus dem Musical \u201eCabaret\u201c startete der Part des M\u00e4nnerchors. Anschlie\u00dfend versuchte Theo Wild als Solist, den auf der B\u00fchne stehenden M\u00e4nnern die Aussprache zu verbessern, was er auch tats\u00e4chlich schaffte. \u201eEs gr\u00fcnt so gr\u00fcn, wenn Spaniens Bl\u00fcten bl\u00fchn\u201c kam danach einwandfrei aus den Kehlen des gutaufgelegten M\u00e4nnerchores. Bevor zum Schluss des M\u00e4nnerchorparts der Chor mit dem Lied \u201eSchlag nach bei Shakespeare\u201c Ratschl\u00e4ge erteilte, wie man bei den Frauen ankommt, brachten die M\u00e4nner von M. Hammerschmitt \u201eMit \u2018nem kleinen St\u00fcckchen Gl\u00fcck\u201c ein weiteres Lied aus dem Musical \u201eMy fair Lady\u201c zu Geh\u00f6r.<img fetchpriority=\"high\" decoding=\"async\" class=\"alignleft\" src=\"http:\/\/www.gv-liederkranz-oetigheim.de\/wp-content\/uploads\/2019\/12\/20191203-507x1024.jpg\" alt=\"\" width=\"507\" height=\"1024\" \/><\/p>\n<p>W\u00e4hrend die M\u00e4nner auf der B\u00fchne ausharrten, intonierte unsere Solistin Barbara Mauch, durch zahlreiche famili\u00e4re Bande eigentlich selbst eine \u201eLiederkr\u00e4nzlerin\u201c, ganz zart den weltbekannten Song \u201eSomewhere over the Rainbow\u201c, ein Riesenapplaus war ihr sicher.<\/p>\n<p>Ulrike We\u00dfbecher moderierte diesen Abend galant wie immer, souver\u00e4n und gekonnt f\u00fchrte sie durchs Programm und k\u00fcndigte danach die Chorformation \u201eGood Vibrations\u201c an, die an diesem Abend Songs mitbrachte aus den Musicals \u201ePhantom der Oper\u201c, \u201eChicago\u201c, \u201eLes Miserables\u201c und aus Freddie Mercurys \u201eQueen\u201c. Mit \u201eThink of me\u201c \u2013 \u201eDenk an mich\u201c sang Good Vibrations zu Beginn dieses Parts eigentlich das Abschiedslied f\u00fcr seine Dirigentin Mercedes Guerrero Arciniegas, die nach dem Konzert von Hans-Georg Wittmann im Namen des Pr\u00e4sidiums verabschiedet wurde, da sie sich beruflich Richtung Schwaben orientiert. Chor und Pr\u00e4sidium w\u00fcnschen ihr viel Erfolg in B\u00f6blingen.<br \/>\nDanach wurde es jazzig \u2013 \u201eAnd all that Jazz\u201c war angesagt, bevor es wieder mit \u201eI dreamed a dream\u201c aus \u201eLes Miserables\u201c tr\u00e4umerisch weiterging. Good Vibrations erz\u00e4hlte in diesem Song von jemand, der einen Traum in vergangenen Tagen tr\u00e4umte, als die Hoffnung gro\u00df und das Leben lebenswert war, dass die Liebe niemals sterben w\u00fcrde und Gott vergeben w\u00fcrde; Les Miserables, ein franz\u00f6sisches Erfolgsmusical basierend auf dem Roman \u201eDie Elenden\u201c von Victor Hugo. \u00a0Mit \u201eWe will rock you\u201c, sinngem\u00e4\u00df \u00fcbersetzt mit \u201eWir werden es Euch zeigen\u201c, entlie\u00df Good Vibrations das begeisterte Publikum in die Pause.<\/p>\n<p>Instrumental mit dem Hit \u201eThere\u2019s no business like show business\u201c stimmte unsere Band das Publikum auf die zweite H\u00e4lfte des Abends ein. Daniel Kessler am Schlagzeug, Stefan Kessler am E-Piano, Sebastian Minet an der Gitarre, Klaus Oberle am Saxophon, Florian Rastetter am E-Bass und Adolf Riedel am Keyboard hatten sichtlich Spa\u00df, bei diesem Konzert dabei zu sein. Sie begleiteten nun nach der Pause den Part der dritten und gr\u00f6\u00dften Chorformation des GV Liederkranz, des Seniorenchors unter der Leitung von Theo Wild, der an diesem Abend verantwortlich zeichnete und die Gesamtleitung f\u00fcr das gesamte Konzert innehatte. Mit bekannten Melodien wie \u201eHelly Dolly\u201c und \u201eEdelwei\u00df\u201c stimmte sich der Chor ein auf das ergreifende \u201eWein\u2018 nicht um mich Argentinien\u201c aus \u201eEvita\u201c, bei dem bekannten Solopart kam nat\u00fcrlich wieder Barbara Mauch solistisch zum Einsatz.<br \/>\nAuch der Seniorenchor hatte ein Lied aus dem Musical \u201eMy fair Lady\u201c in petto und sang von Elizas verliebtem Verehrer \u201eIn der Stra\u00dfe wohnst Du\u201c. Barbara Mauch und der Seniorenchor beendeten den Seniorenchor-Part und fragten sich gemeinsam \u201eKann es Liebe sein\u201c, dem wundersch\u00f6nen Liebeslied aus \u201eK\u00f6nig der L\u00f6wen\u201c.<br \/>\nZahlenm\u00e4\u00dfig gro\u00dfe Auftritte k\u00fcndigten den nahen Schluss des Konzerts an. Zusammen mit dem M\u00e4nnerchor, der nun zus\u00e4tzlich noch auf die B\u00fchne kam, stimmten nun alle das von Theo Wild arrangierte Udo J\u00fcrgens\u2018-Lied an \u201eIch war noch niemals in New York\u201c. Eingebettet in diesen Welthit des \u00f6sterreichischen Stars erklangt nach einem mystischen \u00dcbergang das \u201eNew York, New York\u201c der Chorformation \u201eGood Vibrations, die nun ebenfalls auf der B\u00fchne pr\u00e4sent war, bevor es gesanglich wieder zur\u00fcck ging in das verstaubte Alltagsgeschehen aus \u201eIch war noch niemals in New York\u201c als in der Geschichte die Frau ihren Mann fragt, \u201eWo warst Du denn? War etwas? Das Musical von New York bis \u00d6tigheim\u201c geht gleich los!\u201c.<\/p>\n<p><img decoding=\"async\" class=\"alignleft\" src=\"http:\/\/www.gv-liederkranz-oetigheim.de\/wp-content\/uploads\/2019\/12\/20191203-2-1024x683.jpg\" alt=\"\" width=\"720\" height=\"480\" \/><\/p>\n<p>Begeisterter Applaus brandete auf, als das Lied verklang mit \u201e\u2026 einmal verr\u00fcckt sein und aus allen Zw\u00e4ngen flieh\u2019n\u201c. Und \u201eAquarius\/Let the sunshine in\u201c aus dem Musical \u201eHair\u201c riss die letzten Konzertbesucher aus den Sitzen. Erst nach der zweiten Zugabe entlie\u00df das tolle Publikum die S\u00e4ngerinnen und S\u00e4nger von der B\u00fchne.<br \/>\nHerzlichen Dank allen, die dieses Konzert auf, hinter und neben und besonders vor der B\u00fchne erm\u00f6glicht haben, herzlichen Dank unseren Sponsoren und nat\u00fcrlich unseren tatkr\u00e4ftigen Helferinnen und Helfern beim Auf- und Abbau und bei der Bewirtung vor, w\u00e4hrend und nach dem Konzert. Herzlichen Dank den Technikern von der Fa. Starlight. Es war wieder ein toller Zusammenhalt und ein rundum gelungenes Event.<br \/>\nWer dabei war und Lust versp\u00fcrt, bei dieser Truppe mitzumachen \u2013 egal bei welcher Chorformation \u2013 ist herzlich willkommen. Bitte schauen sie ins Internet oder wenden Sie sich an unsere Aktiven.<\/p>\n<p><strong>Gedenkgottesdienst f\u00fcr unsere verstorbenen Mitglieder<br \/>\n<\/strong>Der M\u00e4nnerchor gestaltet am Samstag, 07. Dezember um 18:00 Uhr die Hl. Messe in der Pfarrkirche St. Michael \u00d6tigheim zu Ehren unserer verstorbenen Mitglieder. Gedacht wird allen Verstorbenen in der 120j\u00e4hrigen Geschichte des GV Liederkranz, besonders aber jenen, die im letzten Jahr von uns gegangen sind. Wir werden unseren Mitgliedern Winfried Fiedler, Gerda Karius, Eduard K\u00fchn, Karl K\u00fchn, Siegfried K\u00fchn, Werner Kuhn, Kurt Zahn, Karlheinz Speck, Angela und G\u00fcnter Wild ein ehrendes Andenken bewahren.<\/p>\n<p><strong>M\u00e4nnerchor<br \/>\n<\/strong>Liebe S\u00e4nger, die n\u00e4chste Aufgabe wartet auf uns, gilt es doch am Samstag, 07. Dezember zu Ehren unserer verstorbenen Mitglieder den Gottesdienst mitzugestalten.<br \/>\nAm Samstag treffen wir uns um zum Einsingen um 17:30 Uhr, Location wird noch bekannt gegeben. Entweder direkt in der Kirche oder in der \u201eAlten Schule\u201c<br \/>\nN\u00e4chsten Dienstag, am 10. Dezember proben wir nochmals, um das Ehrungsmatinee am Sonntag, 15. Dezember in der \u201eAlten Schule\u201c, Raum 5\/6 gesanglich vorzubereiten. Danach beginnt die wohlverdiente Weihnachtspause.<\/p>\n<p><strong>Good Vibrations<br \/>\n<\/strong>F\u00fcr \u201eGood Vibrations\u201c geht die Probearbeit mit unserer neuen Dirigentin Ulianah Nesterova weiter. Heute, am Donnerstag, 05. Dezember beginnen unsere Frauen bereits um 20:00 Uhr in der \u201eAlten Schule\u201c und werden um 21:00 Uhr von den M\u00e4nnern abgel\u00f6st. N\u00e4chsten Donnerstag, 12. Dezember werden wir zusammen um 20:15 Uhr proben.<\/p>\n<p><strong>Seniorenchor<br \/>\n<\/strong>F\u00fcr die S\u00e4ngerinnen und S\u00e4nger des Seniorenchors hat die chorprobenfreie vorweihnachtliche Zeit begonnen. Geprobt wird erst wieder am Donnerstag, 09. Januar 2020. Am Mittwoch, 11. Dezember findet jedoch noch die allj\u00e4hrliche Adventsfeier der Liederkranz-Senioren in der \u201eKrone\u201c statt.<\/p>\n<p><strong>Adventsfeier der Liederkranz-Senioren<br \/>\n<\/strong>Am Mittwoch, 11. Dezember sind die Senioren des GV Liederkranz und unsere Freunde zur traditionellen Adventsfeier in das Restaurant Krone eingeladen. Zur Unterhaltung haben wir ein Programm zusammengestellt, dabei werden wir einen Film \u00fcber das Klosterleben zeigen. Die Veranstaltung beginnt um 14:30 Uhr. Bitte kommt zahlreich zu diesem besinnlichen Jahresabschluss.<\/p>\n","protected":false},"excerpt":{"rendered":"<p>Relativ zeitnah nach dem am 09.11. abgebrochenen Konzert durfte der GV Liederkranz nun doch noch seine vielen Konzertbesucher mit Musicals verw\u00f6hnen.\u00a0 Kurt Rastetter begr\u00fc\u00dfte am Anfang des Konzerts unsere Ehreng\u00e4ste und betonte nochmals wie dramatisch es vor 3 Wochen war, bevor sich das Publikum von dem \u00fcber 2st\u00fcndigen Konzertprogramm mitrei\u00dfen lie\u00df. Den Anfang machte der [&hellip;]<\/p>\n","protected":false},"author":3,"featured_media":0,"parent":2920,"menu_order":14,"comment_status":"closed","ping_status":"closed","template":"","meta":{"footnotes":""},"class_list":["post-2879","page","type-page","status-publish","hentry","post"],"_links":{"self":[{"href":"http:\/\/www.gv-liederkranz-oetigheim.de\/index.php?rest_route=\/wp\/v2\/pages\/2879","targetHints":{"allow":["GET"]}}],"collection":[{"href":"http:\/\/www.gv-liederkranz-oetigheim.de\/index.php?rest_route=\/wp\/v2\/pages"}],"about":[{"href":"http:\/\/www.gv-liederkranz-oetigheim.de\/index.php?rest_route=\/wp\/v2\/types\/page"}],"author":[{"embeddable":true,"href":"http:\/\/www.gv-liederkranz-oetigheim.de\/index.php?rest_route=\/wp\/v2\/users\/3"}],"replies":[{"embeddable":true,"href":"http:\/\/www.gv-liederkranz-oetigheim.de\/index.php?rest_route=%2Fwp%2Fv2%2Fcomments&post=2879"}],"version-history":[{"count":0,"href":"http:\/\/www.gv-liederkranz-oetigheim.de\/index.php?rest_route=\/wp\/v2\/pages\/2879\/revisions"}],"up":[{"embeddable":true,"href":"http:\/\/www.gv-liederkranz-oetigheim.de\/index.php?rest_route=\/wp\/v2\/pages\/2920"}],"wp:attachment":[{"href":"http:\/\/www.gv-liederkranz-oetigheim.de\/index.php?rest_route=%2Fwp%2Fv2%2Fmedia&parent=2879"}],"curies":[{"name":"wp","href":"https:\/\/api.w.org\/{rel}","templated":true}]}}