{"id":2767,"date":"2019-12-16T12:56:46","date_gmt":"2019-12-16T10:56:46","guid":{"rendered":"http:\/\/www.gv-liederkranz-oetigheim.de\/?page_id=2767"},"modified":"2020-01-10T20:15:15","modified_gmt":"2020-01-10T18:15:15","slug":"chorleiter-good-vibrations","status":"publish","type":"page","link":"http:\/\/www.gv-liederkranz-oetigheim.de\/?page_id=2767","title":{"rendered":"Chorleiter Good Vibrations"},"content":{"rendered":"\t\t<div data-elementor-type=\"wp-post\" data-elementor-id=\"2767\" class=\"elementor elementor-2767\">\n\t\t\t\t\t\t<section class=\"elementor-section elementor-top-section elementor-element elementor-element-93e9e elementor-section-boxed elementor-section-height-default elementor-section-height-default\" data-id=\"93e9e\" data-element_type=\"section\">\n\t\t\t\t\t\t<div class=\"elementor-container elementor-column-gap-default\">\n\t\t\t\t\t<div class=\"elementor-column elementor-col-100 elementor-top-column elementor-element elementor-element-d944265\" data-id=\"d944265\" data-element_type=\"column\" data-settings=\"{&quot;background_background&quot;:&quot;classic&quot;}\">\n\t\t\t<div class=\"elementor-widget-wrap elementor-element-populated\">\n\t\t\t\t\t<div class=\"elementor-background-overlay\"><\/div>\n\t\t\t\t\t\t<div class=\"elementor-element elementor-element-1f2e219c elementor-widget elementor-widget-text-editor\" data-id=\"1f2e219c\" data-element_type=\"widget\" data-widget_type=\"text-editor.default\">\n\t\t\t\t<div class=\"elementor-widget-container\">\n\t\t\t\t\t\t\t\t\t<h5><strong>Ulianah Nesterova<\/strong><\/h5><h6>Ich begann meine musikalische Ausbildung im Fach Gesang im Kollege beim Moskauer Konservatorium. An der Moskauer Chorkunstakademie setzte ich meine Ausbildung im Fach Gesang und Chorleitung fort. Der Abschluss im Fach Konzertgesang erfolgte am \u201eInstitut des Russischen Theaters\u201c in Moskau. Mit dem Studium an der Hochschule f\u00fcr Musik und Theater M\u00fcnchen im Fach Konzert- und Operngesang setzte ich meine Gesangsausbildung fort und nahm w\u00e4hrend des Studiums an verschiedenen Gesangswettbewerben teil.<\/h6><h6><img decoding=\"async\" class=\"alignleft size-full wp-image-2870\" src=\"http:\/\/www.gv-liederkranz-oetigheim.de\/wp-content\/uploads\/2020\/01\/ulianah-foto.jpg\" alt=\"\" width=\"189\" height=\"247\" \/><\/h6><h6>Von 1998 bis 2003 gewann ich den Grand Prix beim zweiten nationalen Kammermusik-Wettbewerb in Moskau, den \u201eSchubert-Preis\u201c und den Preis \u201eHoffnung\u201c beim internationalen Kammermusik-Wettbewerb \u201eBernstein-Nachtigall\u201c in K\u00f6nigsberg (Russland), ein Stipendium des Russischen Pr\u00e4sidenten und ein Stipendium des Deutschen Akademischen Austauschdienstes. Au\u00dferdem wurde ich Finalistin beim \u201ePaola-Solomon-Lindberg-Wettbewerb\u201c und \u201eSchloss-Rheinsberg-Wettbewerb\u201c in Berlin. Seit 1997 trete ich regelm\u00e4\u00dfig als Solistin mit f\u00fchrenden Moskauer Kammer- und Sinfonieorchestern auf. Au\u00dferdem hatte ich Auftritte im Bolschoj-Theater und bei den Bregenzer Festspielen. In Deutschland bin ich unter anderem mit dem Symphonieorchester Krefeld, dem Badischen Steichensemble, dem Kurpfalz Philharmonieorchester und mit dem Symphonieorchester \u201eCon fuoco\u201c aufgetreten.<\/h6><h6>Seit 2006 leite ich verschiedene Gesangsvereine im Raum Karlsruhe, Karlsbad, Rastatt und Baden-Baden mit dem Schwerpunkt Rock-, Pop-, Musical-, Kirchen-, und Volksmusik. 2008 gr\u00fcndete ich die Gesangsschule Rheinstetten, wo ich Laiens\u00e4nger in Stimmbildung unterrichte.<\/h6><h6>Seit November 2019 bin ich musikalische Leiterin des Chores \u201eGood Vibrations\u201c .<\/h6><h6>ulianah-nesterova.page4.com\/<\/h6>\t\t\t\t\t\t\t\t<\/div>\n\t\t\t\t<\/div>\n\t\t\t\t\t<\/div>\n\t\t<\/div>\n\t\t\t\t\t<\/div>\n\t\t<\/section>\n\t\t\t\t<\/div>\n\t\t","protected":false},"excerpt":{"rendered":"<p>Ulianah Nesterova Ich begann meine musikalische Ausbildung im Fach Gesang im Kollege beim Moskauer Konservatorium. An der Moskauer Chorkunstakademie setzte ich meine Ausbildung im Fach Gesang und Chorleitung fort. Der Abschluss im Fach Konzertgesang erfolgte am \u201eInstitut des Russischen Theaters\u201c in Moskau. Mit dem Studium an der Hochschule f\u00fcr Musik und Theater M\u00fcnchen im Fach [&hellip;]<\/p>\n","protected":false},"author":2,"featured_media":0,"parent":360,"menu_order":0,"comment_status":"closed","ping_status":"closed","template":"","meta":{"footnotes":""},"class_list":["post-2767","page","type-page","status-publish","hentry","post"],"_links":{"self":[{"href":"http:\/\/www.gv-liederkranz-oetigheim.de\/index.php?rest_route=\/wp\/v2\/pages\/2767","targetHints":{"allow":["GET"]}}],"collection":[{"href":"http:\/\/www.gv-liederkranz-oetigheim.de\/index.php?rest_route=\/wp\/v2\/pages"}],"about":[{"href":"http:\/\/www.gv-liederkranz-oetigheim.de\/index.php?rest_route=\/wp\/v2\/types\/page"}],"author":[{"embeddable":true,"href":"http:\/\/www.gv-liederkranz-oetigheim.de\/index.php?rest_route=\/wp\/v2\/users\/2"}],"replies":[{"embeddable":true,"href":"http:\/\/www.gv-liederkranz-oetigheim.de\/index.php?rest_route=%2Fwp%2Fv2%2Fcomments&post=2767"}],"version-history":[{"count":0,"href":"http:\/\/www.gv-liederkranz-oetigheim.de\/index.php?rest_route=\/wp\/v2\/pages\/2767\/revisions"}],"up":[{"embeddable":true,"href":"http:\/\/www.gv-liederkranz-oetigheim.de\/index.php?rest_route=\/wp\/v2\/pages\/360"}],"wp:attachment":[{"href":"http:\/\/www.gv-liederkranz-oetigheim.de\/index.php?rest_route=%2Fwp%2Fv2%2Fmedia&parent=2767"}],"curies":[{"name":"wp","href":"https:\/\/api.w.org\/{rel}","templated":true}]}}