{"id":2631,"date":"2019-10-29T12:30:24","date_gmt":"2019-10-29T10:30:24","guid":{"rendered":"http:\/\/www.gv-liederkranz-oetigheim.de\/?page_id=2631"},"modified":"2020-01-31T13:48:00","modified_gmt":"2020-01-31T11:48:00","slug":"konzert-des-gv-liederkranz-apollonia-rastatt-begeistert","status":"publish","type":"page","link":"http:\/\/www.gv-liederkranz-oetigheim.de\/?page_id=2631","title":{"rendered":"Konzert des GV Liederkranz Apollonia Rastatt begeistert"},"content":{"rendered":"<p>Der Liederkranz Apollonia Rastatt hatte zu seinem 175. Geburtstag eingeladen und die Badner Halle war voll. Neben dem Salonorchester Baden-Baden, das nicht nur die beiden Liederkranz-Chorformationen musikalisch begleitete, sondern auch mit gro\u00dfem K\u00f6nnen und humorvollen Darbietungen das Publikum begeisterte, war auch der M\u00e4nnerchor des GV Liederkranz \u00d6tigheim eingeladen, dieses Jubil\u00e4umskonzert zu bereichern.<\/p>\n<p><img fetchpriority=\"high\" decoding=\"async\" class=\"alignleft size-large wp-image-2629\" src=\"http:\/\/www.gv-liederkranz-oetigheim.de\/wp-content\/uploads\/2019\/10\/20191029-1024x564.jpg\" alt=\"\" width=\"720\" height=\"397\" srcset=\"http:\/\/www.gv-liederkranz-oetigheim.de\/wp-content\/uploads\/2019\/10\/20191029-1024x564.jpg 1024w, http:\/\/www.gv-liederkranz-oetigheim.de\/wp-content\/uploads\/2019\/10\/20191029-300x165.jpg 300w, http:\/\/www.gv-liederkranz-oetigheim.de\/wp-content\/uploads\/2019\/10\/20191029-768x423.jpg 768w, http:\/\/www.gv-liederkranz-oetigheim.de\/wp-content\/uploads\/2019\/10\/20191029.jpg 1512w\" sizes=\"(max-width: 720px) 100vw, 720px\" \/><br \/>\nEin gut aufgelegter M\u00e4nnerchor \u2013 bestens vorbereitet von Dirigent Matthias Hammerschmitt \u2013 brachte dem Jubilar einen bunten Liederstrau\u00df mit. Ein wunderbares Piano mit \u201eWenn es Nacht wird in den Bergen\u201c wurde von einem kr\u00e4ftigen Forte in dem dalmatinischen Volkslied \u201eKad si bila mala Mare\u201c abgel\u00f6st. Danach brachte der M\u00e4nnerchor eine Vorschau auf das eigene Konzert am Sonntag, 09. November zu Geh\u00f6r. Mit den Musical-Hits aus \u201eMy fair Lady\u201c \u201eEs gr\u00fcnt so gr\u00fcn\u201c und \u201eMit \u2018nem kleinen St\u00fcckchen Gl\u00fcck\u201c sowie \u201eSchlag nach bei Shakespeare\u201c aus \u201eKiss me Kate\u201c begeisterte der M\u00e4nnerchor seine Zuh\u00f6rer.<br \/>\nF\u00fcr einen bombastischen Ausklang des Konzerts sorgte der gemeinsam vom Liederkranz-Apollonia Rastatt und dem Liederkranz aus \u00d6tigheim vorgetragene \u201eNachtgesang im Walde\u201c und als kr\u00f6nender Abschluss der vom Baden-Badener Salonorchester begleitete \u201eDonauwalzer\u201c (An der sch\u00f6nen blauen Donau), der bekanntlich aus 5 einzelnen Walzern besteht. Das Salonorchester sowie die beiden Ch\u00f6re wurden erst nach mehreren Zugaben von der B\u00fchne entlassen.<br \/>\nDer GV Liederkranz sagt herzlichen Dank dem Liederkranz-Apollonia f\u00fcr das toll organisierte Konzert und w\u00fcnscht dem Verein f\u00fcr die Zukunft alles Gute.<\/p>\n","protected":false},"excerpt":{"rendered":"<p>Der Liederkranz Apollonia Rastatt hatte zu seinem 175. Geburtstag eingeladen und die Badner Halle war voll. Neben dem Salonorchester Baden-Baden, das nicht nur die beiden Liederkranz-Chorformationen musikalisch begleitete, sondern auch mit gro\u00dfem K\u00f6nnen und humorvollen Darbietungen das Publikum begeisterte, war auch der M\u00e4nnerchor des GV Liederkranz \u00d6tigheim eingeladen, dieses Jubil\u00e4umskonzert zu bereichern. Ein gut aufgelegter [&hellip;]<\/p>\n","protected":false},"author":3,"featured_media":0,"parent":2920,"menu_order":12,"comment_status":"closed","ping_status":"closed","template":"","meta":{"footnotes":""},"class_list":["post-2631","page","type-page","status-publish","hentry","post"],"_links":{"self":[{"href":"http:\/\/www.gv-liederkranz-oetigheim.de\/index.php?rest_route=\/wp\/v2\/pages\/2631","targetHints":{"allow":["GET"]}}],"collection":[{"href":"http:\/\/www.gv-liederkranz-oetigheim.de\/index.php?rest_route=\/wp\/v2\/pages"}],"about":[{"href":"http:\/\/www.gv-liederkranz-oetigheim.de\/index.php?rest_route=\/wp\/v2\/types\/page"}],"author":[{"embeddable":true,"href":"http:\/\/www.gv-liederkranz-oetigheim.de\/index.php?rest_route=\/wp\/v2\/users\/3"}],"replies":[{"embeddable":true,"href":"http:\/\/www.gv-liederkranz-oetigheim.de\/index.php?rest_route=%2Fwp%2Fv2%2Fcomments&post=2631"}],"version-history":[{"count":0,"href":"http:\/\/www.gv-liederkranz-oetigheim.de\/index.php?rest_route=\/wp\/v2\/pages\/2631\/revisions"}],"up":[{"embeddable":true,"href":"http:\/\/www.gv-liederkranz-oetigheim.de\/index.php?rest_route=\/wp\/v2\/pages\/2920"}],"wp:attachment":[{"href":"http:\/\/www.gv-liederkranz-oetigheim.de\/index.php?rest_route=%2Fwp%2Fv2%2Fmedia&parent=2631"}],"curies":[{"name":"wp","href":"https:\/\/api.w.org\/{rel}","templated":true}]}}