{"id":2627,"date":"2019-10-29T12:13:50","date_gmt":"2019-10-29T10:13:50","guid":{"rendered":"http:\/\/www.gv-liederkranz-oetigheim.de\/?page_id=2627"},"modified":"2020-01-31T13:47:22","modified_gmt":"2020-01-31T11:47:22","slug":"vorschau-auf-konzert","status":"publish","type":"page","link":"http:\/\/www.gv-liederkranz-oetigheim.de\/?page_id=2627","title":{"rendered":"Vorschau auf Konzert"},"content":{"rendered":"<h3><strong>120 Jahre Gesangverein Liederkranz \u00d6tigheim<\/strong><\/h3>\n<p><strong>Festprogramm wirft seine T\u00f6ne voraus<\/strong><\/p>\n<p>Einen Termin sollte man sich jetzt schon vormerken: den Samstag, 9. November 2019 in der Mehrzweckhalle in \u00d6tigheim. Dann begeht der \u201eGesangverein Liederkanz \u00d6tigheim e.V. 1899\u201c mit einem abwechslungsreichen Konzert und drei Chorformationen sein 120-J\u00e4hriges. Zu \u201eMusical Time\u201c und den zu erwartenden zwei Stunden Unterhaltung laufen die Proben seit Wochen im Gemeindehaus \u201eAlte Schule\u201c.<\/p>\n<p>Gleich drei Ch\u00f6re des \u201eLiederkranz\u201c unter verschiedenen Chorleitern werden zu dem gemeinsamen Konzert antreten. Dazu geh\u00f6rt der am 1. November 1899 im Gasthaus \u201eAdler\u201c gegr\u00fcndete M\u00e4nnerchor. Seit 13. Mai 2015 ist dessen Chorleiter Matthias Hammerschmitt, der \u00fcber Jahre musikalische Triumphe bei den Volksschauspielen feiern konnte.<\/p>\n<p><img fetchpriority=\"high\" decoding=\"async\" class=\"alignleft  wp-image-2608\" src=\"http:\/\/www.gv-liederkranz-oetigheim.de\/wp-content\/uploads\/2019\/10\/20191109-1.jpg\" alt=\"\" width=\"464\" height=\"330\" \/><\/p>\n<p>Dazu gesellt sich der gemischte Seniorenchor, welcher im April 1993 gegr\u00fcndet wurde und bei dem der 2012 verstorbene Chorleiter Rudi K\u00fchn seine Spuren hinterlassen hatte. In diese ist seit 2012 erfolgreich Theo Wild getreten.<br \/>\n<img decoding=\"async\" class=\"wp-image-2609 alignright\" src=\"http:\/\/www.gv-liederkranz-oetigheim.de\/wp-content\/uploads\/2019\/10\/20191109-2-1024x577.jpg\" alt=\"\" width=\"491\" height=\"290\" \/><\/p>\n<p>Die dritte Formation im Bunde ist der im September 2007 gebildete gemischte, moderne Chor \u201eGood Vibrations\u201c. Diese Chorformation wird seit 2015 mit gro\u00dfem Engagement von Mercedes Guerrero Arciniegas geleitet.<img decoding=\"async\" class=\"alignleft  wp-image-2607\" src=\"http:\/\/www.gv-liederkranz-oetigheim.de\/wp-content\/uploads\/2019\/10\/20191109-3-1024x683.jpg\" alt=\"\" width=\"463\" height=\"326\" \/><\/p>\n<p>Ein weiteres anvisiertes Highlight bei der \u201eMusical Time\u201c wird der Auftritt der \u00fcber \u00d6tigheim hinaus bekannten S\u00e4ngerin Barbara Mauch sein, die auch ihre Chanson-Qualit\u00e4ten einbringen wird. Schon jetzt kann man dem Publikum Einblicke gew\u00e4hren, an welchen Sahnest\u00fccken die drei Chorformationen im Jubeljahr derzeit am Proben sind.<\/p>\n<p>So stimmt Matthias Hammerschmitt den M\u00e4nnerchor auf Ohrw\u00fcrmer aus \u201eMy Fair Lady\u201c und \u201eKiss me Kate\u201c ein. Schwungvoll wird sich die Formation \u201eGood Vibrations\u201c neben Einblicken in \u201eLes Miserables\u201c rockig in das Queen-Musical \u201eWe will rock you\u201c einbringen. Dann \u00f6ffnet Theo Wild mit dem Seniorenchor die Musikbox der Musical-Hits. Da d\u00fcrfen \u201eHello Dolly\u201c oder Udo J\u00fcrgens, \u201eIch war noch niemals in New York\u201c nicht fehlen. Ein H\u00f6hepunkt des Konzerts am 9. November neben dem gemeinsamen Auftritt aller Ch\u00f6re im Finale, d\u00fcrfte auch sein, wenn Barbara Mauch, begleitet vom Seniorenchor, \u201eWein nicht um mich Argentinien\u201c aus \u201eEvita\u201c interpretiert.<\/p>\n<p>Ein weiterer H\u00f6hepunkt im Festprogramm zum 120-J\u00e4hrigen des GV Liederkranz wird am 27. Oktober ab 17:00 Uhr in der Badner Halle sein, wenn man mit dem Liederkranz Apollonia Rastatt gemeinsam dessen 175-J\u00e4hriges beim Konzert begeht.<\/p>\n<p>(Rainer Wollenschneider)<\/p>\n","protected":false},"excerpt":{"rendered":"<p>120 Jahre Gesangverein Liederkranz \u00d6tigheim Festprogramm wirft seine T\u00f6ne voraus Einen Termin sollte man sich jetzt schon vormerken: den Samstag, 9. November 2019 in der Mehrzweckhalle in \u00d6tigheim. Dann begeht der \u201eGesangverein Liederkanz \u00d6tigheim e.V. 1899\u201c mit einem abwechslungsreichen Konzert und drei Chorformationen sein 120-J\u00e4hriges. Zu \u201eMusical Time\u201c und den zu erwartenden zwei Stunden Unterhaltung [&hellip;]<\/p>\n","protected":false},"author":3,"featured_media":0,"parent":2920,"menu_order":11,"comment_status":"closed","ping_status":"closed","template":"","meta":{"footnotes":""},"class_list":["post-2627","page","type-page","status-publish","hentry","post"],"_links":{"self":[{"href":"http:\/\/www.gv-liederkranz-oetigheim.de\/index.php?rest_route=\/wp\/v2\/pages\/2627","targetHints":{"allow":["GET"]}}],"collection":[{"href":"http:\/\/www.gv-liederkranz-oetigheim.de\/index.php?rest_route=\/wp\/v2\/pages"}],"about":[{"href":"http:\/\/www.gv-liederkranz-oetigheim.de\/index.php?rest_route=\/wp\/v2\/types\/page"}],"author":[{"embeddable":true,"href":"http:\/\/www.gv-liederkranz-oetigheim.de\/index.php?rest_route=\/wp\/v2\/users\/3"}],"replies":[{"embeddable":true,"href":"http:\/\/www.gv-liederkranz-oetigheim.de\/index.php?rest_route=%2Fwp%2Fv2%2Fcomments&post=2627"}],"version-history":[{"count":0,"href":"http:\/\/www.gv-liederkranz-oetigheim.de\/index.php?rest_route=\/wp\/v2\/pages\/2627\/revisions"}],"up":[{"embeddable":true,"href":"http:\/\/www.gv-liederkranz-oetigheim.de\/index.php?rest_route=\/wp\/v2\/pages\/2920"}],"wp:attachment":[{"href":"http:\/\/www.gv-liederkranz-oetigheim.de\/index.php?rest_route=%2Fwp%2Fv2%2Fmedia&parent=2627"}],"curies":[{"name":"wp","href":"https:\/\/api.w.org\/{rel}","templated":true}]}}