{"id":2492,"date":"2019-09-24T11:30:04","date_gmt":"2019-09-24T09:30:04","guid":{"rendered":"http:\/\/www.gv-liederkranz-oetigheim.de\/?page_id=2492"},"modified":"2020-01-31T13:43:57","modified_gmt":"2020-01-31T11:43:57","slug":"danke-fuer-die-unterstuetzung-beim-dorffest","status":"publish","type":"page","link":"http:\/\/www.gv-liederkranz-oetigheim.de\/?page_id=2492","title":{"rendered":"Danke f\u00fcr die Unterst\u00fctzung beim Dorffest"},"content":{"rendered":"<p><img fetchpriority=\"high\" decoding=\"async\" class=\"size-large wp-image-2494 alignleft\" src=\"http:\/\/www.gv-liederkranz-oetigheim.de\/wp-content\/uploads\/2019\/09\/20190918-1-1024x542.jpg\" alt=\"\" width=\"720\" height=\"381\" srcset=\"http:\/\/www.gv-liederkranz-oetigheim.de\/wp-content\/uploads\/2019\/09\/20190918-1-1024x542.jpg 1024w, http:\/\/www.gv-liederkranz-oetigheim.de\/wp-content\/uploads\/2019\/09\/20190918-1-300x159.jpg 300w, http:\/\/www.gv-liederkranz-oetigheim.de\/wp-content\/uploads\/2019\/09\/20190918-1-768x406.jpg 768w, http:\/\/www.gv-liederkranz-oetigheim.de\/wp-content\/uploads\/2019\/09\/20190918-1-720x380.jpg 720w, http:\/\/www.gv-liederkranz-oetigheim.de\/wp-content\/uploads\/2019\/09\/20190918-1.jpg 1533w\" sizes=\"(max-width: 720px) 100vw, 720px\" \/><\/p>\n<p style=\"text-align: justify;\">\u201eBei sch\u00f6nem Wetter kann jeder feiern\u201c, die \u00d6tigheimer zeigten, dass es auch bei na\u00df-kaltem Wetter geht. War es am Samstag zuerst noch einigerma\u00dfen trocken, zogen sich die G\u00e4ste am Abend und am Sonntag doch schnell in die Zelte und Pavillons zur\u00fcck. Bei einem leckeren Glas Wein vom Weingut Kaufmann-Ziegler aus Weyher\/Pfalz und einem gut belegten Br\u00f6tchen mit warmem Rieslingschinken hielt es so mancher im Rund des Weinstandes aus.<\/p>\n<p style=\"text-align: justify;\">Es war ein gelungenes Fest. Daf\u00fcr sagen wir herzlichen Dank, nicht nur unseren Helferinnen und Helfern beim Auf- und Abbau sowie bei der Bewirtung an den beiden Festtagen, sondern auch der Gemeinde f\u00fcr die Unterst\u00fctzung, dem Musikverein und den VS\u00d6 f\u00fcr die Zurverf\u00fcgungstellung von verschiedenem Equipment und auch den J\u00e4gern, die direkt neben uns bewirteten, f\u00fcr die Mitbenutzung des K\u00fchlwagens. Es ist eine tolle Sache, wenn Vereine sich gegenseitig helfen. Danke sagen wir auch unseren Lieferanten Lona und Ralph Ganz, der Metzgerei Zoller, der B\u00e4ckerei Schr\u00f6der und nat\u00fcrlich unserem Weinlieferant Kaufmann-Ziegler, der uns den Weinstand zur Verf\u00fcgung stellte.<\/p>\n<p style=\"text-align: justify;\">Der gr\u00f6\u00dfte Dank geb\u00fchrt jedoch unseren G\u00e4sten \u2013 herzlichen Dank f\u00fcrs Kommen und Verweilen. Auch so manches Liedchen wurde da im Zelt geschmettert. Aber nicht nur in unserem Zelt, auch auf der Hauptb\u00fchne sorgte der GV Liederkranz mit seinem Seniorenchor am Sonntagmittag f\u00fcr gesangliche Unterhaltung.<\/p>\n<p style=\"text-align: justify;\">Wem\u2019s beim Liederkranz gefallen hat, darf gerne beim n\u00e4chsten Dorffest 2021 wiederkommen. Wir freuen uns auf sie.<\/p>\n","protected":false},"excerpt":{"rendered":"<p>\u201eBei sch\u00f6nem Wetter kann jeder feiern\u201c, die \u00d6tigheimer zeigten, dass es auch bei na\u00df-kaltem Wetter geht. War es am Samstag zuerst noch einigerma\u00dfen trocken, zogen sich die G\u00e4ste am Abend und am Sonntag doch schnell in die Zelte und Pavillons zur\u00fcck. Bei einem leckeren Glas Wein vom Weingut Kaufmann-Ziegler aus Weyher\/Pfalz und einem gut belegten [&hellip;]<\/p>\n","protected":false},"author":3,"featured_media":0,"parent":2920,"menu_order":9,"comment_status":"closed","ping_status":"closed","template":"","meta":{"footnotes":""},"class_list":["post-2492","page","type-page","status-publish","hentry","post"],"_links":{"self":[{"href":"http:\/\/www.gv-liederkranz-oetigheim.de\/index.php?rest_route=\/wp\/v2\/pages\/2492","targetHints":{"allow":["GET"]}}],"collection":[{"href":"http:\/\/www.gv-liederkranz-oetigheim.de\/index.php?rest_route=\/wp\/v2\/pages"}],"about":[{"href":"http:\/\/www.gv-liederkranz-oetigheim.de\/index.php?rest_route=\/wp\/v2\/types\/page"}],"author":[{"embeddable":true,"href":"http:\/\/www.gv-liederkranz-oetigheim.de\/index.php?rest_route=\/wp\/v2\/users\/3"}],"replies":[{"embeddable":true,"href":"http:\/\/www.gv-liederkranz-oetigheim.de\/index.php?rest_route=%2Fwp%2Fv2%2Fcomments&post=2492"}],"version-history":[{"count":0,"href":"http:\/\/www.gv-liederkranz-oetigheim.de\/index.php?rest_route=\/wp\/v2\/pages\/2492\/revisions"}],"up":[{"embeddable":true,"href":"http:\/\/www.gv-liederkranz-oetigheim.de\/index.php?rest_route=\/wp\/v2\/pages\/2920"}],"wp:attachment":[{"href":"http:\/\/www.gv-liederkranz-oetigheim.de\/index.php?rest_route=%2Fwp%2Fv2%2Fmedia&parent=2492"}],"curies":[{"name":"wp","href":"https:\/\/api.w.org\/{rel}","templated":true}]}}