{"id":2291,"date":"2019-07-17T13:39:52","date_gmt":"2019-07-17T11:39:52","guid":{"rendered":"http:\/\/www.gv-liederkranz-oetigheim.de\/?page_id=2291"},"modified":"2020-01-31T13:42:34","modified_gmt":"2020-01-31T11:42:34","slug":"tolles-festwetter-bei-der-hockete-im-120-vereinsjahr","status":"publish","type":"page","link":"http:\/\/www.gv-liederkranz-oetigheim.de\/?page_id=2291","title":{"rendered":"Tolles Festwetter bei der Hockete im 120. Vereinsjahr"},"content":{"rendered":"<p><img fetchpriority=\"high\" decoding=\"async\" class=\"alignleft size-large wp-image-2288\" src=\"http:\/\/www.gv-liederkranz-oetigheim.de\/wp-content\/uploads\/2019\/07\/20190709-1024x768.jpg\" alt=\"\" width=\"640\" height=\"480\" srcset=\"http:\/\/www.gv-liederkranz-oetigheim.de\/wp-content\/uploads\/2019\/07\/20190709-1024x768.jpg 1024w, http:\/\/www.gv-liederkranz-oetigheim.de\/wp-content\/uploads\/2019\/07\/20190709-300x225.jpg 300w, http:\/\/www.gv-liederkranz-oetigheim.de\/wp-content\/uploads\/2019\/07\/20190709-768x576.jpg 768w, http:\/\/www.gv-liederkranz-oetigheim.de\/wp-content\/uploads\/2019\/07\/20190709.jpg 1386w\" sizes=\"(max-width: 640px) 100vw, 640px\" \/><\/p>\n<p>Bei herrlichem Festwetter veranstaltete der GV Liederkranz \u00d6tigheim letzten Freitag seine j\u00e4hrlich stattfindende Hockete, die von der Bev\u00f6lkerung sehr gut angenommen wurde. Bevor Kurt Rastetter die G\u00e4ste begr\u00fc\u00dfte und durch das Programm f\u00fchrte, er\u00f6ffnete der M\u00e4nnerchor unter der Leitung von Matthias Hammerschmitt den musikalischen Teil der Hockete mit dem Chor \u201eWelch Gottesgabe ist das Bier\u201c. Danach folgten \u201eWenn es Tag wird in den Bergen\u201c, das Lied von den \u201eDrei lachenden M\u00e4dchen\u201c und das Trinklied \u201eErhebet die Gl\u00e4ser, stimmt fr\u00f6hlich mit ein.\u201c<\/p>\n<p>Da die eingeladenen ausw\u00e4rtigen Gastch\u00f6re aus triftigen Gr\u00fcnden ihre Teilnahme absagen mussten, hatten die Besucher durch die l\u00e4ngeren Gesangspausen mehr Zeit f\u00fcr Gespr\u00e4che untereinander, was sehr gerne angenommen wurde. Nach dem M\u00e4nnerchor trat der Seniorenchor des GV Liederkranz in zwei Bl\u00f6cken auf.<\/p>\n<p>Auch der Seniorenchor unter der Leitung von Theo Wild begeisterte die Zuh\u00f6rer mit bekannten \u201eLeckerbissen\u201c. Als Einleitung trug der Chor die schw\u00e4bische Volksweise \u201eHorch was kommt von drau\u00dfen rein\u201c vor. Es folgten die Lieder \u201eAve Maria no morrow\u201c, \u201eMarmor Stein und Eisen bricht\u201c und \u201eSeemann deine Heimat ist das Meer (Medley)\u201c.<\/p>\n<p>Zwischendurch informierte Kurt Rastetter die anwesenden G\u00e4ste \u00fcber die weiteren Events im Jahr des 120. Vereinsbestehens. Auf Einladung des Gesangvereins Liederkranz-Apollonia Rastatt, der in diesem Jahr seinen 175. Geburtstag feiern darf, wirkt unser M\u00e4nnerchor am 27. Oktober in der Badner Halle Rastatt bei deren Jubil\u00e4umskonzert mit. Am 9. November wird der Liederkranz \u00d6tigheim in der Mehrzweckhalle unter der musikalischen Gesamtleitung von Theo Wild sein Konzert \u201eMusical Time\u201c mit Band, Solistin und einer aufwendigen Licht- und Tontechnik zur Auff\u00fchrung bringen. Zu h\u00f6ren sind viele Lieder und Melodien aus bekannten Musicals.<\/p>\n<p>Zum Abschluss des Programmes animierte der Seniorenchor bei seinem zweiten Auftritt zum Mitsingen mit folgenden Liedern: \u201eSeniorenlied\u201c aus der Feder von Theo Wild, \u201eCalypso-Time\u201c, \u201eDie kleine Kneipe\u201c, \u201eTrinklied\u201c und das \u201eChiantilied\u201c.<\/p>\n<p>Die Vereinsf\u00fchrung bedankt sich bei den zahlreichen Besuchern f\u00fcr ein gelungenes Fest und bei allen Helferinnen und Helfern f\u00fcr den Auf- und Abbau und nat\u00fcrlich f\u00fcr den Festbetrieb bis sp\u00e4t in die Nacht.<br \/>\nEin besonderer Dank gilt unseren treuen Sponsoren, der Fa. K\u00fchnrich, dem Autohaus K\u00fchn und dem Centrum Vital, die auf dem Plakat inserierten. Wir bitten unsere Mitglieder diese Firmen verst\u00e4rkt bei Auftr\u00e4gen zu ber\u00fccksichtigen.<\/p>\n","protected":false},"excerpt":{"rendered":"<p>Bei herrlichem Festwetter veranstaltete der GV Liederkranz \u00d6tigheim letzten Freitag seine j\u00e4hrlich stattfindende Hockete, die von der Bev\u00f6lkerung sehr gut angenommen wurde. Bevor Kurt Rastetter die G\u00e4ste begr\u00fc\u00dfte und durch das Programm f\u00fchrte, er\u00f6ffnete der M\u00e4nnerchor unter der Leitung von Matthias Hammerschmitt den musikalischen Teil der Hockete mit dem Chor \u201eWelch Gottesgabe ist das Bier\u201c. [&hellip;]<\/p>\n","protected":false},"author":3,"featured_media":0,"parent":2920,"menu_order":7,"comment_status":"closed","ping_status":"closed","template":"","meta":{"footnotes":""},"class_list":["post-2291","page","type-page","status-publish","hentry","post"],"_links":{"self":[{"href":"http:\/\/www.gv-liederkranz-oetigheim.de\/index.php?rest_route=\/wp\/v2\/pages\/2291","targetHints":{"allow":["GET"]}}],"collection":[{"href":"http:\/\/www.gv-liederkranz-oetigheim.de\/index.php?rest_route=\/wp\/v2\/pages"}],"about":[{"href":"http:\/\/www.gv-liederkranz-oetigheim.de\/index.php?rest_route=\/wp\/v2\/types\/page"}],"author":[{"embeddable":true,"href":"http:\/\/www.gv-liederkranz-oetigheim.de\/index.php?rest_route=\/wp\/v2\/users\/3"}],"replies":[{"embeddable":true,"href":"http:\/\/www.gv-liederkranz-oetigheim.de\/index.php?rest_route=%2Fwp%2Fv2%2Fcomments&post=2291"}],"version-history":[{"count":0,"href":"http:\/\/www.gv-liederkranz-oetigheim.de\/index.php?rest_route=\/wp\/v2\/pages\/2291\/revisions"}],"up":[{"embeddable":true,"href":"http:\/\/www.gv-liederkranz-oetigheim.de\/index.php?rest_route=\/wp\/v2\/pages\/2920"}],"wp:attachment":[{"href":"http:\/\/www.gv-liederkranz-oetigheim.de\/index.php?rest_route=%2Fwp%2Fv2%2Fmedia&parent=2291"}],"curies":[{"name":"wp","href":"https:\/\/api.w.org\/{rel}","templated":true}]}}