{"id":2278,"date":"2019-06-03T15:13:15","date_gmt":"2019-06-03T13:13:15","guid":{"rendered":"http:\/\/www.gv-liederkranz-oetigheim.de\/?page_id=2278"},"modified":"2020-01-31T13:38:26","modified_gmt":"2020-01-31T11:38:26","slug":"liederkranz-deckt-den-tisch","status":"publish","type":"page","link":"http:\/\/www.gv-liederkranz-oetigheim.de\/?page_id=2278","title":{"rendered":"\u201eLiederkranz deckt den Tisch\u201c"},"content":{"rendered":"<p><img fetchpriority=\"high\" decoding=\"async\" class=\"size-large wp-image-2272 alignleft\" src=\"http:\/\/www.gv-liederkranz-oetigheim.de\/wp-content\/uploads\/2019\/05\/20190527-1-1024x683.jpg\" alt=\"\" width=\"640\" height=\"427\" srcset=\"http:\/\/www.gv-liederkranz-oetigheim.de\/wp-content\/uploads\/2019\/05\/20190527-1-1024x683.jpg 1024w, http:\/\/www.gv-liederkranz-oetigheim.de\/wp-content\/uploads\/2019\/05\/20190527-1-300x200.jpg 300w, http:\/\/www.gv-liederkranz-oetigheim.de\/wp-content\/uploads\/2019\/05\/20190527-1-768x512.jpg 768w, http:\/\/www.gv-liederkranz-oetigheim.de\/wp-content\/uploads\/2019\/05\/20190527-1.jpg 1533w\" sizes=\"(max-width: 640px) 100vw, 640px\" \/><\/p>\n<p>So betitelte das Badische Tagblatt am Samstag, 25.05. unsere Anzeige f\u00fcr die Bewirtung am Wahlsonntag. Und wahrlich, der Tisch war reichlich gedeckt. Es war das erste Mal, dass der Liederkranz an einem Wahltag dieses Angebot machte und es wurde von den W\u00e4hlerinnen und W\u00e4hlern gerne angenommen. \u201eDas ist aber eine tolle Idee\u201c, bekam man von vielen ein Feedback. \u00a0Daf\u00fcr sagen wir herzlichen Dank.<\/p>\n<p>Ein gro\u00dfer Dank geb\u00fchrt auch allen Kuchenb\u00e4ckerinnen, die durch ihre \u201eBackspende\u201c dem Liederkranz geholfen haben. Alle Kuchen konnten verkauft werden, kein einziges St\u00fcckchen blieb \u00fcbrig. Ein ebensolcher Dank geht aber auch an alle, die beim Auf- und Abbau und in den 3 Schichten am Sonntag tatkr\u00e4ftig geholfen haben. So funktioniert aktives Vereinsleben.<\/p>\n<p><img decoding=\"async\" class=\"alignleft size-large wp-image-2271\" src=\"http:\/\/www.gv-liederkranz-oetigheim.de\/wp-content\/uploads\/2019\/05\/20190527-2-1024x683.jpg\" alt=\"\" width=\"640\" height=\"427\" srcset=\"http:\/\/www.gv-liederkranz-oetigheim.de\/wp-content\/uploads\/2019\/05\/20190527-2-1024x683.jpg 1024w, http:\/\/www.gv-liederkranz-oetigheim.de\/wp-content\/uploads\/2019\/05\/20190527-2-300x200.jpg 300w, http:\/\/www.gv-liederkranz-oetigheim.de\/wp-content\/uploads\/2019\/05\/20190527-2-768x512.jpg 768w, http:\/\/www.gv-liederkranz-oetigheim.de\/wp-content\/uploads\/2019\/05\/20190527-2.jpg 1533w\" sizes=\"(max-width: 640px) 100vw, 640px\" \/><\/p>\n<p>Im Bild: Helferinnen der ersten Schicht<\/p>\n","protected":false},"excerpt":{"rendered":"<p>So betitelte das Badische Tagblatt am Samstag, 25.05. unsere Anzeige f\u00fcr die Bewirtung am Wahlsonntag. Und wahrlich, der Tisch war reichlich gedeckt. Es war das erste Mal, dass der Liederkranz an einem Wahltag dieses Angebot machte und es wurde von den W\u00e4hlerinnen und W\u00e4hlern gerne angenommen. \u201eDas ist aber eine tolle Idee\u201c, bekam man von [&hellip;]<\/p>\n","protected":false},"author":3,"featured_media":0,"parent":2920,"menu_order":6,"comment_status":"closed","ping_status":"closed","template":"","meta":{"footnotes":""},"class_list":["post-2278","page","type-page","status-publish","hentry","post"],"_links":{"self":[{"href":"http:\/\/www.gv-liederkranz-oetigheim.de\/index.php?rest_route=\/wp\/v2\/pages\/2278","targetHints":{"allow":["GET"]}}],"collection":[{"href":"http:\/\/www.gv-liederkranz-oetigheim.de\/index.php?rest_route=\/wp\/v2\/pages"}],"about":[{"href":"http:\/\/www.gv-liederkranz-oetigheim.de\/index.php?rest_route=\/wp\/v2\/types\/page"}],"author":[{"embeddable":true,"href":"http:\/\/www.gv-liederkranz-oetigheim.de\/index.php?rest_route=\/wp\/v2\/users\/3"}],"replies":[{"embeddable":true,"href":"http:\/\/www.gv-liederkranz-oetigheim.de\/index.php?rest_route=%2Fwp%2Fv2%2Fcomments&post=2278"}],"version-history":[{"count":0,"href":"http:\/\/www.gv-liederkranz-oetigheim.de\/index.php?rest_route=\/wp\/v2\/pages\/2278\/revisions"}],"up":[{"embeddable":true,"href":"http:\/\/www.gv-liederkranz-oetigheim.de\/index.php?rest_route=\/wp\/v2\/pages\/2920"}],"wp:attachment":[{"href":"http:\/\/www.gv-liederkranz-oetigheim.de\/index.php?rest_route=%2Fwp%2Fv2%2Fmedia&parent=2278"}],"curies":[{"name":"wp","href":"https:\/\/api.w.org\/{rel}","templated":true}]}}