{"id":2260,"date":"2019-04-29T12:30:43","date_gmt":"2019-04-29T10:30:43","guid":{"rendered":"http:\/\/www.gv-liederkranz-oetigheim.de\/?page_id=2260"},"modified":"2020-01-31T13:37:12","modified_gmt":"2020-01-31T11:37:12","slug":"liederkranz-senioren-auf-tour","status":"publish","type":"page","link":"http:\/\/www.gv-liederkranz-oetigheim.de\/?page_id=2260","title":{"rendered":"Liederkranz-Senioren auf Tour"},"content":{"rendered":"<p>Am Gr\u00fcndonnerstag, am 18. April wurde unseren Senioren wieder ein Besuch im Fischerheim in Illingen angeboten. Diesen traditionellen Termin pflegen wir schon seit 2006.<img fetchpriority=\"high\" decoding=\"async\" class=\"alignleft size-large wp-image-2257\" src=\"http:\/\/www.gv-liederkranz-oetigheim.de\/wp-content\/uploads\/2019\/04\/20190423-1024x768.jpg\" alt=\"\" width=\"640\" height=\"480\" srcset=\"http:\/\/www.gv-liederkranz-oetigheim.de\/wp-content\/uploads\/2019\/04\/20190423-1024x768.jpg 1024w, http:\/\/www.gv-liederkranz-oetigheim.de\/wp-content\/uploads\/2019\/04\/20190423-300x225.jpg 300w, http:\/\/www.gv-liederkranz-oetigheim.de\/wp-content\/uploads\/2019\/04\/20190423-768x576.jpg 768w, http:\/\/www.gv-liederkranz-oetigheim.de\/wp-content\/uploads\/2019\/04\/20190423.jpg 1533w\" sizes=\"(max-width: 640px) 100vw, 640px\" \/><\/p>\n<p>Eine eigens nach unseren Vorgaben zusammengestellte Speisekarte lie\u00df keine W\u00fcnsche offen: Neben Backfischen, R\u00e4ucherlachs mit R\u00f6sti und Schollenfilet waren auch diesmal wieder die Zandervariationen das begehrteste Angebot. Selbst Steak- und Schnitzelesser wurden zufriedengestellt.<br \/>\nZur Unterhaltung wurde eine von G\u00fcnter K\u00f6lmel zusammengestellte und von Werner Nold aufwendig bearbeitete Bildershow von den Unternehmungen der Senioren im Jahr 2018 vorgef\u00fchrt.<br \/>\nWieder einmal war es eine gelungene Veranstaltung f\u00fcr unsere Senioren &#8211; bei herrlichem Wetter mit fr\u00fchlingshaften Temperaturen.<\/p>\n","protected":false},"excerpt":{"rendered":"<p>Am Gr\u00fcndonnerstag, am 18. April wurde unseren Senioren wieder ein Besuch im Fischerheim in Illingen angeboten. Diesen traditionellen Termin pflegen wir schon seit 2006. Eine eigens nach unseren Vorgaben zusammengestellte Speisekarte lie\u00df keine W\u00fcnsche offen: Neben Backfischen, R\u00e4ucherlachs mit R\u00f6sti und Schollenfilet waren auch diesmal wieder die Zandervariationen das begehrteste Angebot. Selbst Steak- und Schnitzelesser [&hellip;]<\/p>\n","protected":false},"author":3,"featured_media":0,"parent":2920,"menu_order":4,"comment_status":"closed","ping_status":"closed","template":"","meta":{"footnotes":""},"class_list":["post-2260","page","type-page","status-publish","hentry","post"],"_links":{"self":[{"href":"http:\/\/www.gv-liederkranz-oetigheim.de\/index.php?rest_route=\/wp\/v2\/pages\/2260","targetHints":{"allow":["GET"]}}],"collection":[{"href":"http:\/\/www.gv-liederkranz-oetigheim.de\/index.php?rest_route=\/wp\/v2\/pages"}],"about":[{"href":"http:\/\/www.gv-liederkranz-oetigheim.de\/index.php?rest_route=\/wp\/v2\/types\/page"}],"author":[{"embeddable":true,"href":"http:\/\/www.gv-liederkranz-oetigheim.de\/index.php?rest_route=\/wp\/v2\/users\/3"}],"replies":[{"embeddable":true,"href":"http:\/\/www.gv-liederkranz-oetigheim.de\/index.php?rest_route=%2Fwp%2Fv2%2Fcomments&post=2260"}],"version-history":[{"count":0,"href":"http:\/\/www.gv-liederkranz-oetigheim.de\/index.php?rest_route=\/wp\/v2\/pages\/2260\/revisions"}],"up":[{"embeddable":true,"href":"http:\/\/www.gv-liederkranz-oetigheim.de\/index.php?rest_route=\/wp\/v2\/pages\/2920"}],"wp:attachment":[{"href":"http:\/\/www.gv-liederkranz-oetigheim.de\/index.php?rest_route=%2Fwp%2Fv2%2Fmedia&parent=2260"}],"curies":[{"name":"wp","href":"https:\/\/api.w.org\/{rel}","templated":true}]}}