{"id":2252,"date":"2019-04-04T11:59:03","date_gmt":"2019-04-04T09:59:03","guid":{"rendered":"http:\/\/www.gv-liederkranz-oetigheim.de\/?page_id=2252"},"modified":"2022-10-15T19:22:03","modified_gmt":"2022-10-15T17:22:03","slug":"gesangverein-liederkranz-oetigheim-schaut-auf-ein-erfolgreiches-jahr-zurueck","status":"publish","type":"page","link":"http:\/\/www.gv-liederkranz-oetigheim.de\/?page_id=2252","title":{"rendered":"Gesangverein Liederkranz \u00d6tigheim schaut auf ein erfolgreiches Jahr zur\u00fcck"},"content":{"rendered":"<p><strong>Konzert \u201eMusical Time\u201c im November 2019 zum 120-j\u00e4hrigen Vereinsbestehen<\/strong><\/p>\n<p>Das vergangene Jahr war gepr\u00e4gt von dem Konzert \u201eAuf einer Welle mit Good Vibrations\u201c mit der Formation \u201eGood Vibrations\u201c und dem M\u00e4nnerchorkonzert \u201eSonne und Mond\u201c. Beide Veranstaltungen stie\u00dfen beim Publikum und bei der Presse auf eine \u00e4u\u00dferst positive Resonanz. Besonders gefordert war der M\u00e4nnerchor, der auch noch bei f\u00fcnf Auff\u00fchrungen \u201eDer Name der Rose\u201c auf der Freilichtb\u00fchne mitwirkte und zusammen mit den Proben 17 Termine zu absolvieren hatte. Au\u00dferdem wiederholte der Chor sein Konzert im Sp\u00e4tjahr im Kurhaus in Reichenbach. Der Seniorenchor des Gesangvereins Liederkranz \u00d6tigheim war als beliebter Unterhalter bei Veranstaltungen der Gemeinde, der Pfarrgemeinde sowie bei den Bewohnern des Seniorenzentrums \u00d6tigheim wiederum sehr gefragt betonte Kurt Rastetter, der Sprecher des Pr\u00e4sidiums, im Rahmen der Jahreshauptversammlung. Weiter gedachte er der verstorbenen Vereinsmitglieder bevor er zu den Gesch\u00e4ftsberichten \u00fcberleitete. Hans-Georg Wittmann und Rainer Pohl referierten ausf\u00fchrlich von den Aktivit\u00e4ten und Auftritten des M\u00e4nnerchors und \u201eGood Vibrations\u201c. Danach berichtete G\u00fcnter K\u00f6lmel \u00fcber den Seniorenchor, der als gr\u00f6\u00dfte Formation der Liederkranz-Familie zu den gesanglichen Events auch viele Ausfl\u00fcge durchf\u00fchrte. Da sich die Todesf\u00e4lle und die Neuzug\u00e4nge die Waage hielten, konnte die Mitgliederzahl konstant gehalten werden, berichtete im Anschluss an die Gesch\u00e4ftsberichte Gunther Eisele. Darauffolgend stellte er die vom Pr\u00e4sidium um die Datenschutzbestimmungen und Urheberrechte erg\u00e4nzte Vereinssatzung vor. Diese wurde von der Versammlung einstimmig beschlossen. Bevor Roland Fechner \u00fcber einen positiven Kassenabschluss berichtete und Kurt K\u00fchn die Entlastung des Pr\u00e4sidiums und des Schatzmeisters \u00fcbernahm, welche einstimmig beschlossen wurden, durfte Rastetter diejenigen ehren, die durch ihre langj\u00e4hrige Mitgliedschaft den Verein stets f\u00f6rderten. F\u00fcr 10 Jahre Mitgliedschaft wurde Elisabeth K\u00fchn geehrt. Auf 25 Jahre Mitgliedschaft blicken zur\u00fcck Michaela Ke\u00dfler, Frank Kleinkopf, Beate Rastetter, Johann Seemayer, Kurt Volz und Birgit Wild und auf 50 Jahre Werner Kalkbrenner, Reinhard K\u00f6lmel, Roland K\u00fchn, Werner Sarka, Bernd St\u00f6\u00dfer und Erhard Vetter. Werner Kalkbrenner, Roland K\u00fchn, Werner Sarka, Bernd St\u00f6\u00dfer und Roland Fechner wurden zum Ehrenmitglied ernannt. Heinz Kuhn und Karl K\u00fchn unterst\u00fctzen den Verein bereits seit 60 Jahren, Franz Gallion gar seit 65 Jahren. Bei den nachfolgenden Wahlen wurden Roland Fechner und Hans-Georg Wittmann als Pr\u00e4sidiumsmitglieder einstimmig in ihren \u00c4mtern best\u00e4tigt. Kurt Rastetter bedankte sich zum Schluss bei der Chorleiterin Mercedes Guerrero Arciniegas und bei den Chorleitern Matthias Hammerschmitt und Theo Wild f\u00fcr ihr Engagement und den Helfern bei den Bewirtungen f\u00fcr ihre Arbeit und gab dann einen \u00dcberblick \u00fcber die weiteren Aktivit\u00e4ten 2019, wobei der momentane Blick auf das gemeinsame Konzert \u201eMusical Time\u201c mit allen drei Chorformationen anl\u00e4sslich des 120-j\u00e4hrigen Vereinsgeburtstages am 9. November gerichtet ist. Hierf\u00fcr laufen die Proben bereits auf Hochtouren. Wer noch mitmachen will, kann sich unter der Telefonnummer (0 72 22) 2 41 95 gerne informieren.<\/p>\n<p><img fetchpriority=\"high\" decoding=\"async\" class=\"alignleft size-large wp-image-2249\" src=\"http:\/\/www.gv-liederkranz-oetigheim.de\/wp-content\/uploads\/2019\/03\/20190319-1024x768.jpg\" alt=\"\" width=\"640\" height=\"480\" srcset=\"http:\/\/www.gv-liederkranz-oetigheim.de\/wp-content\/uploads\/2019\/03\/20190319-1024x768.jpg 1024w, http:\/\/www.gv-liederkranz-oetigheim.de\/wp-content\/uploads\/2019\/03\/20190319-300x225.jpg 300w, http:\/\/www.gv-liederkranz-oetigheim.de\/wp-content\/uploads\/2019\/03\/20190319-768x576.jpg 768w, http:\/\/www.gv-liederkranz-oetigheim.de\/wp-content\/uploads\/2019\/03\/20190319.jpg 1534w\" sizes=\"(max-width: 640px) 100vw, 640px\" \/><\/p>\n<p>Langj\u00e4hrige Mitglieder des GV Liederkranz \u00d6tigheim<\/p>\n","protected":false},"excerpt":{"rendered":"<p>Konzert \u201eMusical Time\u201c im November 2019 zum 120-j\u00e4hrigen Vereinsbestehen Das vergangene Jahr war gepr\u00e4gt von dem Konzert \u201eAuf einer Welle mit Good Vibrations\u201c mit der Formation \u201eGood Vibrations\u201c und dem M\u00e4nnerchorkonzert \u201eSonne und Mond\u201c. Beide Veranstaltungen stie\u00dfen beim Publikum und bei der Presse auf eine \u00e4u\u00dferst positive Resonanz. Besonders gefordert war der M\u00e4nnerchor, der auch [&hellip;]<\/p>\n","protected":false},"author":3,"featured_media":0,"parent":2920,"menu_order":3,"comment_status":"closed","ping_status":"closed","template":"","meta":{"footnotes":""},"class_list":["post-2252","page","type-page","status-publish","hentry","post"],"_links":{"self":[{"href":"http:\/\/www.gv-liederkranz-oetigheim.de\/index.php?rest_route=\/wp\/v2\/pages\/2252","targetHints":{"allow":["GET"]}}],"collection":[{"href":"http:\/\/www.gv-liederkranz-oetigheim.de\/index.php?rest_route=\/wp\/v2\/pages"}],"about":[{"href":"http:\/\/www.gv-liederkranz-oetigheim.de\/index.php?rest_route=\/wp\/v2\/types\/page"}],"author":[{"embeddable":true,"href":"http:\/\/www.gv-liederkranz-oetigheim.de\/index.php?rest_route=\/wp\/v2\/users\/3"}],"replies":[{"embeddable":true,"href":"http:\/\/www.gv-liederkranz-oetigheim.de\/index.php?rest_route=%2Fwp%2Fv2%2Fcomments&post=2252"}],"version-history":[{"count":0,"href":"http:\/\/www.gv-liederkranz-oetigheim.de\/index.php?rest_route=\/wp\/v2\/pages\/2252\/revisions"}],"up":[{"embeddable":true,"href":"http:\/\/www.gv-liederkranz-oetigheim.de\/index.php?rest_route=\/wp\/v2\/pages\/2920"}],"wp:attachment":[{"href":"http:\/\/www.gv-liederkranz-oetigheim.de\/index.php?rest_route=%2Fwp%2Fv2%2Fmedia&parent=2252"}],"curies":[{"name":"wp","href":"https:\/\/api.w.org\/{rel}","templated":true}]}}