{"id":2245,"date":"2019-03-06T12:02:02","date_gmt":"2019-03-06T10:02:02","guid":{"rendered":"http:\/\/www.gv-liederkranz-oetigheim.de\/?page_id=2245"},"modified":"2020-01-31T13:34:55","modified_gmt":"2020-01-31T11:34:55","slug":"etjer-narrensprung","status":"publish","type":"page","link":"http:\/\/www.gv-liederkranz-oetigheim.de\/?page_id=2245","title":{"rendered":"Etjer Narrensprung"},"content":{"rendered":"<p>Beim Etjer Narrensprung am Sonntag hat der Liederkranz die G\u00e4ste aus Nah und Fern im \u201eNarrendorf\u201c auf dem Gemeindeplatz bewirtet. Unsere zubereiteten \u201eBubespitzle\u201c mit Sauerkraut und Speck sind sehr gut bei den Besuchern angekommen, sodass wir am sp\u00e4ten Nachmittag ausverkauft waren.<br \/>\nDen Helfern beim Auf- und Abbau, insbesondere aber unserem jungen Chor, der die Bewirtung komplett \u00fcbernommen hat, sagen wir ein ganz herzliches Dankesch\u00f6n.<\/p>\n<p><img fetchpriority=\"high\" decoding=\"async\" class=\"alignleft size-large wp-image-2242\" src=\"http:\/\/www.gv-liederkranz-oetigheim.de\/wp-content\/uploads\/2019\/02\/20190226-1024x800.jpg\" alt=\"\" width=\"640\" height=\"500\" srcset=\"http:\/\/www.gv-liederkranz-oetigheim.de\/wp-content\/uploads\/2019\/02\/20190226-1024x800.jpg 1024w, http:\/\/www.gv-liederkranz-oetigheim.de\/wp-content\/uploads\/2019\/02\/20190226-300x234.jpg 300w, http:\/\/www.gv-liederkranz-oetigheim.de\/wp-content\/uploads\/2019\/02\/20190226-768x600.jpg 768w, http:\/\/www.gv-liederkranz-oetigheim.de\/wp-content\/uploads\/2019\/02\/20190226.jpg 1534w\" sizes=\"(max-width: 640px) 100vw, 640px\" \/><\/p>\n<p>Die Vereinsf\u00fchrung w\u00fcnscht allen Mitgliedern eine sch\u00f6ne Faschingszeit.<\/p>\n","protected":false},"excerpt":{"rendered":"<p>Beim Etjer Narrensprung am Sonntag hat der Liederkranz die G\u00e4ste aus Nah und Fern im \u201eNarrendorf\u201c auf dem Gemeindeplatz bewirtet. Unsere zubereiteten \u201eBubespitzle\u201c mit Sauerkraut und Speck sind sehr gut bei den Besuchern angekommen, sodass wir am sp\u00e4ten Nachmittag ausverkauft waren. Den Helfern beim Auf- und Abbau, insbesondere aber unserem jungen Chor, der die Bewirtung [&hellip;]<\/p>\n","protected":false},"author":3,"featured_media":0,"parent":2920,"menu_order":2,"comment_status":"closed","ping_status":"closed","template":"","meta":{"footnotes":""},"class_list":["post-2245","page","type-page","status-publish","hentry","post"],"_links":{"self":[{"href":"http:\/\/www.gv-liederkranz-oetigheim.de\/index.php?rest_route=\/wp\/v2\/pages\/2245","targetHints":{"allow":["GET"]}}],"collection":[{"href":"http:\/\/www.gv-liederkranz-oetigheim.de\/index.php?rest_route=\/wp\/v2\/pages"}],"about":[{"href":"http:\/\/www.gv-liederkranz-oetigheim.de\/index.php?rest_route=\/wp\/v2\/types\/page"}],"author":[{"embeddable":true,"href":"http:\/\/www.gv-liederkranz-oetigheim.de\/index.php?rest_route=\/wp\/v2\/users\/3"}],"replies":[{"embeddable":true,"href":"http:\/\/www.gv-liederkranz-oetigheim.de\/index.php?rest_route=%2Fwp%2Fv2%2Fcomments&post=2245"}],"version-history":[{"count":0,"href":"http:\/\/www.gv-liederkranz-oetigheim.de\/index.php?rest_route=\/wp\/v2\/pages\/2245\/revisions"}],"up":[{"embeddable":true,"href":"http:\/\/www.gv-liederkranz-oetigheim.de\/index.php?rest_route=\/wp\/v2\/pages\/2920"}],"wp:attachment":[{"href":"http:\/\/www.gv-liederkranz-oetigheim.de\/index.php?rest_route=%2Fwp%2Fv2%2Fmedia&parent=2245"}],"curies":[{"name":"wp","href":"https:\/\/api.w.org\/{rel}","templated":true}]}}