{"id":2232,"date":"2019-02-01T11:38:38","date_gmt":"2019-02-01T09:38:38","guid":{"rendered":"http:\/\/www.gv-liederkranz-oetigheim.de\/?page_id=2232"},"modified":"2020-01-31T13:33:06","modified_gmt":"2020-01-31T11:33:06","slug":"seniorenchor-beim-neujahrsempfang","status":"publish","type":"page","link":"http:\/\/www.gv-liederkranz-oetigheim.de\/?page_id=2232","title":{"rendered":"Seniorenchor beim Neujahrsempfang"},"content":{"rendered":"<p style=\"text-align: justify;\">Am Sonntag, am 13. Januar, hatte die Gemeindeverwaltung \u00d6tigheim zu einem Neujahrs- und Neub\u00fcrgerempfang in die Mehrzweckhalle eingeladen. Bei dieser Veranstaltung war der junge Chor des GV Liederkranz, \u201eGood Vibrations\u201c f\u00fcr die musikalische Unterhaltung der geladenen G\u00e4ste vorgesehen. Aus famili\u00e4ren Gr\u00fcnden konnte die Leiterin des Chors, Frau Mercedes Guerrero Arciniegas, das Dirigat nicht \u00fcbernehmen, sodass nach interner Absprache unser Seniorenchor unter der Leitung von Theo Wild diesen musikalischen Part \u00fcbernommen hat.<\/p>\n<p style=\"text-align: justify;\"><img fetchpriority=\"high\" decoding=\"async\" class=\"alignleft\" src=\"http:\/\/www.gv-liederkranz-oetigheim.de\/wp-content\/uploads\/2019\/01\/201903-1024x683.jpg\" alt=\"\" width=\"640\" height=\"427\" \/><\/p>\n<p style=\"text-align: justify;\">Mit der Erkennungsmelodie, dem \u201eSeniorenlied\u201c, stellten wir uns den G\u00e4sten in der vollbesetzten Halle vor. Die schw\u00e4bische Volksweise \u201eHorch\u2018 was kommt von drau\u00dfen rein\u201c, \u201e\u00dcber 7 Br\u00fccken musst du geh\u2018n\u201c und \u201eCalypso Time\u201c, ein Potpourri bekannter Schlager, waren weitere Melodien in unserem Programm.<\/p>\n<p style=\"text-align: justify;\">Ein w\u00fcrdiger Abschluss dieser Veranstaltung bildete dann die Badische Landeshymne, das \u201eBadnerlied\u201c, das wir gemeinsam mit den G\u00e4sten gesungen haben.<\/p>\n","protected":false},"excerpt":{"rendered":"<p>Am Sonntag, am 13. Januar, hatte die Gemeindeverwaltung \u00d6tigheim zu einem Neujahrs- und Neub\u00fcrgerempfang in die Mehrzweckhalle eingeladen. Bei dieser Veranstaltung war der junge Chor des GV Liederkranz, \u201eGood Vibrations\u201c f\u00fcr die musikalische Unterhaltung der geladenen G\u00e4ste vorgesehen. Aus famili\u00e4ren Gr\u00fcnden konnte die Leiterin des Chors, Frau Mercedes Guerrero Arciniegas, das Dirigat nicht \u00fcbernehmen, sodass [&hellip;]<\/p>\n","protected":false},"author":3,"featured_media":0,"parent":2920,"menu_order":1,"comment_status":"closed","ping_status":"closed","template":"templates\/template-full.php","meta":{"footnotes":""},"class_list":["post-2232","page","type-page","status-publish","hentry","post"],"_links":{"self":[{"href":"http:\/\/www.gv-liederkranz-oetigheim.de\/index.php?rest_route=\/wp\/v2\/pages\/2232","targetHints":{"allow":["GET"]}}],"collection":[{"href":"http:\/\/www.gv-liederkranz-oetigheim.de\/index.php?rest_route=\/wp\/v2\/pages"}],"about":[{"href":"http:\/\/www.gv-liederkranz-oetigheim.de\/index.php?rest_route=\/wp\/v2\/types\/page"}],"author":[{"embeddable":true,"href":"http:\/\/www.gv-liederkranz-oetigheim.de\/index.php?rest_route=\/wp\/v2\/users\/3"}],"replies":[{"embeddable":true,"href":"http:\/\/www.gv-liederkranz-oetigheim.de\/index.php?rest_route=%2Fwp%2Fv2%2Fcomments&post=2232"}],"version-history":[{"count":0,"href":"http:\/\/www.gv-liederkranz-oetigheim.de\/index.php?rest_route=\/wp\/v2\/pages\/2232\/revisions"}],"up":[{"embeddable":true,"href":"http:\/\/www.gv-liederkranz-oetigheim.de\/index.php?rest_route=\/wp\/v2\/pages\/2920"}],"wp:attachment":[{"href":"http:\/\/www.gv-liederkranz-oetigheim.de\/index.php?rest_route=%2Fwp%2Fv2%2Fmedia&parent=2232"}],"curies":[{"name":"wp","href":"https:\/\/api.w.org\/{rel}","templated":true}]}}