{"id":2148,"date":"2018-07-26T13:08:47","date_gmt":"2018-07-26T11:08:47","guid":{"rendered":"http:\/\/www.gv-liederkranz-oetigheim.de\/?page_id=2148"},"modified":"2018-07-26T13:12:47","modified_gmt":"2018-07-26T11:12:47","slug":"kanuausflug-von-good-vibrations","status":"publish","type":"page","link":"http:\/\/www.gv-liederkranz-oetigheim.de\/?page_id=2148","title":{"rendered":"Kanuausflug von Good Vibrations"},"content":{"rendered":"<p><img fetchpriority=\"high\" decoding=\"async\" class=\"alignleft size-large wp-image-2145\" src=\"http:\/\/www.gv-liederkranz-oetigheim.de\/wp-content\/uploads\/2018\/07\/Kanu-1024x768.jpg\" alt=\"\" width=\"640\" height=\"480\" srcset=\"http:\/\/www.gv-liederkranz-oetigheim.de\/wp-content\/uploads\/2018\/07\/Kanu-1024x768.jpg 1024w, http:\/\/www.gv-liederkranz-oetigheim.de\/wp-content\/uploads\/2018\/07\/Kanu-300x225.jpg 300w, http:\/\/www.gv-liederkranz-oetigheim.de\/wp-content\/uploads\/2018\/07\/Kanu-768x576.jpg 768w, http:\/\/www.gv-liederkranz-oetigheim.de\/wp-content\/uploads\/2018\/07\/Kanu.jpg 1600w\" sizes=\"(max-width: 640px) 100vw, 640px\" \/><\/p>\n<p>&nbsp;<\/p>\n<p>&nbsp;<\/p>\n<p>Am Sonntag, 15. Juli trafen sich morgens um 09:30 Uhr 16 begeisterte Wassersportler bei herrlichem Sonnenschein und 28\u00b0C zum gemeinsamen Ausflug. Ziel war der Altrhein bei Eggenstein-Leopoldshafen.<br \/>\nVon dort aus ging es nach einer ausf\u00fchrlichen Sicherheitseinweisung mit viel Begeisterung aufs Wasser. Die Kanus waren voll besetzt, trotzdem musste keiner trotz schwankender Angelegenheit das Kanu unfreiwillig verlassen.<img decoding=\"async\" class=\"alignleft size-large wp-image-2146\" src=\"http:\/\/www.gv-liederkranz-oetigheim.de\/wp-content\/uploads\/2018\/07\/Kanu2-1024x768.jpg\" alt=\"\" width=\"640\" height=\"480\" srcset=\"http:\/\/www.gv-liederkranz-oetigheim.de\/wp-content\/uploads\/2018\/07\/Kanu2-1024x768.jpg 1024w, http:\/\/www.gv-liederkranz-oetigheim.de\/wp-content\/uploads\/2018\/07\/Kanu2-300x225.jpg 300w, http:\/\/www.gv-liederkranz-oetigheim.de\/wp-content\/uploads\/2018\/07\/Kanu2-768x576.jpg 768w, http:\/\/www.gv-liederkranz-oetigheim.de\/wp-content\/uploads\/2018\/07\/Kanu2.jpg 1600w\" sizes=\"(max-width: 640px) 100vw, 640px\" \/><\/p>\n<p>Nat\u00fcrlich hatten wir gen\u00fcgend Proviant an Bord. So war es auf der H\u00e4lfte der Tour m\u00f6glich zu stranden und ein gem\u00fctliches Picknick einzulegen. Gut gest\u00e4rkt konnte die Tour dann fortgesetzt werden, so dass wir nach 3 \u00bd Stunden mit vielen tollen Eindr\u00fccken von der unber\u00fchrten Natur unserer Rheinauen sicher an unserem Ausgangspunkt angelangten. F\u00fcr die notwendige Abk\u00fchlung sorgte nat\u00fcrlich eine Wasserschlacht mit den Paddeln auf dem Wasser. Alle hatten einen riesen Spa\u00df und waren begeistert, so dass dies bestimmt nicht der letzte Ausflug in dieser Form war. Ein Lob f\u00fcr die tolle Organisation geb\u00fchrt an dieser Stelle J\u00fcrgen Buchdunger und Kirsten K\u00f6lmel. Vielen Dank.<strong>\u00a0<\/strong><\/p>\n","protected":false},"excerpt":{"rendered":"<p>&nbsp; &nbsp; Am Sonntag, 15. Juli trafen sich morgens um 09:30 Uhr 16 begeisterte Wassersportler bei herrlichem Sonnenschein und 28\u00b0C zum gemeinsamen Ausflug. Ziel war der Altrhein bei Eggenstein-Leopoldshafen. Von dort aus ging es nach einer ausf\u00fchrlichen Sicherheitseinweisung mit viel Begeisterung aufs Wasser. Die Kanus waren voll besetzt, trotzdem musste keiner trotz schwankender Angelegenheit das [&hellip;]<\/p>\n","protected":false},"author":3,"featured_media":0,"parent":2028,"menu_order":10,"comment_status":"closed","ping_status":"closed","template":"","meta":{"footnotes":""},"class_list":["post-2148","page","type-page","status-publish","hentry","post"],"_links":{"self":[{"href":"http:\/\/www.gv-liederkranz-oetigheim.de\/index.php?rest_route=\/wp\/v2\/pages\/2148","targetHints":{"allow":["GET"]}}],"collection":[{"href":"http:\/\/www.gv-liederkranz-oetigheim.de\/index.php?rest_route=\/wp\/v2\/pages"}],"about":[{"href":"http:\/\/www.gv-liederkranz-oetigheim.de\/index.php?rest_route=\/wp\/v2\/types\/page"}],"author":[{"embeddable":true,"href":"http:\/\/www.gv-liederkranz-oetigheim.de\/index.php?rest_route=\/wp\/v2\/users\/3"}],"replies":[{"embeddable":true,"href":"http:\/\/www.gv-liederkranz-oetigheim.de\/index.php?rest_route=%2Fwp%2Fv2%2Fcomments&post=2148"}],"version-history":[{"count":0,"href":"http:\/\/www.gv-liederkranz-oetigheim.de\/index.php?rest_route=\/wp\/v2\/pages\/2148\/revisions"}],"up":[{"embeddable":true,"href":"http:\/\/www.gv-liederkranz-oetigheim.de\/index.php?rest_route=\/wp\/v2\/pages\/2028"}],"wp:attachment":[{"href":"http:\/\/www.gv-liederkranz-oetigheim.de\/index.php?rest_route=%2Fwp%2Fv2%2Fmedia&parent=2148"}],"curies":[{"name":"wp","href":"https:\/\/api.w.org\/{rel}","templated":true}]}}