{"id":2122,"date":"2018-06-07T13:37:36","date_gmt":"2018-06-07T11:37:36","guid":{"rendered":"http:\/\/www.gv-liederkranz-oetigheim.de\/?page_id=2122"},"modified":"2018-06-07T13:38:37","modified_gmt":"2018-06-07T11:38:37","slug":"grillfest","status":"publish","type":"page","link":"http:\/\/www.gv-liederkranz-oetigheim.de\/?page_id=2122","title":{"rendered":"Grillfest"},"content":{"rendered":"<p><strong>Seniorenchor sorgte f\u00fcr gute Unterhaltung<\/strong><\/p>\n<p><img fetchpriority=\"high\" decoding=\"async\" class=\"alignleft size-full wp-image-2117\" src=\"http:\/\/www.gv-liederkranz-oetigheim.de\/wp-content\/uploads\/2018\/05\/Grillfest.jpg\" alt=\"\" width=\"709\" height=\"473\" srcset=\"http:\/\/www.gv-liederkranz-oetigheim.de\/wp-content\/uploads\/2018\/05\/Grillfest.jpg 709w, http:\/\/www.gv-liederkranz-oetigheim.de\/wp-content\/uploads\/2018\/05\/Grillfest-300x200.jpg 300w\" sizes=\"(max-width: 709px) 100vw, 709px\" \/><\/p>\n<p>B\u00fcrgermeister Frank Kiefer hatte am vergangenen Donnerstag, 17. Mai die \u00d6tigheimer Senioren zu einem Grillfest eingeladen. Damit hat er eine Wette eingel\u00f6st, die er beim Dorffest 2017 eingegangen ist und verloren hat.<br \/>\nEin mit Partyzelten gestalteter Gemeindeplatz bot hierf\u00fcr das passende Ambiente.<br \/>\nAuch das Speise- und Getr\u00e4nkeangebot lie\u00df keine W\u00fcnsche offen: So wurden wei\u00dfe und rote Grillw\u00fcrste, Steaks und gekonnt dekorierte gemischte Salatteller angeboten. Den Durst konnte man mit s\u00fcffigen Getr\u00e4nken l\u00f6schen.<br \/>\nB\u00fcrgermeister Frank Kiefer stand selbst mit seinem Assistenten Pfarrer Erich Penka hinter der Grillpfanne und hat das k\u00f6stliche Grillgut zubereitet.<br \/>\nF\u00fcr Unterhaltung hatte der Gastgeber den Alleinunterhalter Karlheinz Geiger eingeladen und unseren Seniorenchor. Mit deutschen Schlagern und Volkslieder sorgten wir unter der Leitung von Theo Wild f\u00fcr fr\u00f6hliche Stimmung bei den anwesenden G\u00e4sten.<\/p>\n<p><img decoding=\"async\" class=\"alignleft size-full wp-image-2118\" src=\"http:\/\/www.gv-liederkranz-oetigheim.de\/wp-content\/uploads\/2018\/05\/Grillfest2.jpg\" alt=\"\" width=\"669\" height=\"446\" srcset=\"http:\/\/www.gv-liederkranz-oetigheim.de\/wp-content\/uploads\/2018\/05\/Grillfest2.jpg 669w, http:\/\/www.gv-liederkranz-oetigheim.de\/wp-content\/uploads\/2018\/05\/Grillfest2-300x200.jpg 300w\" sizes=\"(max-width: 669px) 100vw, 669px\" \/><\/p>\n","protected":false},"excerpt":{"rendered":"<p>Seniorenchor sorgte f\u00fcr gute Unterhaltung B\u00fcrgermeister Frank Kiefer hatte am vergangenen Donnerstag, 17. Mai die \u00d6tigheimer Senioren zu einem Grillfest eingeladen. Damit hat er eine Wette eingel\u00f6st, die er beim Dorffest 2017 eingegangen ist und verloren hat. Ein mit Partyzelten gestalteter Gemeindeplatz bot hierf\u00fcr das passende Ambiente. Auch das Speise- und Getr\u00e4nkeangebot lie\u00df keine W\u00fcnsche [&hellip;]<\/p>\n","protected":false},"author":3,"featured_media":0,"parent":2028,"menu_order":8,"comment_status":"closed","ping_status":"closed","template":"","meta":{"footnotes":""},"class_list":["post-2122","page","type-page","status-publish","hentry","post"],"_links":{"self":[{"href":"http:\/\/www.gv-liederkranz-oetigheim.de\/index.php?rest_route=\/wp\/v2\/pages\/2122","targetHints":{"allow":["GET"]}}],"collection":[{"href":"http:\/\/www.gv-liederkranz-oetigheim.de\/index.php?rest_route=\/wp\/v2\/pages"}],"about":[{"href":"http:\/\/www.gv-liederkranz-oetigheim.de\/index.php?rest_route=\/wp\/v2\/types\/page"}],"author":[{"embeddable":true,"href":"http:\/\/www.gv-liederkranz-oetigheim.de\/index.php?rest_route=\/wp\/v2\/users\/3"}],"replies":[{"embeddable":true,"href":"http:\/\/www.gv-liederkranz-oetigheim.de\/index.php?rest_route=%2Fwp%2Fv2%2Fcomments&post=2122"}],"version-history":[{"count":0,"href":"http:\/\/www.gv-liederkranz-oetigheim.de\/index.php?rest_route=\/wp\/v2\/pages\/2122\/revisions"}],"up":[{"embeddable":true,"href":"http:\/\/www.gv-liederkranz-oetigheim.de\/index.php?rest_route=\/wp\/v2\/pages\/2028"}],"wp:attachment":[{"href":"http:\/\/www.gv-liederkranz-oetigheim.de\/index.php?rest_route=%2Fwp%2Fv2%2Fmedia&parent=2122"}],"curies":[{"name":"wp","href":"https:\/\/api.w.org\/{rel}","templated":true}]}}