{"id":2113,"date":"2018-05-15T10:30:57","date_gmt":"2018-05-15T08:30:57","guid":{"rendered":"http:\/\/www.gv-liederkranz-oetigheim.de\/?page_id=2113"},"modified":"2018-05-15T10:30:57","modified_gmt":"2018-05-15T08:30:57","slug":"seniorenchor-unterhaelt-beim-pfarrfest","status":"publish","type":"page","link":"http:\/\/www.gv-liederkranz-oetigheim.de\/?page_id=2113","title":{"rendered":"Seniorenchor unterh\u00e4lt beim Pfarrfest"},"content":{"rendered":"<p>Am vergangenen Wochenende feierte die Katholische Pfarrgemeinde ihr traditionelles Pfarrfest in und um das Geschwister-Scholl-Haus. Traditionell sind auch die Auftritte der musikalischen Vereine aus \u00d6tigheim, dem Musikverein, dem M\u00e4nnergesangverein und dem Gesangverein Liederkranz. F\u00fcr den \u201eLiederkranz\u201c hat in diesem Jahr der \u201eSeniorenchor\u201c diesen Auftritt gerne \u00fcbernommen.<\/p>\n<p><img fetchpriority=\"high\" decoding=\"async\" class=\"alignleft size-large wp-image-2109\" src=\"http:\/\/www.gv-liederkranz-oetigheim.de\/wp-content\/uploads\/2018\/05\/2018-05-13-Seniorenchor-beim-Pfarrfest-1024x683.jpg\" sizes=\"(max-width: 640px) 100vw, 640px\" srcset=\"http:\/\/www.gv-liederkranz-oetigheim.de\/wp-content\/uploads\/2018\/05\/2018-05-13-Seniorenchor-beim-Pfarrfest-1024x683.jpg 1024w, http:\/\/www.gv-liederkranz-oetigheim.de\/wp-content\/uploads\/2018\/05\/2018-05-13-Seniorenchor-beim-Pfarrfest-300x200.jpg 300w, http:\/\/www.gv-liederkranz-oetigheim.de\/wp-content\/uploads\/2018\/05\/2018-05-13-Seniorenchor-beim-Pfarrfest-768x512.jpg 768w\" alt=\"\" width=\"640\" height=\"427\" \/><\/p>\n<p>Mit der Erkennungsmelodie \u201eSeniorenlied\u201c, komponiert und getextet von unserem Chorleiter Theo Wild, starteten wir unser Programm. \u201e\u00dcber den Wolken\u201c, ein von Reinhard Mey bekannt gemachter Schlager, dem Medley \u201eSeemann, deine Heimat ist das Meer\u201c und \u201e\u00dcber Sieben Br\u00fccken musst Du gehen\u201c waren dann weitere bekannte Lieder, die zum Mitsingen eingeladen haben. Zum Abschluss brachten wir noch das beschwingte \u201eTrinklied\u201c zum Vortrag und nach Aufforderung der Festbesucher den von Peter Alexander unnachahmlich interpretierten Schlager \u201eDie kleine Kneipe\u201c als Zugabe.<br \/>\nAlle Vortr\u00e4ge waren Arrangements unseres Chorleiter Theo Wild.<\/p>\n","protected":false},"excerpt":{"rendered":"<p>Am vergangenen Wochenende feierte die Katholische Pfarrgemeinde ihr traditionelles Pfarrfest in und um das Geschwister-Scholl-Haus. Traditionell sind auch die Auftritte der musikalischen Vereine aus \u00d6tigheim, dem Musikverein, dem M\u00e4nnergesangverein und dem Gesangverein Liederkranz. F\u00fcr den \u201eLiederkranz\u201c hat in diesem Jahr der \u201eSeniorenchor\u201c diesen Auftritt gerne \u00fcbernommen. Mit der Erkennungsmelodie \u201eSeniorenlied\u201c, komponiert und getextet von unserem [&hellip;]<\/p>\n","protected":false},"author":3,"featured_media":0,"parent":2028,"menu_order":6,"comment_status":"closed","ping_status":"closed","template":"","meta":{"footnotes":""},"class_list":["post-2113","page","type-page","status-publish","hentry","post"],"_links":{"self":[{"href":"http:\/\/www.gv-liederkranz-oetigheim.de\/index.php?rest_route=\/wp\/v2\/pages\/2113","targetHints":{"allow":["GET"]}}],"collection":[{"href":"http:\/\/www.gv-liederkranz-oetigheim.de\/index.php?rest_route=\/wp\/v2\/pages"}],"about":[{"href":"http:\/\/www.gv-liederkranz-oetigheim.de\/index.php?rest_route=\/wp\/v2\/types\/page"}],"author":[{"embeddable":true,"href":"http:\/\/www.gv-liederkranz-oetigheim.de\/index.php?rest_route=\/wp\/v2\/users\/3"}],"replies":[{"embeddable":true,"href":"http:\/\/www.gv-liederkranz-oetigheim.de\/index.php?rest_route=%2Fwp%2Fv2%2Fcomments&post=2113"}],"version-history":[{"count":0,"href":"http:\/\/www.gv-liederkranz-oetigheim.de\/index.php?rest_route=\/wp\/v2\/pages\/2113\/revisions"}],"up":[{"embeddable":true,"href":"http:\/\/www.gv-liederkranz-oetigheim.de\/index.php?rest_route=\/wp\/v2\/pages\/2028"}],"wp:attachment":[{"href":"http:\/\/www.gv-liederkranz-oetigheim.de\/index.php?rest_route=%2Fwp%2Fv2%2Fmedia&parent=2113"}],"curies":[{"name":"wp","href":"https:\/\/api.w.org\/{rel}","templated":true}]}}