{"id":2105,"date":"2018-05-08T12:59:08","date_gmt":"2018-05-08T10:59:08","guid":{"rendered":"http:\/\/www.gv-liederkranz-oetigheim.de\/?page_id=2105"},"modified":"2018-05-08T12:59:08","modified_gmt":"2018-05-08T10:59:08","slug":"kleine-generalprobe-beim-saengerfest-in-busenbach","status":"publish","type":"page","link":"http:\/\/www.gv-liederkranz-oetigheim.de\/?page_id=2105","title":{"rendered":"\u201eKleine Generalprobe\u201c beim S\u00e4ngerfest in Busenbach"},"content":{"rendered":"<p><img fetchpriority=\"high\" decoding=\"async\" class=\"alignleft size-full wp-image-2102\" src=\"http:\/\/www.gv-liederkranz-oetigheim.de\/wp-content\/uploads\/2018\/05\/Busenbach.jpg\" alt=\"\" width=\"685\" height=\"392\" srcset=\"http:\/\/www.gv-liederkranz-oetigheim.de\/wp-content\/uploads\/2018\/05\/Busenbach.jpg 685w, http:\/\/www.gv-liederkranz-oetigheim.de\/wp-content\/uploads\/2018\/05\/Busenbach-300x172.jpg 300w\" sizes=\"(max-width: 685px) 100vw, 685px\" \/><br \/>\nAm Samstag, 05. Mai, 18:45 Uhr fuhr der M\u00e4nnerchor in Begleitung vieler \u201eFans\u201c mit einem vollbesetzten Bus zum S\u00e4ngerfest nach Busenbach. Einige befreundete Ch\u00f6re aus der n\u00e4heren Umgebung von Busenbach unterhielten an diesem Abend mit Gesangsbeitr\u00e4gen die anwesenden Festbesucher. Zum Schluss \u2013 eigentlich wie jedes Jahr \u2013 war es der Part des M\u00e4nnerchors, mit seinem Auftritt den H\u00f6hepunkt des Abends zu stellen. Mit mehreren Liedern aus dem aktuellen Konzertprogramm ernteten wir gro\u00dfen Applaus.<br \/>\nAls wir dann gegen Ende des Auftritts zusammen mit dem M\u00e4nnerchor der Freundschaft Busenbach die Hymne \u201eDas Morgenrot \u2013 Am k\u00fchlenden Morgen \u2026\u201c sangen, f\u00fchlten sich manche an fr\u00fchere Zeiten erinnert, als es noch viele gro\u00dfe M\u00e4nnerch\u00f6re gab. Es war mal wieder ein gelungener Abend bei unseren Freunden in Busenbach und eine gute Werbung f\u00fcr unser Konzert \u201eSonne und Mond\u201c am Samstag, 12. Mai um 19:00 Uhr in der Mehrzweckhalle.<img decoding=\"async\" class=\"alignleft size-full wp-image-2103\" src=\"http:\/\/www.gv-liederkranz-oetigheim.de\/wp-content\/uploads\/2018\/05\/Busenbacht-2.jpg\" alt=\"\" width=\"669\" height=\"241\" srcset=\"http:\/\/www.gv-liederkranz-oetigheim.de\/wp-content\/uploads\/2018\/05\/Busenbacht-2.jpg 669w, http:\/\/www.gv-liederkranz-oetigheim.de\/wp-content\/uploads\/2018\/05\/Busenbacht-2-300x108.jpg 300w\" sizes=\"(max-width: 669px) 100vw, 669px\" \/><\/p>\n","protected":false},"excerpt":{"rendered":"<p>Am Samstag, 05. Mai, 18:45 Uhr fuhr der M\u00e4nnerchor in Begleitung vieler \u201eFans\u201c mit einem vollbesetzten Bus zum S\u00e4ngerfest nach Busenbach. Einige befreundete Ch\u00f6re aus der n\u00e4heren Umgebung von Busenbach unterhielten an diesem Abend mit Gesangsbeitr\u00e4gen die anwesenden Festbesucher. Zum Schluss \u2013 eigentlich wie jedes Jahr \u2013 war es der Part des M\u00e4nnerchors, mit seinem [&hellip;]<\/p>\n","protected":false},"author":3,"featured_media":0,"parent":2028,"menu_order":4,"comment_status":"closed","ping_status":"closed","template":"","meta":{"footnotes":""},"class_list":["post-2105","page","type-page","status-publish","hentry","post"],"_links":{"self":[{"href":"http:\/\/www.gv-liederkranz-oetigheim.de\/index.php?rest_route=\/wp\/v2\/pages\/2105","targetHints":{"allow":["GET"]}}],"collection":[{"href":"http:\/\/www.gv-liederkranz-oetigheim.de\/index.php?rest_route=\/wp\/v2\/pages"}],"about":[{"href":"http:\/\/www.gv-liederkranz-oetigheim.de\/index.php?rest_route=\/wp\/v2\/types\/page"}],"author":[{"embeddable":true,"href":"http:\/\/www.gv-liederkranz-oetigheim.de\/index.php?rest_route=\/wp\/v2\/users\/3"}],"replies":[{"embeddable":true,"href":"http:\/\/www.gv-liederkranz-oetigheim.de\/index.php?rest_route=%2Fwp%2Fv2%2Fcomments&post=2105"}],"version-history":[{"count":0,"href":"http:\/\/www.gv-liederkranz-oetigheim.de\/index.php?rest_route=\/wp\/v2\/pages\/2105\/revisions"}],"up":[{"embeddable":true,"href":"http:\/\/www.gv-liederkranz-oetigheim.de\/index.php?rest_route=\/wp\/v2\/pages\/2028"}],"wp:attachment":[{"href":"http:\/\/www.gv-liederkranz-oetigheim.de\/index.php?rest_route=%2Fwp%2Fv2%2Fmedia&parent=2105"}],"curies":[{"name":"wp","href":"https:\/\/api.w.org\/{rel}","templated":true}]}}