{"id":2092,"date":"2018-04-24T08:59:54","date_gmt":"2018-04-24T06:59:54","guid":{"rendered":"http:\/\/www.gv-liederkranz-oetigheim.de\/?page_id=2092"},"modified":"2018-04-24T09:02:24","modified_gmt":"2018-04-24T07:02:24","slug":"stehende-ovationen-fuer-good-vibrations","status":"publish","type":"page","link":"http:\/\/www.gv-liederkranz-oetigheim.de\/?page_id=2092","title":{"rendered":"Stehende Ovationen f\u00fcr Good Vibrations"},"content":{"rendered":"<p style=\"text-align: justify;\">Das von vielen mit Spannung erwartete Konzert \u201eAuf einer Welle mit Good Vibrations\u201c ging am letzten Samstag mit Bravour \u00fcber die B\u00fchne.<\/p>\n<p style=\"text-align: justify;\"><img fetchpriority=\"high\" decoding=\"async\" class=\"alignleft size-large wp-image-2088\" src=\"http:\/\/www.gv-liederkranz-oetigheim.de\/wp-content\/uploads\/2018\/04\/Gemeindeanzeiger-2018-16_Konzert-1024x683.jpg\" alt=\"\" width=\"640\" height=\"427\" srcset=\"http:\/\/www.gv-liederkranz-oetigheim.de\/wp-content\/uploads\/2018\/04\/Gemeindeanzeiger-2018-16_Konzert-1024x683.jpg 1024w, http:\/\/www.gv-liederkranz-oetigheim.de\/wp-content\/uploads\/2018\/04\/Gemeindeanzeiger-2018-16_Konzert-300x200.jpg 300w, http:\/\/www.gv-liederkranz-oetigheim.de\/wp-content\/uploads\/2018\/04\/Gemeindeanzeiger-2018-16_Konzert-768x512.jpg 768w\" sizes=\"(max-width: 640px) 100vw, 640px\" \/><\/p>\n<p style=\"text-align: justify;\">Ca. 30 S\u00e4ngerinnen und S\u00e4nger und die Dirigentin Mercedes Guerrero Arciniegas waren gut aufgelegt und freuten sich, vor zahlreich erschienenem Publikum Hits und Evergreens der letzten Jahrzehnte vorzutragen. Eingestimmt auf die verschiedenen Songs wurden die Anwesenden durch die Moderatorin Ulrike We\u00dfbecher, die in ihrer charmanten Art und Weise so manche Hintergrundinformation gab. Zu Geh\u00f6r kamen gelungene Interpretationen von \u201eYou\u2019ve got a Friend\u201c, \u201eThink of me\u201c, dem Nena-Song \u201eirgendwie, irgendwo, irgendwann\u201c, \u201eConquest of paradies\u201c, \u201eNew York, New York\u201d, \u201cYou raise me up\u201d und nat\u00fcrlich dem Song, der dem Konzert das Thema gab: \u201eDie perfekte Welle\u201c, um nur einige zu nennen.<br \/>\nImmer zwischendurch sorgte das 7k\u00f6pfige Gesangs-Ensemble \u201eForum Musicum\u201c der Musikschule Ettlingen f\u00fcr Abwechslung. Die Damen mit ihrer Dirigentin Dagmar Landmann unterhielten das Publikum mit \u201eWhat a wonderful world\u201c begleitet am Klavier von Pianistin Ana Cho und den a capella gesungenen Songs \u201eMoney, money, money\u201c, \u201eHalleluja\u201c und dem kabarettistisch vorgetragenen \u201eIn jeder Frau steckt ein St\u00fcck Hefe\u201c.<\/p>\n<p style=\"text-align: justify;\">Zum Schluss des Konzerts erkl\u00e4rte Good Vibrations dem Publikum mit dem Song \u201eBecause we sing\u201c warum wir singen: Wer singt macht die Welt heller. Musik, die Sprache der Liebe, dringt in unsere Herzen und l\u00e4sst sie leichter schlagen.<\/p>\n<p style=\"text-align: justify;\">Mit \u201eNew York, New York\u201c und \u201eYou raise me up\u201c als Zugabe bedankte sich der Chor beim Publikum, das mit stehenden Ovationen den Chor feierte. Schade, dass wir nicht alle Kartenw\u00fcnsche erf\u00fcllen konnten.<\/p>\n<p style=\"text-align: justify;\">Wir, Good Vibrations\u201c bedanken uns nicht nur bei unseren Sponsoren sondern bei allen, die uns durch ihr Kommen unterst\u00fctzt haben, bei allen Aktiven auf der B\u00fchne, besonders bei unserer musikalischen Leiterin Frau Mercedes Guerrero Arciniegas und den Musikern Klaus Oberle am Sax und Klarinette, Florian Rastetter am Bass, Daniel Kessler am Schlagzeug und den Percussions und der Pianistin Ana Cho am Klavier. Besonderer Dank gilt der Moderatorin Ulrike We\u00dfbecher, die ebenso wie der Chor viel Zeit in ihre Vorbereitung investiert hat. Danken wollen wir auch besonders den Vertretern der Presse f\u00fcr ihre positive Berichterstattung im BT und in der BNN, unseren Ton- und Lichttechnikern Heiko Rupp und Johannes Kohm f\u00fcr das Ambiente, dem ganzen Bewirtungsteam f\u00fcr ihre Arbeit vor dem Konzert, in der Pause und auch danach.<\/p>\n<p style=\"text-align: justify;\"><img decoding=\"async\" class=\"alignleft size-large wp-image-2087\" src=\"http:\/\/www.gv-liederkranz-oetigheim.de\/wp-content\/uploads\/2018\/04\/Gemeindeanzeiger-2018-16_Konzert-Helfer-1024x683.jpg\" alt=\"\" width=\"640\" height=\"427\" srcset=\"http:\/\/www.gv-liederkranz-oetigheim.de\/wp-content\/uploads\/2018\/04\/Gemeindeanzeiger-2018-16_Konzert-Helfer-1024x683.jpg 1024w, http:\/\/www.gv-liederkranz-oetigheim.de\/wp-content\/uploads\/2018\/04\/Gemeindeanzeiger-2018-16_Konzert-Helfer-300x200.jpg 300w, http:\/\/www.gv-liederkranz-oetigheim.de\/wp-content\/uploads\/2018\/04\/Gemeindeanzeiger-2018-16_Konzert-Helfer-768x512.jpg 768w\" sizes=\"(max-width: 640px) 100vw, 640px\" \/><\/p>\n<p style=\"text-align: justify;\">Sie haben u. A. K\u00e4sespie\u00dfe und Muffins verkauft, die morgens von mehreren Frauen des Chors selbst gemacht, bzw. gebacken wurden. Auch diesen Damen gilt ein herzliches \u201eVergelt\u2019s Gott\u201c des Vereins f\u00fcr die leckere Spende.<\/p>\n<p style=\"text-align: justify;\">Ein gro\u00dfer Dank geht auch an die Kath. Pfarrgemeinde f\u00fcr die \u00dcberlassung des Geschwister-Scholl-Hauses und in Person an Ruth Sparka im Pfarrb\u00fcro und an Betina Harlacher f\u00fcr die administrative Unterst\u00fctzung. Ebenso danken wir der Gemeindeverwaltung, hier den Damen des B\u00fcrgerservices f\u00fcr die Zurverf\u00fcgungstellung der Prober\u00e4umlichkeiten in den verschiedenen Immobilien w\u00e4hrend der letzten Monaten und Herrn Schindzielorz f\u00fcr die Lieferung und Abholung der Podeste.<\/p>\n<p style=\"text-align: justify;\">Ohne die vielen Helfer w\u00e4re ein solches Konzert nicht m\u00f6glich &#8211; herzlichen DANK!<\/p>\n<p style=\"text-align: justify;\">Bitte beachten Sie auch die Berichte im Badischen Tagblatt und der BNN, jeweils vom Montag, 16. Juni.<\/p>\n<p style=\"text-align: justify;\"><strong>\u00a0<a href=\"http:\/\/www.gv-liederkranz-oetigheim.de\/wp-content\/uploads\/2018\/04\/BT-Bericht-vom-16.04.2018.pdf\" target=\"_blank\" rel=\"noopener\">BT Bericht vom 16.04.2018<\/a><\/strong><\/p>\n","protected":false},"excerpt":{"rendered":"<p>Das von vielen mit Spannung erwartete Konzert \u201eAuf einer Welle mit Good Vibrations\u201c ging am letzten Samstag mit Bravour \u00fcber die B\u00fchne. Ca. 30 S\u00e4ngerinnen und S\u00e4nger und die Dirigentin Mercedes Guerrero Arciniegas waren gut aufgelegt und freuten sich, vor zahlreich erschienenem Publikum Hits und Evergreens der letzten Jahrzehnte vorzutragen. Eingestimmt auf die verschiedenen Songs [&hellip;]<\/p>\n","protected":false},"author":3,"featured_media":0,"parent":2028,"menu_order":3,"comment_status":"closed","ping_status":"closed","template":"","meta":{"footnotes":""},"class_list":["post-2092","page","type-page","status-publish","hentry","post"],"_links":{"self":[{"href":"http:\/\/www.gv-liederkranz-oetigheim.de\/index.php?rest_route=\/wp\/v2\/pages\/2092","targetHints":{"allow":["GET"]}}],"collection":[{"href":"http:\/\/www.gv-liederkranz-oetigheim.de\/index.php?rest_route=\/wp\/v2\/pages"}],"about":[{"href":"http:\/\/www.gv-liederkranz-oetigheim.de\/index.php?rest_route=\/wp\/v2\/types\/page"}],"author":[{"embeddable":true,"href":"http:\/\/www.gv-liederkranz-oetigheim.de\/index.php?rest_route=\/wp\/v2\/users\/3"}],"replies":[{"embeddable":true,"href":"http:\/\/www.gv-liederkranz-oetigheim.de\/index.php?rest_route=%2Fwp%2Fv2%2Fcomments&post=2092"}],"version-history":[{"count":0,"href":"http:\/\/www.gv-liederkranz-oetigheim.de\/index.php?rest_route=\/wp\/v2\/pages\/2092\/revisions"}],"up":[{"embeddable":true,"href":"http:\/\/www.gv-liederkranz-oetigheim.de\/index.php?rest_route=\/wp\/v2\/pages\/2028"}],"wp:attachment":[{"href":"http:\/\/www.gv-liederkranz-oetigheim.de\/index.php?rest_route=%2Fwp%2Fv2%2Fmedia&parent=2092"}],"curies":[{"name":"wp","href":"https:\/\/api.w.org\/{rel}","templated":true}]}}