{"id":2042,"date":"2018-01-24T12:10:31","date_gmt":"2018-01-24T10:10:31","guid":{"rendered":"http:\/\/www.gv-liederkranz-oetigheim.de\/?page_id=2042"},"modified":"2018-01-24T12:12:52","modified_gmt":"2018-01-24T10:12:52","slug":"seniorennachmittag-6-januar","status":"publish","type":"page","link":"http:\/\/www.gv-liederkranz-oetigheim.de\/?page_id=2042","title":{"rendered":"Seniorennachmittag 6. Januar"},"content":{"rendered":"<p>Die Mitgestaltung des Seniorennachmittags der Gemeinde am \u201eDrei K\u00f6nigs-Tag\u201c 6. Januar in der Mehrzweckhalle war der erste \u00f6ffentliche Auftritt des Liederkranz-Seniorenchors im Jahr 2018. Dieser Auftritt ist f\u00fcr unseren Chor schon zur Tradition geworden, erfreuen wir doch im zweij\u00e4hrigen Rhythmus unsere \u00e4lteren Mitb\u00fcrger mit Volkslieder und Schlagermusik bei dieser Veranstaltung.<img fetchpriority=\"high\" decoding=\"async\" class=\"alignleft size-large wp-image-2037\" src=\"http:\/\/www.gv-liederkranz-oetigheim.de\/wp-content\/uploads\/2014\/02\/2018-02_Seniorennachmittag-1024x683.jpg\" alt=\"\" width=\"640\" height=\"427\" srcset=\"http:\/\/www.gv-liederkranz-oetigheim.de\/wp-content\/uploads\/2014\/02\/2018-02_Seniorennachmittag-1024x683.jpg 1024w, http:\/\/www.gv-liederkranz-oetigheim.de\/wp-content\/uploads\/2014\/02\/2018-02_Seniorennachmittag-300x200.jpg 300w, http:\/\/www.gv-liederkranz-oetigheim.de\/wp-content\/uploads\/2014\/02\/2018-02_Seniorennachmittag-768x512.jpg 768w\" sizes=\"(max-width: 640px) 100vw, 640px\" \/><br \/>\nMit unserer Erkennungsmelodie er\u00f6ffneten wir das Programm. Die schw\u00e4bische Volksweise \u201eHorch was kommt von drau\u00dfen rein\u201c und das Volkslied \u201eIm sch\u00f6nsten Wiesengrunde\u201c waren dann Vortr\u00e4ge, die zum Mitsingen animierten. \u201eDie kleine Kneipe\u201c, ein von Peter Alexander in den 80er Jahren bekannt gemachter Schlager und \u201eCalypso-Time\u201c, ein Potpourri bekannter Melodien brachten dann eine \u00fcberschw\u00e4ngliche Stimmung in den vollbesetzten Saal.<br \/>\nZum Abschluss brachten wir noch den Hit aus dem Jahr 1965, \u201eMarmor, Stein und Eisen bricht\u201c zum Vortrag. Es war ein gelungener Beitrag unseres Chors bei dieser Veranstaltung. Alle Vortr\u00e4ge sind Arrangements unseres Chorleiters Theo Wild.<\/p>\n","protected":false},"excerpt":{"rendered":"<p>Die Mitgestaltung des Seniorennachmittags der Gemeinde am \u201eDrei K\u00f6nigs-Tag\u201c 6. Januar in der Mehrzweckhalle war der erste \u00f6ffentliche Auftritt des Liederkranz-Seniorenchors im Jahr 2018. Dieser Auftritt ist f\u00fcr unseren Chor schon zur Tradition geworden, erfreuen wir doch im zweij\u00e4hrigen Rhythmus unsere \u00e4lteren Mitb\u00fcrger mit Volkslieder und Schlagermusik bei dieser Veranstaltung. Mit unserer Erkennungsmelodie er\u00f6ffneten wir [&hellip;]<\/p>\n","protected":false},"author":3,"featured_media":0,"parent":2028,"menu_order":0,"comment_status":"closed","ping_status":"closed","template":"onecolumn-page.php","meta":{"footnotes":""},"class_list":["post-2042","page","type-page","status-publish","hentry","post"],"_links":{"self":[{"href":"http:\/\/www.gv-liederkranz-oetigheim.de\/index.php?rest_route=\/wp\/v2\/pages\/2042","targetHints":{"allow":["GET"]}}],"collection":[{"href":"http:\/\/www.gv-liederkranz-oetigheim.de\/index.php?rest_route=\/wp\/v2\/pages"}],"about":[{"href":"http:\/\/www.gv-liederkranz-oetigheim.de\/index.php?rest_route=\/wp\/v2\/types\/page"}],"author":[{"embeddable":true,"href":"http:\/\/www.gv-liederkranz-oetigheim.de\/index.php?rest_route=\/wp\/v2\/users\/3"}],"replies":[{"embeddable":true,"href":"http:\/\/www.gv-liederkranz-oetigheim.de\/index.php?rest_route=%2Fwp%2Fv2%2Fcomments&post=2042"}],"version-history":[{"count":0,"href":"http:\/\/www.gv-liederkranz-oetigheim.de\/index.php?rest_route=\/wp\/v2\/pages\/2042\/revisions"}],"up":[{"embeddable":true,"href":"http:\/\/www.gv-liederkranz-oetigheim.de\/index.php?rest_route=\/wp\/v2\/pages\/2028"}],"wp:attachment":[{"href":"http:\/\/www.gv-liederkranz-oetigheim.de\/index.php?rest_route=%2Fwp%2Fv2%2Fmedia&parent=2042"}],"curies":[{"name":"wp","href":"https:\/\/api.w.org\/{rel}","templated":true}]}}