{"id":2028,"date":"2018-01-10T13:57:19","date_gmt":"2018-01-10T11:57:19","guid":{"rendered":"http:\/\/www.gv-liederkranz-oetigheim.de\/?page_id=2028"},"modified":"2019-09-24T11:56:32","modified_gmt":"2019-09-24T09:56:32","slug":"terminplan-2018","status":"publish","type":"page","link":"http:\/\/www.gv-liederkranz-oetigheim.de\/?page_id=2028","title":{"rendered":"Termine 2018"},"content":{"rendered":"<table style=\"width: 773px;\">\n<tbody>\n<tr>\n<td style=\"width: 23px;\">Sa.<\/td>\n<td style=\"width: 13.0333px;\">06.01.<\/td>\n<td style=\"width: 161.967px;\"><\/td>\n<td style=\"width: 485px;\" colspan=\"4\"><a href=\"http:\/\/www.gv-liederkranz-oetigheim.de\/?page_id=2042\">Seniorennachmittag der Gemeinde in der Mehrzweckhalle<\/a><\/td>\n<\/tr>\n<tr>\n<td style=\"width: 23px;\">Sa.<\/td>\n<td style=\"width: 13.0333px;\">14.04.<\/td>\n<td style=\"width: 161.967px;\">19:00 Uhr<\/td>\n<td style=\"width: 485px;\" colspan=\"4\"><a href=\"http:\/\/www.gv-liederkranz-oetigheim.de\/?page_id=2092\">Good Vibrations &#8211; Konzert im GSH<\/a><\/td>\n<\/tr>\n<tr>\n<td style=\"width: 23px;\">Sa.<\/td>\n<td style=\"width: 13.0333px;\">05.05.<\/td>\n<td style=\"width: 161.967px;\">18:45 Uhr<\/td>\n<td style=\"width: 304px;\" colspan=\"4\"><a href=\"http:\/\/www.gv-liederkranz-oetigheim.de\/?page_id=2105\" target=\"_blank\" rel=\"noopener noreferrer\">M\u00e4nnerchor &#8211; S\u00e4ngerfest in Busenbach<\/a><\/td>\n<\/tr>\n<tr>\n<td style=\"width: 23px;\">Sa.<\/td>\n<td style=\"width: 13.0333px;\">12.05.<\/td>\n<td style=\"width: 161.967px;\">19:00 Uhr<\/td>\n<td style=\"width: 485px;\" colspan=\"4\"><a href=\"http:\/\/www.gv-liederkranz-oetigheim.de\/?page_id=2111\" target=\"_blank\" rel=\"noopener noreferrer\">M\u00e4nnerchor &#8211; Konzert in der MZH<\/a><\/td>\n<\/tr>\n<tr>\n<td style=\"width: 23px;\">So.<\/td>\n<td style=\"width: 13.0333px;\">13.05.<\/td>\n<td style=\"width: 161.967px;\">11:15 Uhr<\/td>\n<td style=\"width: 485px;\" colspan=\"4\"><a href=\"http:\/\/www.gv-liederkranz-oetigheim.de\/?page_id=2113\" target=\"_blank\" rel=\"noopener noreferrer\">Seniorenchor &#8211; Pfarrfest \u00d6tigheim<\/a><\/td>\n<\/tr>\n<tr>\n<td style=\"width: 23px;\">Do.<\/td>\n<td style=\"width: 13.0333px;\">17.05.<\/td>\n<td style=\"width: 161.967px;\"><\/td>\n<td style=\"width: 485px;\" colspan=\"4\"><a href=\"http:\/\/www.gv-liederkranz-oetigheim.de\/?page_id=2122\" target=\"_blank\" rel=\"noopener noreferrer\">Grillfest<\/a><\/td>\n<\/tr>\n<tr>\n<td style=\"width: 23px;\">Fr.<\/td>\n<td style=\"width: 13.0333px;\">01.06.<\/td>\n<td style=\"width: 161.967px;\"><\/td>\n<td style=\"width: 485px;\" colspan=\"4\"><a href=\"http:\/\/www.gv-liederkranz-oetigheim.de\/?page_id=2125\">Trauung von Betina Heitz und Thomas Kraft<\/a><\/td>\n<\/tr>\n<tr>\n<td style=\"width: 23px;\">So.<\/td>\n<td style=\"width: 13.0333px;\">15.07.<\/td>\n<td style=\"width: 161.967px;\">9:30 Uhr<\/td>\n<td style=\"width: 485px;\" colspan=\"4\"><a href=\"http:\/\/www.gv-liederkranz-oetigheim.de\/?page_id=2148\" target=\"_blank\" rel=\"noopener noreferrer\">Kanuausflug von Good Vibrations<\/a><\/td>\n<\/tr>\n<\/tbody>\n<\/table>\n","protected":false},"excerpt":{"rendered":"<p>Sa. 06.01. Seniorennachmittag der Gemeinde in der Mehrzweckhalle Sa. 14.04. 19:00 Uhr Good Vibrations &#8211; Konzert im GSH Sa. 05.05. 18:45 Uhr M\u00e4nnerchor &#8211; S\u00e4ngerfest in Busenbach Sa. 12.05. 19:00 Uhr M\u00e4nnerchor &#8211; Konzert in der MZH So. 13.05. 11:15 Uhr Seniorenchor &#8211; Pfarrfest \u00d6tigheim Do. 17.05. Grillfest Fr. 01.06. Trauung von Betina Heitz und [&hellip;]<\/p>\n","protected":false},"author":3,"featured_media":0,"parent":760,"menu_order":1,"comment_status":"closed","ping_status":"closed","template":"","meta":{"footnotes":""},"class_list":["post-2028","page","type-page","status-publish","hentry","post"],"_links":{"self":[{"href":"http:\/\/www.gv-liederkranz-oetigheim.de\/index.php?rest_route=\/wp\/v2\/pages\/2028","targetHints":{"allow":["GET"]}}],"collection":[{"href":"http:\/\/www.gv-liederkranz-oetigheim.de\/index.php?rest_route=\/wp\/v2\/pages"}],"about":[{"href":"http:\/\/www.gv-liederkranz-oetigheim.de\/index.php?rest_route=\/wp\/v2\/types\/page"}],"author":[{"embeddable":true,"href":"http:\/\/www.gv-liederkranz-oetigheim.de\/index.php?rest_route=\/wp\/v2\/users\/3"}],"replies":[{"embeddable":true,"href":"http:\/\/www.gv-liederkranz-oetigheim.de\/index.php?rest_route=%2Fwp%2Fv2%2Fcomments&post=2028"}],"version-history":[{"count":0,"href":"http:\/\/www.gv-liederkranz-oetigheim.de\/index.php?rest_route=\/wp\/v2\/pages\/2028\/revisions"}],"up":[{"embeddable":true,"href":"http:\/\/www.gv-liederkranz-oetigheim.de\/index.php?rest_route=\/wp\/v2\/pages\/760"}],"wp:attachment":[{"href":"http:\/\/www.gv-liederkranz-oetigheim.de\/index.php?rest_route=%2Fwp%2Fv2%2Fmedia&parent=2028"}],"curies":[{"name":"wp","href":"https:\/\/api.w.org\/{rel}","templated":true}]}}