{"id":2007,"date":"2017-10-25T15:32:08","date_gmt":"2017-10-25T13:32:08","guid":{"rendered":"http:\/\/www.gv-liederkranz-oetigheim.de\/?page_id=2007"},"modified":"2017-10-25T15:34:06","modified_gmt":"2017-10-25T13:34:06","slug":"liederkranz-senioren-on-tour","status":"publish","type":"page","link":"http:\/\/www.gv-liederkranz-oetigheim.de\/?page_id=2007","title":{"rendered":"Liederkranz-Senioren \u201eon Tour\u201c"},"content":{"rendered":"<p style=\"text-align: justify;\">Am Donnerstag, 12. Oktober stand bei herrlichem Wetter die n\u00e4chste Exkursion der Liederkranz-Senioren auf dem Programm. Ziel war dieses Mal die sch\u00f6ne Mosel. Um 06:30 Uhr war bereits die Busabfahrt beim Rathaus angesagt. Durch herbstliche Hunsr\u00fcck-W\u00e4lder ging die Fahrt nach Bernkastel-Kues, wo wir um 11:15 Uhr Schifffahrtskarten gebucht hatten, um bis zum Kloster Machern zu schippern.<strong><img fetchpriority=\"high\" decoding=\"async\" class=\"alignleft size-large wp-image-2002\" src=\"http:\/\/www.gv-liederkranz-oetigheim.de\/wp-content\/uploads\/2014\/02\/Moseltour-1024x577.jpg\" alt=\"\" width=\"640\" height=\"361\" srcset=\"http:\/\/www.gv-liederkranz-oetigheim.de\/wp-content\/uploads\/2014\/02\/Moseltour-1024x577.jpg 1024w, http:\/\/www.gv-liederkranz-oetigheim.de\/wp-content\/uploads\/2014\/02\/Moseltour-300x169.jpg 300w, http:\/\/www.gv-liederkranz-oetigheim.de\/wp-content\/uploads\/2014\/02\/Moseltour-768x433.jpg 768w, http:\/\/www.gv-liederkranz-oetigheim.de\/wp-content\/uploads\/2014\/02\/Moseltour.jpg 1550w\" sizes=\"(max-width: 640px) 100vw, 640px\" \/><\/strong><br \/>\nDort angekommen, genossen wir in herrlicher idyllischer Lage, umgeben von Weinbergen direkt gegen\u00fcber dem Weinort Zeltingen die regionale K\u00fcche der Brauereigastst\u00e4tte im ehemalige Zisterzienserinnenkloster.<br \/>\nNach dem Essen ging es mit dem Bus weiter zu dem Weinort Zell an der Mosel, direkt an der Moselschleife. Begr\u00fc\u00dft wurden wir dort im Rathaus von der Zeller Weink\u00f6nigin Julia mit einem Gl\u00e4schen Moselwein \u201eZeller Schwarze Katz\u201c, dem wohl bekanntesten Wein dieses St\u00e4dtchens. Danach machten wir noch einen Rundgang durch diese sehenswerte Fachwerkstadt, deren Gr\u00fcndung auf die R\u00f6mer bereits 70 n. Chr. zur\u00fcckging. Ein wundersch\u00f6ner und erlebnisreicher Tag ging zu Ende, um 16:00 Uhr war die R\u00fcckfahrt geplant.<strong><img decoding=\"async\" class=\"alignleft size-large wp-image-2003\" src=\"http:\/\/www.gv-liederkranz-oetigheim.de\/wp-content\/uploads\/2014\/02\/Moseltour2-1024x576.jpg\" alt=\"\" width=\"640\" height=\"360\" srcset=\"http:\/\/www.gv-liederkranz-oetigheim.de\/wp-content\/uploads\/2014\/02\/Moseltour2-1024x576.jpg 1024w, http:\/\/www.gv-liederkranz-oetigheim.de\/wp-content\/uploads\/2014\/02\/Moseltour2-300x169.jpg 300w, http:\/\/www.gv-liederkranz-oetigheim.de\/wp-content\/uploads\/2014\/02\/Moseltour2-768x432.jpg 768w, http:\/\/www.gv-liederkranz-oetigheim.de\/wp-content\/uploads\/2014\/02\/Moseltour2.jpg 1533w\" sizes=\"(max-width: 640px) 100vw, 640px\" \/><\/strong><\/p>\n","protected":false},"excerpt":{"rendered":"<p>Am Donnerstag, 12. Oktober stand bei herrlichem Wetter die n\u00e4chste Exkursion der Liederkranz-Senioren auf dem Programm. Ziel war dieses Mal die sch\u00f6ne Mosel. Um 06:30 Uhr war bereits die Busabfahrt beim Rathaus angesagt. Durch herbstliche Hunsr\u00fcck-W\u00e4lder ging die Fahrt nach Bernkastel-Kues, wo wir um 11:15 Uhr Schifffahrtskarten gebucht hatten, um bis zum Kloster Machern zu [&hellip;]<\/p>\n","protected":false},"author":3,"featured_media":0,"parent":1746,"menu_order":8,"comment_status":"closed","ping_status":"closed","template":"","meta":{"footnotes":""},"class_list":["post-2007","page","type-page","status-publish","hentry","post"],"_links":{"self":[{"href":"http:\/\/www.gv-liederkranz-oetigheim.de\/index.php?rest_route=\/wp\/v2\/pages\/2007","targetHints":{"allow":["GET"]}}],"collection":[{"href":"http:\/\/www.gv-liederkranz-oetigheim.de\/index.php?rest_route=\/wp\/v2\/pages"}],"about":[{"href":"http:\/\/www.gv-liederkranz-oetigheim.de\/index.php?rest_route=\/wp\/v2\/types\/page"}],"author":[{"embeddable":true,"href":"http:\/\/www.gv-liederkranz-oetigheim.de\/index.php?rest_route=\/wp\/v2\/users\/3"}],"replies":[{"embeddable":true,"href":"http:\/\/www.gv-liederkranz-oetigheim.de\/index.php?rest_route=%2Fwp%2Fv2%2Fcomments&post=2007"}],"version-history":[{"count":0,"href":"http:\/\/www.gv-liederkranz-oetigheim.de\/index.php?rest_route=\/wp\/v2\/pages\/2007\/revisions"}],"up":[{"embeddable":true,"href":"http:\/\/www.gv-liederkranz-oetigheim.de\/index.php?rest_route=\/wp\/v2\/pages\/1746"}],"wp:attachment":[{"href":"http:\/\/www.gv-liederkranz-oetigheim.de\/index.php?rest_route=%2Fwp%2Fv2%2Fmedia&parent=2007"}],"curies":[{"name":"wp","href":"https:\/\/api.w.org\/{rel}","templated":true}]}}