{"id":2005,"date":"2017-10-25T15:12:14","date_gmt":"2017-10-25T13:12:14","guid":{"rendered":"http:\/\/www.gv-liederkranz-oetigheim.de\/?page_id=2005"},"modified":"2017-10-25T15:36:12","modified_gmt":"2017-10-25T13:36:12","slug":"ehrungsmatinee-2017-der-saengergruppe-nord-in-oetigheim","status":"publish","type":"page","link":"http:\/\/www.gv-liederkranz-oetigheim.de\/?page_id=2005","title":{"rendered":"Ehrungsmatinee 2017 der S\u00e4ngergruppe Nord in \u00d6tigheim"},"content":{"rendered":"<p><strong><img fetchpriority=\"high\" decoding=\"async\" class=\"alignleft size-large wp-image-2001\" src=\"http:\/\/www.gv-liederkranz-oetigheim.de\/wp-content\/uploads\/2014\/02\/Ehrungsmatinee2017-1024x768.jpg\" alt=\"\" width=\"640\" height=\"480\" srcset=\"http:\/\/www.gv-liederkranz-oetigheim.de\/wp-content\/uploads\/2014\/02\/Ehrungsmatinee2017-1024x768.jpg 1024w, http:\/\/www.gv-liederkranz-oetigheim.de\/wp-content\/uploads\/2014\/02\/Ehrungsmatinee2017-300x225.jpg 300w, http:\/\/www.gv-liederkranz-oetigheim.de\/wp-content\/uploads\/2014\/02\/Ehrungsmatinee2017-768x576.jpg 768w, http:\/\/www.gv-liederkranz-oetigheim.de\/wp-content\/uploads\/2014\/02\/Ehrungsmatinee2017.jpg 1532w\" sizes=\"(max-width: 640px) 100vw, 640px\" \/><\/strong> Die S\u00e4ngergruppe Nord im Mittelbadischen S\u00e4ngerkreis (MSK) ehrt j\u00e4hrlich im Rahmen einer zentralen Ehrungsveranstaltung verdiente S\u00e4ngerinnen und S\u00e4nger f\u00fcr ihre langj\u00e4hrige aktive S\u00e4ngert\u00e4tigkeit in den Mitgliedsvereinen. In diesem Jahr fand das Event, gestaltet und unterst\u00fctzt vom MGV 1863 \u00d6tigheim und vom GV Liederkranz \u00d6tigheim, in der Mehrzweckhalle in \u00d6tigheim statt. Besonderer Dank f\u00fcr die organisatorischen Vorbereitungen von Seiten des Liederkranzes geb\u00fchrt hierbei unserem Pr\u00e4sidiumsmitglieds Roland Fechner sowie unserem Schriftf\u00fchrer Gunther Eisele. Musikalisch umrahmt wurde das Programm vom Frauenchor \u201eBelleAmie\u201c des MGV 1863 \u00d6tigheim und von unserem M\u00e4nnerchor unter der Leitung von Matthias Hammerschmitt. Bevor der Gruppenvorsitzende Helmut Schorpp die Anwesenden begr\u00fc\u00dfte, er\u00f6ffnete unser M\u00e4nnerchor mit \u201eDas Morgenrot\u201c von R. Pracht die Veranstaltung. Anschlie\u00dfend folgte das Lied \u201eDie wahre Liebe\u201c von Leos Jan\u00e1cek. Nach weiteren Gru\u00dfworten vom Pr\u00e4sidenten des MSK Rolf Peter sowie von B\u00fcrgermeister Frank Kiefer schlossen sich die Ehrungen an. Vom Liederkranz wurden Rosemarie K\u00fchn und Anni Weidenbacher f\u00fcr 25 aktive S\u00e4ngerjahre und Gunther Eisele (fehlt auf dem Bild) sowie Hans-Georg Wittmann f\u00fcr 40-j\u00e4hrige S\u00e4ngert\u00e4tigkeit geehrt. Zwischen den Ehrungen sang der Frauenchor BelleAmie unter der Direktion von Annedore Hacker. Den musikalischen Abschluss der Ehrungsmatinee bildeten BelleAmie und unser M\u00e4nnerchor gemeinsam als gemischter Chor mit \u201eSailing\u201c von Gavin Maurice Sutherland unter der Leitung von Annedore Hacker begleitet am Klavier von Matthias Hammerschmitt.<\/p>\n","protected":false},"excerpt":{"rendered":"<p>Die S\u00e4ngergruppe Nord im Mittelbadischen S\u00e4ngerkreis (MSK) ehrt j\u00e4hrlich im Rahmen einer zentralen Ehrungsveranstaltung verdiente S\u00e4ngerinnen und S\u00e4nger f\u00fcr ihre langj\u00e4hrige aktive S\u00e4ngert\u00e4tigkeit in den Mitgliedsvereinen. In diesem Jahr fand das Event, gestaltet und unterst\u00fctzt vom MGV 1863 \u00d6tigheim und vom GV Liederkranz \u00d6tigheim, in der Mehrzweckhalle in \u00d6tigheim statt. Besonderer Dank f\u00fcr die organisatorischen [&hellip;]<\/p>\n","protected":false},"author":3,"featured_media":0,"parent":1746,"menu_order":9,"comment_status":"closed","ping_status":"closed","template":"","meta":{"footnotes":""},"class_list":["post-2005","page","type-page","status-publish","hentry","post"],"_links":{"self":[{"href":"http:\/\/www.gv-liederkranz-oetigheim.de\/index.php?rest_route=\/wp\/v2\/pages\/2005","targetHints":{"allow":["GET"]}}],"collection":[{"href":"http:\/\/www.gv-liederkranz-oetigheim.de\/index.php?rest_route=\/wp\/v2\/pages"}],"about":[{"href":"http:\/\/www.gv-liederkranz-oetigheim.de\/index.php?rest_route=\/wp\/v2\/types\/page"}],"author":[{"embeddable":true,"href":"http:\/\/www.gv-liederkranz-oetigheim.de\/index.php?rest_route=\/wp\/v2\/users\/3"}],"replies":[{"embeddable":true,"href":"http:\/\/www.gv-liederkranz-oetigheim.de\/index.php?rest_route=%2Fwp%2Fv2%2Fcomments&post=2005"}],"version-history":[{"count":0,"href":"http:\/\/www.gv-liederkranz-oetigheim.de\/index.php?rest_route=\/wp\/v2\/pages\/2005\/revisions"}],"up":[{"embeddable":true,"href":"http:\/\/www.gv-liederkranz-oetigheim.de\/index.php?rest_route=\/wp\/v2\/pages\/1746"}],"wp:attachment":[{"href":"http:\/\/www.gv-liederkranz-oetigheim.de\/index.php?rest_route=%2Fwp%2Fv2%2Fmedia&parent=2005"}],"curies":[{"name":"wp","href":"https:\/\/api.w.org\/{rel}","templated":true}]}}