{"id":1991,"date":"2017-09-13T17:14:28","date_gmt":"2017-09-13T15:14:28","guid":{"rendered":"http:\/\/www.gv-liederkranz-oetigheim.de\/?page_id=1991"},"modified":"2017-09-13T17:17:11","modified_gmt":"2017-09-13T15:17:11","slug":"seniorenchor-beim-arbeitergesangverein-harmonie-in-muggensturm","status":"publish","type":"page","link":"http:\/\/www.gv-liederkranz-oetigheim.de\/?page_id=1991","title":{"rendered":"Seniorenchor beim Arbeitergesangverein &#8222;Harmonie&#8220; in Muggensturm"},"content":{"rendered":"<p>Einen sehr gelungenen Auftritt hatte der Seniorenchor des &#8222;Liederkranz&#8220; am Sonntag, 10. September, in Muggensturm. Die &#8222;Harmonie&#8220; hatte zu ihrem traditionellen &#8222;Kelterfest&#8220; in die umgebauten R\u00e4ume der alten Kelter eingeladen. Neben unserem Seniorenchor waren noch weitere Ch\u00f6re aus der n\u00e4heren Umgebung zu diesem Gesangsfest eingeladen.<strong><br \/>\n<\/strong><img fetchpriority=\"high\" decoding=\"async\" class=\"alignleft size-large wp-image-1989\" src=\"http:\/\/www.gv-liederkranz-oetigheim.de\/wp-content\/uploads\/2014\/02\/Seniorenchor-in-Muggensturm-1024x768.jpg\" alt=\"\" width=\"640\" height=\"480\" srcset=\"http:\/\/www.gv-liederkranz-oetigheim.de\/wp-content\/uploads\/2014\/02\/Seniorenchor-in-Muggensturm-1024x768.jpg 1024w, http:\/\/www.gv-liederkranz-oetigheim.de\/wp-content\/uploads\/2014\/02\/Seniorenchor-in-Muggensturm-300x225.jpg 300w, http:\/\/www.gv-liederkranz-oetigheim.de\/wp-content\/uploads\/2014\/02\/Seniorenchor-in-Muggensturm-768x576.jpg 768w\" sizes=\"(max-width: 640px) 100vw, 640px\" \/>Mit der Erkennungsmelodie unseres Chors, dem &#8222;Seniorenlied&#8220;, komponiert und getextet von Chorleiter Theo Wild, begannen wir die Chorvortr\u00e4ge. Eine schw\u00e4bische Volksweise, &#8222;Horch, was kommt von drau\u00dfen rein&#8220;, ein Schlager-Potpourri unter dem Titel &#8222;Calipso-Time&#8220;\u00a0 und &#8222;Marmor, Stein und Eisen bricht&#8220;, ein von Drafi Deutscher bekannt gemachter Hit aus dem Jahr 1965, waren weitere Vortr\u00e4ge unseres Programms. Zum Abschluss brachten wir noch &#8222;Die kleine Kneipe&#8220;, eine Homage an gem\u00fctlichere Zeiten, das beschwingte &#8222;Trinklied&#8220; von Christian Siegel und das &#8222;Badnerlied&#8220;, mit einem originellen Anhang zum Besten. Mit \u00fcberschw\u00e4nglichem Beifall wurden wir f\u00fcr unsere Beitr\u00e4ge bei diesem &#8222;Kelterfest&#8220; des Arbeitergesangvereins &#8222;Harmonie&#8220; Muggensturm bedacht.<br \/>\nAlle Chorvortr\u00e4ge waren Arrangements\u00a0 unseres Chorleiters Theo Wild.<\/p>\n<p>&nbsp;<\/p>\n","protected":false},"excerpt":{"rendered":"<p>Einen sehr gelungenen Auftritt hatte der Seniorenchor des &#8222;Liederkranz&#8220; am Sonntag, 10. September, in Muggensturm. Die &#8222;Harmonie&#8220; hatte zu ihrem traditionellen &#8222;Kelterfest&#8220; in die umgebauten R\u00e4ume der alten Kelter eingeladen. Neben unserem Seniorenchor waren noch weitere Ch\u00f6re aus der n\u00e4heren Umgebung zu diesem Gesangsfest eingeladen. Mit der Erkennungsmelodie unseres Chors, dem &#8222;Seniorenlied&#8220;, komponiert und getextet [&hellip;]<\/p>\n","protected":false},"author":3,"featured_media":0,"parent":1746,"menu_order":7,"comment_status":"closed","ping_status":"closed","template":"","meta":{"footnotes":""},"class_list":["post-1991","page","type-page","status-publish","hentry","post"],"_links":{"self":[{"href":"http:\/\/www.gv-liederkranz-oetigheim.de\/index.php?rest_route=\/wp\/v2\/pages\/1991","targetHints":{"allow":["GET"]}}],"collection":[{"href":"http:\/\/www.gv-liederkranz-oetigheim.de\/index.php?rest_route=\/wp\/v2\/pages"}],"about":[{"href":"http:\/\/www.gv-liederkranz-oetigheim.de\/index.php?rest_route=\/wp\/v2\/types\/page"}],"author":[{"embeddable":true,"href":"http:\/\/www.gv-liederkranz-oetigheim.de\/index.php?rest_route=\/wp\/v2\/users\/3"}],"replies":[{"embeddable":true,"href":"http:\/\/www.gv-liederkranz-oetigheim.de\/index.php?rest_route=%2Fwp%2Fv2%2Fcomments&post=1991"}],"version-history":[{"count":0,"href":"http:\/\/www.gv-liederkranz-oetigheim.de\/index.php?rest_route=\/wp\/v2\/pages\/1991\/revisions"}],"up":[{"embeddable":true,"href":"http:\/\/www.gv-liederkranz-oetigheim.de\/index.php?rest_route=\/wp\/v2\/pages\/1746"}],"wp:attachment":[{"href":"http:\/\/www.gv-liederkranz-oetigheim.de\/index.php?rest_route=%2Fwp%2Fv2%2Fmedia&parent=1991"}],"curies":[{"name":"wp","href":"https:\/\/api.w.org\/{rel}","templated":true}]}}