{"id":1982,"date":"2017-09-06T14:49:52","date_gmt":"2017-09-06T12:49:52","guid":{"rendered":"http:\/\/www.gv-liederkranz-oetigheim.de\/?page_id=1982"},"modified":"2017-09-06T14:51:52","modified_gmt":"2017-09-06T12:51:52","slug":"21-etjer-dorffest","status":"publish","type":"page","link":"http:\/\/www.gv-liederkranz-oetigheim.de\/?page_id=1982","title":{"rendered":"21. Etjer Dorffest"},"content":{"rendered":"<p style=\"text-align: justify;\"><img fetchpriority=\"high\" decoding=\"async\" class=\"alignleft size-full wp-image-1978\" src=\"http:\/\/www.gv-liederkranz-oetigheim.de\/wp-content\/uploads\/2017\/09\/dorffest3.jpg\" alt=\"\" width=\"669\" height=\"446\" srcset=\"http:\/\/www.gv-liederkranz-oetigheim.de\/wp-content\/uploads\/2017\/09\/dorffest3.jpg 669w, http:\/\/www.gv-liederkranz-oetigheim.de\/wp-content\/uploads\/2017\/09\/dorffest3-300x200.jpg 300w\" sizes=\"(max-width: 669px) 100vw, 669px\" \/>Ein tolles und erfolgreiches Dorffest ging am Sonntagnacht zu Ende. Stimmung war \u00fcberall angesagt, nicht nur bei unseren Helfern im Weinstand.<br \/>\nDie ausgesuchten Weine des Weinguts Ziegler aus Weyher in der Pfalz kamen bei der Kundschaft sehr gut an und aus einem guten Ros\u00e9 macht man auch eine gute Sommerschorle. Von einer Kundin bekamen wir das Kompliment \u201eEure Sommerschorle ist die beste auf dem Platz\u201c.<br \/>\nWir sagen herzlichen Dank allen, die unseren Wein genossen haben und die uns dadurch unterst\u00fctzt haben, herzlichen Dank allen unseren Helfern beim Auf- und Abbau und bei den insgesamt 4 Schichten. Ein besonderer Dank gilt dem Musikverein f\u00fcr das Verleihen des langen Frischwasserschlauches und den J\u00e4gern, deren K\u00fchlwagen wir mitbenutzen durften. Aber nicht zuletzt sagen wir herzlichen Dank dem Weingut Ziegler, dessen Weinstand wir zur Verf\u00fcgung gestellt bekamen und auch f\u00fcr deren tatkr\u00e4ftige Unterst\u00fctzung w\u00e4hrend der beiden Tage. W\u00e4hrend Frau Ziegler sich sehr oft im Weinstand n\u00fctzlich gemacht hat, hat Herr Ziegler die Menschen mit seinem Drehorgelspiel bestens unterhalten wobei so manches Kind vor der originellen Drehorgel ganz gro\u00dfe Augen bekam.<\/p>\n<p style=\"text-align: justify;\"><img decoding=\"async\" class=\"alignleft size-full wp-image-1977\" src=\"http:\/\/www.gv-liederkranz-oetigheim.de\/wp-content\/uploads\/2017\/09\/dorffest2.jpg\" alt=\"\" width=\"669\" height=\"446\" srcset=\"http:\/\/www.gv-liederkranz-oetigheim.de\/wp-content\/uploads\/2017\/09\/dorffest2.jpg 669w, http:\/\/www.gv-liederkranz-oetigheim.de\/wp-content\/uploads\/2017\/09\/dorffest2-300x200.jpg 300w\" sizes=\"(max-width: 669px) 100vw, 669px\" \/><\/p>\n<p style=\"text-align: justify;\">Auch unser M\u00e4nnerchor sorgte am Sonntagmittag auf der Hauptb\u00fchne f\u00fcr beste Unterhaltung. Mit insgesamt 4 Liedern waren wir trotz unserer Sommerpause auf der B\u00fchne present. Von \u201eAus der Traube in die Tonne\u201c bis zu den \u201eDrei lachende M\u00e4dchen\u201c konnten wir das Publikum \u00fcberzeugen. Herzlichen Dank unserem Dirigent Matthias Hammerschmitt, der kurz vor seinem Urlaub diesen Auftritt leitete und der zuvor auch als Organist den Gottesdienst auf der B\u00fchne begleitete.<\/p>\n","protected":false},"excerpt":{"rendered":"<p>Ein tolles und erfolgreiches Dorffest ging am Sonntagnacht zu Ende. Stimmung war \u00fcberall angesagt, nicht nur bei unseren Helfern im Weinstand. Die ausgesuchten Weine des Weinguts Ziegler aus Weyher in der Pfalz kamen bei der Kundschaft sehr gut an und aus einem guten Ros\u00e9 macht man auch eine gute Sommerschorle. Von einer Kundin bekamen wir [&hellip;]<\/p>\n","protected":false},"author":3,"featured_media":0,"parent":1746,"menu_order":6,"comment_status":"closed","ping_status":"closed","template":"","meta":{"footnotes":""},"class_list":["post-1982","page","type-page","status-publish","hentry","post"],"_links":{"self":[{"href":"http:\/\/www.gv-liederkranz-oetigheim.de\/index.php?rest_route=\/wp\/v2\/pages\/1982","targetHints":{"allow":["GET"]}}],"collection":[{"href":"http:\/\/www.gv-liederkranz-oetigheim.de\/index.php?rest_route=\/wp\/v2\/pages"}],"about":[{"href":"http:\/\/www.gv-liederkranz-oetigheim.de\/index.php?rest_route=\/wp\/v2\/types\/page"}],"author":[{"embeddable":true,"href":"http:\/\/www.gv-liederkranz-oetigheim.de\/index.php?rest_route=\/wp\/v2\/users\/3"}],"replies":[{"embeddable":true,"href":"http:\/\/www.gv-liederkranz-oetigheim.de\/index.php?rest_route=%2Fwp%2Fv2%2Fcomments&post=1982"}],"version-history":[{"count":0,"href":"http:\/\/www.gv-liederkranz-oetigheim.de\/index.php?rest_route=\/wp\/v2\/pages\/1982\/revisions"}],"up":[{"embeddable":true,"href":"http:\/\/www.gv-liederkranz-oetigheim.de\/index.php?rest_route=\/wp\/v2\/pages\/1746"}],"wp:attachment":[{"href":"http:\/\/www.gv-liederkranz-oetigheim.de\/index.php?rest_route=%2Fwp%2Fv2%2Fmedia&parent=1982"}],"curies":[{"name":"wp","href":"https:\/\/api.w.org\/{rel}","templated":true}]}}