{"id":1970,"date":"2017-08-29T16:12:15","date_gmt":"2017-08-29T14:12:15","guid":{"rendered":"http:\/\/www.gv-liederkranz-oetigheim.de\/?page_id=1970"},"modified":"2017-08-29T16:12:15","modified_gmt":"2017-08-29T14:12:15","slug":"gut-holz-beim-liederkranz-ferienspass","status":"publish","type":"page","link":"http:\/\/www.gv-liederkranz-oetigheim.de\/?page_id=1970","title":{"rendered":"\u201eGut Holz\u201c beim Liederkranz-Ferienspa\u00df"},"content":{"rendered":"<p style=\"text-align: justify;\"><img fetchpriority=\"high\" decoding=\"async\" class=\"alignleft size-full wp-image-1971\" src=\"http:\/\/www.gv-liederkranz-oetigheim.de\/wp-content\/uploads\/2017\/08\/Kegeln1.jpg\" alt=\"\" width=\"329\" height=\"219\" srcset=\"http:\/\/www.gv-liederkranz-oetigheim.de\/wp-content\/uploads\/2017\/08\/Kegeln1.jpg 329w, http:\/\/www.gv-liederkranz-oetigheim.de\/wp-content\/uploads\/2017\/08\/Kegeln1-300x200.jpg 300w\" sizes=\"(max-width: 329px) 100vw, 329px\" \/>Diese Pokale und Medaillen waren das Ziel der Begierde der vielen Kids, die beim Preiskegeln im Rahmen des Ferienprogramms letzten Samstag im Geschwister-Scholl-Haus mitgemacht haben.<\/p>\n<p style=\"text-align: justify;\">Die insgesamt 19 jungen \u201eKegelbr\u00fcder und -schwestern\u201c wurden in 3 Altersgruppen eingeteilt und kegelten in drei Spielen &#8211; jeweils in ihrer Altersgruppe &#8211; den Gewinner aus. Ob es \u201ein die Vollen\u201c ging oder beim \u201eAbr\u00e4umen\u201c, die Kinder waren voll bei der Sache und die Begeisterung konnte man den Kindern an den strahlenden Gesichtern ablesen. Auch das Spiel \u201eRiesenrad\u201c kam bei allen gut an. Sie entwickelten richtigen Ehrgeiz angesichts der funkelnden Pokale. So war es auch ziemlich spannend, konnten doch insgesamt 3 Pl\u00e4tze erst durch ein \u201eStechen\u201c der beteiligten Kinder vergeben werden.<\/p>\n<p style=\"text-align: justify;\">Bei zwei Kegelbahnen pausierte immer eine Gruppe. Diese konnte sich dabei mit Bratwurst und Cola\/Fanta st\u00e4rken und Kr\u00e4fte f\u00fcr das n\u00e4chste Spiel sammeln.<\/p>\n<p style=\"text-align: justify;\"><img decoding=\"async\" class=\"alignleft size-full wp-image-1972\" src=\"http:\/\/www.gv-liederkranz-oetigheim.de\/wp-content\/uploads\/2017\/08\/kegeln2.jpg\" alt=\"\" width=\"605\" height=\"403\" srcset=\"http:\/\/www.gv-liederkranz-oetigheim.de\/wp-content\/uploads\/2017\/08\/kegeln2.jpg 605w, http:\/\/www.gv-liederkranz-oetigheim.de\/wp-content\/uploads\/2017\/08\/kegeln2-300x200.jpg 300w\" sizes=\"(max-width: 605px) 100vw, 605px\" \/>Bei der Siegerehrung gab es f\u00fcr alle eine Urkunde f\u00fcr die erfolgreiche Teilnahme. Die drei Besten jeder Gruppe \u201eerkegelten\u201c sich sogar Medaillen und Pokale, die die jungen Sportler mit Stolz entgegennahmen. Und n\u00e4chstes Jahr sind manche wieder dabei, denn man konnte so manches Kind sagen h\u00f6ren \u201eaber n\u00e4chstes Jahr gewinne ich den Pokal!\u201c<\/p>\n<p style=\"text-align: justify;\">Ein gelungener Nachmittag f\u00fcr Gro\u00df und Klein ging nach spannenden drei Stunden Preiskegeln zu Ende. Ein herzlicher Dank an dieser Stelle allen, die zum guten Gelingen dieses sch\u00f6nen Ferienprogramms beigetragen haben.<\/p>\n<p style=\"text-align: justify;\"><strong>\u00a0<\/strong><\/p>\n","protected":false},"excerpt":{"rendered":"<p>Diese Pokale und Medaillen waren das Ziel der Begierde der vielen Kids, die beim Preiskegeln im Rahmen des Ferienprogramms letzten Samstag im Geschwister-Scholl-Haus mitgemacht haben. Die insgesamt 19 jungen \u201eKegelbr\u00fcder und -schwestern\u201c wurden in 3 Altersgruppen eingeteilt und kegelten in drei Spielen &#8211; jeweils in ihrer Altersgruppe &#8211; den Gewinner aus. Ob es \u201ein die [&hellip;]<\/p>\n","protected":false},"author":3,"featured_media":0,"parent":1746,"menu_order":5,"comment_status":"closed","ping_status":"closed","template":"","meta":{"footnotes":""},"class_list":["post-1970","page","type-page","status-publish","hentry","post"],"_links":{"self":[{"href":"http:\/\/www.gv-liederkranz-oetigheim.de\/index.php?rest_route=\/wp\/v2\/pages\/1970","targetHints":{"allow":["GET"]}}],"collection":[{"href":"http:\/\/www.gv-liederkranz-oetigheim.de\/index.php?rest_route=\/wp\/v2\/pages"}],"about":[{"href":"http:\/\/www.gv-liederkranz-oetigheim.de\/index.php?rest_route=\/wp\/v2\/types\/page"}],"author":[{"embeddable":true,"href":"http:\/\/www.gv-liederkranz-oetigheim.de\/index.php?rest_route=\/wp\/v2\/users\/3"}],"replies":[{"embeddable":true,"href":"http:\/\/www.gv-liederkranz-oetigheim.de\/index.php?rest_route=%2Fwp%2Fv2%2Fcomments&post=1970"}],"version-history":[{"count":0,"href":"http:\/\/www.gv-liederkranz-oetigheim.de\/index.php?rest_route=\/wp\/v2\/pages\/1970\/revisions"}],"up":[{"embeddable":true,"href":"http:\/\/www.gv-liederkranz-oetigheim.de\/index.php?rest_route=\/wp\/v2\/pages\/1746"}],"wp:attachment":[{"href":"http:\/\/www.gv-liederkranz-oetigheim.de\/index.php?rest_route=%2Fwp%2Fv2%2Fmedia&parent=1970"}],"curies":[{"name":"wp","href":"https:\/\/api.w.org\/{rel}","templated":true}]}}