{"id":1951,"date":"2017-05-29T12:57:07","date_gmt":"2017-05-29T10:57:07","guid":{"rendered":"http:\/\/www.gv-liederkranz-oetigheim.de\/?page_id=1951"},"modified":"2017-05-29T12:57:07","modified_gmt":"2017-05-29T10:57:07","slug":"pfarrfest","status":"publish","type":"page","link":"http:\/\/www.gv-liederkranz-oetigheim.de\/?page_id=1951","title":{"rendered":"Pfarrfest"},"content":{"rendered":"<p><strong>Gelungener Auftritt beim Pfarrfest<br \/>\n<\/strong>Am letzten Samstag war der M\u00e4nnerchor zu Gast beim Fest der Kirchengemeinde. Bei herrlichem Wetter konnte der M\u00e4nnerchor unter der Leitung von Matthias Hammerschmitt die zahlreichen Pfarrfestbesucher mit insgesamt 4 Liedbeitr\u00e4gen begeistern. \u201eAm k\u00fchlenden Morgen (wenn alles noch ruht \u2026)\u201c, \u201eFr\u00f6hliche Welt\u201c, \u201eDrei lachende M\u00e4dchen\u201c und \u201eWenn der Tag zu Ende geht\u201c kamen beim Publikum gut an. Herzlichen Dank dem Organisationsteam des Pfarrfestes f\u00fcr die Einladung.<strong><img fetchpriority=\"high\" decoding=\"async\" class=\"alignleft size-large wp-image-1949\" src=\"http:\/\/www.gv-liederkranz-oetigheim.de\/wp-content\/uploads\/2014\/02\/Gemeindeanzeiger-2017-21_Pfarrfest-02-1024x682.jpg\" alt=\"\" width=\"640\" height=\"426\" srcset=\"http:\/\/www.gv-liederkranz-oetigheim.de\/wp-content\/uploads\/2014\/02\/Gemeindeanzeiger-2017-21_Pfarrfest-02-1024x682.jpg 1024w, http:\/\/www.gv-liederkranz-oetigheim.de\/wp-content\/uploads\/2014\/02\/Gemeindeanzeiger-2017-21_Pfarrfest-02-300x200.jpg 300w, http:\/\/www.gv-liederkranz-oetigheim.de\/wp-content\/uploads\/2014\/02\/Gemeindeanzeiger-2017-21_Pfarrfest-02-768x512.jpg 768w, http:\/\/www.gv-liederkranz-oetigheim.de\/wp-content\/uploads\/2014\/02\/Gemeindeanzeiger-2017-21_Pfarrfest-02.jpg 1181w\" sizes=\"(max-width: 640px) 100vw, 640px\" \/><\/strong><\/p>\n","protected":false},"excerpt":{"rendered":"<p>Gelungener Auftritt beim Pfarrfest Am letzten Samstag war der M\u00e4nnerchor zu Gast beim Fest der Kirchengemeinde. Bei herrlichem Wetter konnte der M\u00e4nnerchor unter der Leitung von Matthias Hammerschmitt die zahlreichen Pfarrfestbesucher mit insgesamt 4 Liedbeitr\u00e4gen begeistern. \u201eAm k\u00fchlenden Morgen (wenn alles noch ruht \u2026)\u201c, \u201eFr\u00f6hliche Welt\u201c, \u201eDrei lachende M\u00e4dchen\u201c und \u201eWenn der Tag zu Ende [&hellip;]<\/p>\n","protected":false},"author":3,"featured_media":0,"parent":1746,"menu_order":4,"comment_status":"closed","ping_status":"closed","template":"onecolumn-page.php","meta":{"footnotes":""},"class_list":["post-1951","page","type-page","status-publish","hentry","post"],"_links":{"self":[{"href":"http:\/\/www.gv-liederkranz-oetigheim.de\/index.php?rest_route=\/wp\/v2\/pages\/1951","targetHints":{"allow":["GET"]}}],"collection":[{"href":"http:\/\/www.gv-liederkranz-oetigheim.de\/index.php?rest_route=\/wp\/v2\/pages"}],"about":[{"href":"http:\/\/www.gv-liederkranz-oetigheim.de\/index.php?rest_route=\/wp\/v2\/types\/page"}],"author":[{"embeddable":true,"href":"http:\/\/www.gv-liederkranz-oetigheim.de\/index.php?rest_route=\/wp\/v2\/users\/3"}],"replies":[{"embeddable":true,"href":"http:\/\/www.gv-liederkranz-oetigheim.de\/index.php?rest_route=%2Fwp%2Fv2%2Fcomments&post=1951"}],"version-history":[{"count":0,"href":"http:\/\/www.gv-liederkranz-oetigheim.de\/index.php?rest_route=\/wp\/v2\/pages\/1951\/revisions"}],"up":[{"embeddable":true,"href":"http:\/\/www.gv-liederkranz-oetigheim.de\/index.php?rest_route=\/wp\/v2\/pages\/1746"}],"wp:attachment":[{"href":"http:\/\/www.gv-liederkranz-oetigheim.de\/index.php?rest_route=%2Fwp%2Fv2%2Fmedia&parent=1951"}],"curies":[{"name":"wp","href":"https:\/\/api.w.org\/{rel}","templated":true}]}}