{"id":1941,"date":"2017-05-16T15:41:20","date_gmt":"2017-05-16T13:41:20","guid":{"rendered":"http:\/\/www.gv-liederkranz-oetigheim.de\/?page_id=1941"},"modified":"2017-05-16T15:44:50","modified_gmt":"2017-05-16T13:44:50","slug":"fruehlingsfest-in-busenbach","status":"publish","type":"page","link":"http:\/\/www.gv-liederkranz-oetigheim.de\/?page_id=1941","title":{"rendered":"Fr\u00fchlingsfest in Busenbach"},"content":{"rendered":"<p style=\"text-align: justify;\">Am Samstag, 13.05. besuchte der M\u00e4nnerchor das Fr\u00fchlingsfest unseren befreundeten Vereins GV Freundschaft Busenbach. Dort bereicherten wir den Abend mit vier Liedbeitr\u00e4gen, \u201eFr\u00f6hliche Welt\u201c, \u201eDrei lachende M\u00e4dchen\u201c, \u201eWenn der Tag zu Ende geht\u201c und zum Abschluss sangen wir zusammen mit Busenbach den \u201eAbendfrieden\u201c unter der Leitung unseres gemeinsamen Chorleiters Matthias Hammerschmitt. F\u00fcr die Liedvortr\u00e4ge erhielten wir vom Publikum in der voll besetzten Halle viel Applaus. Bei gutem Essen, Trinken und viel Gesang erlebten wir einen sch\u00f6nen Samstagabend.<strong><img fetchpriority=\"high\" decoding=\"async\" class=\"alignleft size-large wp-image-1938\" src=\"http:\/\/www.gv-liederkranz-oetigheim.de\/wp-content\/uploads\/2014\/02\/Auftritt-M\u00e4nnerchor-in-Busenbach-1-1024x768.jpg\" alt=\"\" width=\"640\" height=\"480\" srcset=\"http:\/\/www.gv-liederkranz-oetigheim.de\/wp-content\/uploads\/2014\/02\/Auftritt-M\u00e4nnerchor-in-Busenbach-1-1024x768.jpg 1024w, http:\/\/www.gv-liederkranz-oetigheim.de\/wp-content\/uploads\/2014\/02\/Auftritt-M\u00e4nnerchor-in-Busenbach-1-300x225.jpg 300w, http:\/\/www.gv-liederkranz-oetigheim.de\/wp-content\/uploads\/2014\/02\/Auftritt-M\u00e4nnerchor-in-Busenbach-1-768x576.jpg 768w, http:\/\/www.gv-liederkranz-oetigheim.de\/wp-content\/uploads\/2014\/02\/Auftritt-M\u00e4nnerchor-in-Busenbach-1.jpg 1181w\" sizes=\"(max-width: 640px) 100vw, 640px\" \/> <img decoding=\"async\" class=\"alignleft size-large wp-image-1939\" src=\"http:\/\/www.gv-liederkranz-oetigheim.de\/wp-content\/uploads\/2014\/02\/Publikum-1024x768.jpg\" alt=\"\" width=\"640\" height=\"480\" srcset=\"http:\/\/www.gv-liederkranz-oetigheim.de\/wp-content\/uploads\/2014\/02\/Publikum-1024x768.jpg 1024w, http:\/\/www.gv-liederkranz-oetigheim.de\/wp-content\/uploads\/2014\/02\/Publikum-300x225.jpg 300w, http:\/\/www.gv-liederkranz-oetigheim.de\/wp-content\/uploads\/2014\/02\/Publikum-768x576.jpg 768w, http:\/\/www.gv-liederkranz-oetigheim.de\/wp-content\/uploads\/2014\/02\/Publikum.jpg 1181w\" sizes=\"(max-width: 640px) 100vw, 640px\" \/><\/strong><\/p>\n","protected":false},"excerpt":{"rendered":"<p>Am Samstag, 13.05. besuchte der M\u00e4nnerchor das Fr\u00fchlingsfest unseren befreundeten Vereins GV Freundschaft Busenbach. Dort bereicherten wir den Abend mit vier Liedbeitr\u00e4gen, \u201eFr\u00f6hliche Welt\u201c, \u201eDrei lachende M\u00e4dchen\u201c, \u201eWenn der Tag zu Ende geht\u201c und zum Abschluss sangen wir zusammen mit Busenbach den \u201eAbendfrieden\u201c unter der Leitung unseres gemeinsamen Chorleiters Matthias Hammerschmitt. F\u00fcr die Liedvortr\u00e4ge erhielten [&hellip;]<\/p>\n","protected":false},"author":3,"featured_media":0,"parent":1746,"menu_order":3,"comment_status":"closed","ping_status":"closed","template":"","meta":{"footnotes":""},"class_list":["post-1941","page","type-page","status-publish","hentry","post"],"_links":{"self":[{"href":"http:\/\/www.gv-liederkranz-oetigheim.de\/index.php?rest_route=\/wp\/v2\/pages\/1941","targetHints":{"allow":["GET"]}}],"collection":[{"href":"http:\/\/www.gv-liederkranz-oetigheim.de\/index.php?rest_route=\/wp\/v2\/pages"}],"about":[{"href":"http:\/\/www.gv-liederkranz-oetigheim.de\/index.php?rest_route=\/wp\/v2\/types\/page"}],"author":[{"embeddable":true,"href":"http:\/\/www.gv-liederkranz-oetigheim.de\/index.php?rest_route=\/wp\/v2\/users\/3"}],"replies":[{"embeddable":true,"href":"http:\/\/www.gv-liederkranz-oetigheim.de\/index.php?rest_route=%2Fwp%2Fv2%2Fcomments&post=1941"}],"version-history":[{"count":0,"href":"http:\/\/www.gv-liederkranz-oetigheim.de\/index.php?rest_route=\/wp\/v2\/pages\/1941\/revisions"}],"up":[{"embeddable":true,"href":"http:\/\/www.gv-liederkranz-oetigheim.de\/index.php?rest_route=\/wp\/v2\/pages\/1746"}],"wp:attachment":[{"href":"http:\/\/www.gv-liederkranz-oetigheim.de\/index.php?rest_route=%2Fwp%2Fv2%2Fmedia&parent=1941"}],"curies":[{"name":"wp","href":"https:\/\/api.w.org\/{rel}","templated":true}]}}