{"id":1922,"date":"2017-04-19T10:29:37","date_gmt":"2017-04-19T08:29:37","guid":{"rendered":"http:\/\/www.gv-liederkranz-oetigheim.de\/?page_id=1922"},"modified":"2017-04-19T10:32:25","modified_gmt":"2017-04-19T08:32:25","slug":"liederkranz-senioren-auf-tour","status":"publish","type":"page","link":"http:\/\/www.gv-liederkranz-oetigheim.de\/?page_id=1922","title":{"rendered":"Liederkranz \u2013 Senioren auf Tour"},"content":{"rendered":"<p style=\"text-align: justify;\">Zum traditionellen Fischessen hatte der \u201eLiederkranz\u201c seine Senioren am Gr\u00fcndonnerstag, den 13. April in das Restaurant \u201eZollhaus\u201c bei Neuburgweier eingeladen. Das Restaurant ist ein weithin bekanntes Ausflugsziel und wird in den Sommermonaten besonders von Radtouristen gut angenommen. Unseren Senioren hatte es an diesem Tag besonders das umfangreiche Angebot an Fischgerichten angetan. Dabei fanden die Zandervariationen doch den meisten Zuspruch.<img fetchpriority=\"high\" decoding=\"async\" class=\"alignleft size-full wp-image-1920\" src=\"http:\/\/www.gv-liederkranz-oetigheim.de\/wp-content\/uploads\/2014\/02\/fischessen.jpg\" alt=\"\" width=\"649\" height=\"487\" srcset=\"http:\/\/www.gv-liederkranz-oetigheim.de\/wp-content\/uploads\/2014\/02\/fischessen.jpg 649w, http:\/\/www.gv-liederkranz-oetigheim.de\/wp-content\/uploads\/2014\/02\/fischessen-300x225.jpg 300w\" sizes=\"(max-width: 649px) 100vw, 649px\" \/><\/p>\n<p style=\"text-align: justify;\">Auch f\u00fcr Unterhaltung hatte das Management der Senioren gesorgt. Eine von G\u00fcnter K\u00f6lmel zusammengestellte und von Werner Nold aufwendig bearbeitete Bildershow von den Unternehmungen des Jahres 2016 wurde vorgef\u00fchrt. Dabei kam die Qualit\u00e4t der Bilder nicht besonders gut zum Ausdruck &#8211; eine Verdunkelung des Gastraumes f\u00fcr so eine Show war nicht m\u00f6glich. Trotzdem war es wieder eine gelungene Veranstaltung, die bei angeregter Unterhaltung bis in den Abend andauerte.<\/p>\n","protected":false},"excerpt":{"rendered":"<p>Zum traditionellen Fischessen hatte der \u201eLiederkranz\u201c seine Senioren am Gr\u00fcndonnerstag, den 13. April in das Restaurant \u201eZollhaus\u201c bei Neuburgweier eingeladen. Das Restaurant ist ein weithin bekanntes Ausflugsziel und wird in den Sommermonaten besonders von Radtouristen gut angenommen. Unseren Senioren hatte es an diesem Tag besonders das umfangreiche Angebot an Fischgerichten angetan. Dabei fanden die Zandervariationen [&hellip;]<\/p>\n","protected":false},"author":3,"featured_media":0,"parent":1746,"menu_order":1,"comment_status":"closed","ping_status":"closed","template":"","meta":{"footnotes":""},"class_list":["post-1922","page","type-page","status-publish","hentry","post"],"_links":{"self":[{"href":"http:\/\/www.gv-liederkranz-oetigheim.de\/index.php?rest_route=\/wp\/v2\/pages\/1922","targetHints":{"allow":["GET"]}}],"collection":[{"href":"http:\/\/www.gv-liederkranz-oetigheim.de\/index.php?rest_route=\/wp\/v2\/pages"}],"about":[{"href":"http:\/\/www.gv-liederkranz-oetigheim.de\/index.php?rest_route=\/wp\/v2\/types\/page"}],"author":[{"embeddable":true,"href":"http:\/\/www.gv-liederkranz-oetigheim.de\/index.php?rest_route=\/wp\/v2\/users\/3"}],"replies":[{"embeddable":true,"href":"http:\/\/www.gv-liederkranz-oetigheim.de\/index.php?rest_route=%2Fwp%2Fv2%2Fcomments&post=1922"}],"version-history":[{"count":0,"href":"http:\/\/www.gv-liederkranz-oetigheim.de\/index.php?rest_route=\/wp\/v2\/pages\/1922\/revisions"}],"up":[{"embeddable":true,"href":"http:\/\/www.gv-liederkranz-oetigheim.de\/index.php?rest_route=\/wp\/v2\/pages\/1746"}],"wp:attachment":[{"href":"http:\/\/www.gv-liederkranz-oetigheim.de\/index.php?rest_route=%2Fwp%2Fv2%2Fmedia&parent=1922"}],"curies":[{"name":"wp","href":"https:\/\/api.w.org\/{rel}","templated":true}]}}