{"id":1913,"date":"2017-03-29T16:58:50","date_gmt":"2017-03-29T14:58:50","guid":{"rendered":"http:\/\/www.gv-liederkranz-oetigheim.de\/?page_id=1913"},"modified":"2017-03-29T16:58:50","modified_gmt":"2017-03-29T14:58:50","slug":"jahreshauptversammlung","status":"publish","type":"page","link":"http:\/\/www.gv-liederkranz-oetigheim.de\/?page_id=1913","title":{"rendered":"Jahreshauptversammlung"},"content":{"rendered":"<p><strong>GV Liederkranz \u00d6tigheim schaut auf ein erfolgreiches Jahr 2016<\/strong><\/p>\n<p><strong>Highlight war das Konzert des Seniorenchors in der Pfarrkirche \u00d6tigheim<\/strong><\/p>\n<p style=\"text-align: justify;\">Auf ein arbeits- und erfolgreiches Jahr blickte das Pr\u00e4sidiumsmitglied des Gesangverein Liederkranz \u00d6tigheim e.V. 1899 Harald Walter bei der Jahreshauptversammlung am 24. M\u00e4rz 2017 im Restaurant Krone zur\u00fcck. In seiner Er\u00f6ffnungsrede machte er auf die verschiedenen Aktivit\u00e4ten des Vereins aufmerksam und lobte die tatkr\u00e4ftige Unterst\u00fctzung der Mitglieder bei Veranstaltungen, wie z.B. der Hockete im Juli 2016 sowie bei den Vorstellungen auf dem Tellplatz. Als federf\u00fchrender Verein hatte der Liederkranz letztes Jahr die Verantwortung f\u00fcr die reibungslose Bewirtung der zahlreichen Theaterg\u00e4ste, wobei an insgesamt 4 Spieltagen der Verein selbst zahlreiche Helfer stellte, die er zum Dank im Oktober zu seinem traditionellen Kameradschafts- und Helferabend einlud.<br \/>\nHarald Walter dankte ferner allen aktiven S\u00e4ngerinnen und S\u00e4ngern f\u00fcr ihre rege Teilnahme an den Chorproben und hob besonders den Seniorenchor heraus, der im Oktober ein erfolgreiches Konzert \u201eLieder f\u00fcr die Seele\u201c in der Pfarrkirche St. Michael \u00d6tigheim auff\u00fchrte und dieses zweimal als Benefizkonzerte in Wintersdorf und in Au a. Rhein wiederholte.<br \/>\nZuvor bat er jedoch die zahlreichen Anwesenden sich von den Pl\u00e4tzen zu erheben, um den verstorbenen Mitgliedern zu gedenken. Hans-Georg Wittmann berichtete anschlie\u00dfend \u00fcber die Aktivit\u00e4ten des M\u00e4nnerchors, der sich nach der \u00dcbernahme des Dirigats durch Matthias Hammerschmitt in 2015 in diesem Jahr konsolidierte und sich auf gro\u00dfe Aufgaben in 2018 vorbereitet. Neben einem geplanten Konzert wird der M\u00e4nnerchor auf der Freilichtb\u00fchne der Volksschauspiele mitwirken. Durch zahlreiche Sterbef\u00e4lle wurde der Chor jedoch dezimiert und er sucht deshalb verst\u00e4rkt nach Unterst\u00fctzung f\u00fcr diese Projekte.<\/p>\n<p style=\"text-align: justify;\">\u00dcber die j\u00fcngste Chorformation der Liederkranz-Familie, Good Vibrations, gegr\u00fcndet 2007, berichtete Rainer Pohl. Good Vibrations steht unter der Leitung von Mercedes Guerrero Arciniegas. 2016 freute sich der Chor mit ihr auf Nachwuchs in der Familie Arciniegas. W\u00e4hrend der etwas l\u00e4ngeren Babypause \u00fcbernahm Theo Wild, Dirigent des Seniorenchors, die Vertretung und begleitete die Chorformation bis Ende des Jahres zu allen Auftritten. Rainer Pohl bedankte sich hier nochmals herzlich bei ihm.<\/p>\n<p style=\"text-align: justify;\">Die aktivste Formation ist jedoch der Liederkranz-Seniorenchor. Neben dem Highlight des Vereinsjahres, dem Konzert in der Pfarrkirche, trat der Chor bei allen vereinseigenen Events auf. Insgesamt f\u00fcnf Ausfl\u00fcge mit Besichtigungen runden die Aktivit\u00e4ten der Liederkranz-Senioren ab.<\/p>\n<p style=\"text-align: justify;\">Gunther Eisele gab den Anwesenden einen kurzen \u00dcberblick \u00fcber die Mitgliederentwicklung. Durch zahlreiche Sterbef\u00e4lle ging die Mitgliederzahl zur\u00fcck.<br \/>\nSchatzmeister Roland Fechner erhielt viel Lob von den Kassenpr\u00fcfern Kurt K\u00fchn und Gerold Speck f\u00fcr die einwandfreie Kassenf\u00fchrung sowie das ausgeglichene Rechnungsergebnis. Der Schatzmeister und das Pr\u00e4sidium wurden von der Versammlung einstimmig entlastet. Harald Walter stellte sich nicht mehr zur Wahl und schied aus dem Pr\u00e4sidium aus.<img fetchpriority=\"high\" decoding=\"async\" class=\"wp-image-1910 aligncenter\" src=\"http:\/\/www.gv-liederkranz-oetigheim.de\/wp-content\/uploads\/2014\/02\/Gemeindeanzeiger-2017-13_H.-Walter-e1490797877599-683x1024.jpg\" alt=\"\" width=\"344\" height=\"516\" srcset=\"http:\/\/www.gv-liederkranz-oetigheim.de\/wp-content\/uploads\/2014\/02\/Gemeindeanzeiger-2017-13_H.-Walter-e1490797877599-683x1024.jpg 683w, http:\/\/www.gv-liederkranz-oetigheim.de\/wp-content\/uploads\/2014\/02\/Gemeindeanzeiger-2017-13_H.-Walter-e1490797877599-200x300.jpg 200w, http:\/\/www.gv-liederkranz-oetigheim.de\/wp-content\/uploads\/2014\/02\/Gemeindeanzeiger-2017-13_H.-Walter-e1490797877599-768x1152.jpg 768w, http:\/\/www.gv-liederkranz-oetigheim.de\/wp-content\/uploads\/2014\/02\/Gemeindeanzeiger-2017-13_H.-Walter-e1490797877599.jpg 2000w\" sizes=\"(max-width: 344px) 100vw, 344px\" \/><em>Danke f\u00fcr 10 Jahre ehrenamtliche T\u00e4tigkeit in der Vereinsf\u00fchrung<\/em><\/p>\n<p style=\"text-align: justify;\">Roland Fechner wurde bei der darauffolgenden Wahl einstimmig als Pr\u00e4sidiumsmitglied wiedergew\u00e4hlt. Ebenso einstimmig gew\u00e4hlt, r\u00fcckte Hans Georg Wittmann ins Pr\u00e4sidium nach. Das Pr\u00e4sidium, welches die Gesch\u00e4fte des Vereins leitet, besteht nunmehr aus Roland Fechner, Kurt Rastetter und Hans Georg Wittmann.<\/p>\n<p style=\"text-align: justify;\">Das scheidende Pr\u00e4sidiumsmitglied Harald Walter dankte anschlie\u00dfend den Jubilaren, die seit Jahren dem Verein die Treue halten und f\u00fchrte die anstehende Ehrung der passiven Mitglieder durch. F\u00fcr 25 Jahre Mitgliedschaft wurden Angelika Th\u00fcrlings, Julius Fr\u00fch, Ulrich Kalkbrenner, G\u00fcnter Kleinkopf und Helmut Kraft (Gaggenau) geehrt. Auf 40 Jahre Mitgliedschaft blicken zur\u00fcck Werner Happold und Reinhard Kohm. Rosemarie Dalh\u00e4user (Rastatt), Irmgard H\u00f6fele, Liane Kalkbrenner, Gerda Karius, Walli Kohm und Gertrud K\u00fchn wurden ebenfalls f\u00fcr 40 Jahre geehrt und gleichzeitig zu Ehrenmitgliedern ernannt. Hans Heid (Rastatt) und Werner K\u00fchn durften die Ehrung f\u00fcr 50 Jahre Mitgliedschaft entgegennehmen und f\u00fcr 60 Jahre Wolfgang H\u00f6fele, Siegfried K\u00f6lmel, Horst K\u00fchn, Siegfried K\u00fchn und Rudolf T\u00fcg. Gar f\u00fcr 70 Jahre Zugeh\u00f6rigkeit ehrte der Verein Hans K\u00fchn, Josef K\u00fchn (Rastatt), Otto K\u00fchn, Gottfried Nold, Josef Nold, Karlheinz Speck und den Ehrenvorsitzenden des GV Liederkranz Eduard K\u00fchn.<img decoding=\"async\" class=\"alignleft size-large wp-image-1908\" src=\"http:\/\/www.gv-liederkranz-oetigheim.de\/wp-content\/uploads\/2014\/02\/Gemeindeanzeiger-2017-13_Jubilare-1024x683.jpg\" alt=\"\" width=\"640\" height=\"427\" srcset=\"http:\/\/www.gv-liederkranz-oetigheim.de\/wp-content\/uploads\/2014\/02\/Gemeindeanzeiger-2017-13_Jubilare-1024x683.jpg 1024w, http:\/\/www.gv-liederkranz-oetigheim.de\/wp-content\/uploads\/2014\/02\/Gemeindeanzeiger-2017-13_Jubilare-300x200.jpg 300w, http:\/\/www.gv-liederkranz-oetigheim.de\/wp-content\/uploads\/2014\/02\/Gemeindeanzeiger-2017-13_Jubilare-768x512.jpg 768w\" sizes=\"(max-width: 640px) 100vw, 640px\" \/><\/p>\n<p style=\"text-align: center;\"><em>Langj\u00e4hrige Mitglieder des GV Liederkranz \u00d6tigheim<\/em><\/p>\n","protected":false},"excerpt":{"rendered":"<p>GV Liederkranz \u00d6tigheim schaut auf ein erfolgreiches Jahr 2016 Highlight war das Konzert des Seniorenchors in der Pfarrkirche \u00d6tigheim Auf ein arbeits- und erfolgreiches Jahr blickte das Pr\u00e4sidiumsmitglied des Gesangverein Liederkranz \u00d6tigheim e.V. 1899 Harald Walter bei der Jahreshauptversammlung am 24. M\u00e4rz 2017 im Restaurant Krone zur\u00fcck. In seiner Er\u00f6ffnungsrede machte er auf die verschiedenen [&hellip;]<\/p>\n","protected":false},"author":3,"featured_media":0,"parent":1746,"menu_order":0,"comment_status":"closed","ping_status":"closed","template":"onecolumn-page.php","meta":{"footnotes":""},"class_list":["post-1913","page","type-page","status-publish","hentry","post"],"_links":{"self":[{"href":"http:\/\/www.gv-liederkranz-oetigheim.de\/index.php?rest_route=\/wp\/v2\/pages\/1913","targetHints":{"allow":["GET"]}}],"collection":[{"href":"http:\/\/www.gv-liederkranz-oetigheim.de\/index.php?rest_route=\/wp\/v2\/pages"}],"about":[{"href":"http:\/\/www.gv-liederkranz-oetigheim.de\/index.php?rest_route=\/wp\/v2\/types\/page"}],"author":[{"embeddable":true,"href":"http:\/\/www.gv-liederkranz-oetigheim.de\/index.php?rest_route=\/wp\/v2\/users\/3"}],"replies":[{"embeddable":true,"href":"http:\/\/www.gv-liederkranz-oetigheim.de\/index.php?rest_route=%2Fwp%2Fv2%2Fcomments&post=1913"}],"version-history":[{"count":0,"href":"http:\/\/www.gv-liederkranz-oetigheim.de\/index.php?rest_route=\/wp\/v2\/pages\/1913\/revisions"}],"up":[{"embeddable":true,"href":"http:\/\/www.gv-liederkranz-oetigheim.de\/index.php?rest_route=\/wp\/v2\/pages\/1746"}],"wp:attachment":[{"href":"http:\/\/www.gv-liederkranz-oetigheim.de\/index.php?rest_route=%2Fwp%2Fv2%2Fmedia&parent=1913"}],"curies":[{"name":"wp","href":"https:\/\/api.w.org\/{rel}","templated":true}]}}