{"id":1861,"date":"2017-03-03T15:38:46","date_gmt":"2017-03-03T13:38:46","guid":{"rendered":"http:\/\/www.gv-liederkranz-oetigheim.de\/?page_id=1861"},"modified":"2017-03-03T16:56:47","modified_gmt":"2017-03-03T14:56:47","slug":"lieder-fuer-die-seele","status":"publish","type":"page","link":"http:\/\/www.gv-liederkranz-oetigheim.de\/?page_id=1861","title":{"rendered":"Lieder f\u00fcr die Seele"},"content":{"rendered":"<p><img fetchpriority=\"high\" decoding=\"async\" class=\"aligncenter size-large wp-image-1862\" src=\"http:\/\/www.gv-liederkranz-oetigheim.de\/wp-content\/uploads\/2017\/03\/DSC_0870-1024x683.jpg\" alt=\"\" width=\"640\" height=\"427\" srcset=\"http:\/\/www.gv-liederkranz-oetigheim.de\/wp-content\/uploads\/2017\/03\/DSC_0870-1024x683.jpg 1024w, http:\/\/www.gv-liederkranz-oetigheim.de\/wp-content\/uploads\/2017\/03\/DSC_0870-300x200.jpg 300w, http:\/\/www.gv-liederkranz-oetigheim.de\/wp-content\/uploads\/2017\/03\/DSC_0870-768x512.jpg 768w\" sizes=\"(max-width: 640px) 100vw, 640px\" \/><\/p>\n<p style=\"text-align: justify;\">Es war eine geb\u00fchrende Einstimmung in die stille Jahreszeit, die der Seniorenchor des Gesangverein Liederkranz \u00d6tigheim in der Pfarrkirche St. Michael bot. Unter der Leitung von Theo Wild gestalteten f\u00fcnf Instrumentalisten und 60 S\u00e4ngerinnen und S\u00e4nger ein einst\u00fcndiges Programm, das mit \u201eLieder f\u00fcr die Seele\u201c \u00fcberschrieben war. \u201eIn dieser hektischen Zeit muss es auch Momente f\u00fcr die Seelenpflege geben\u201c, sagte Ulrike We\u00dfbecher, die w\u00e4hrend des Konzerts f\u00fcr eine erfrischend kurze Zwischenmoderation sorgte. Die ein Dutzend ausgew\u00e4hlten Lieder wurden zudem durch eine ansprechende Lichtregie untermalt. Theo Wild hatte sich mit seinem Keybord vor dem Chor postiert und sorgte f\u00fcr eine konsequente F\u00fchrung des Klangk\u00f6rpers, was sich auszahlen sollte. Gemeinsam mit dem Publikum sang man zum Auftakt ein irisches Segenslied, um dann bei \u201eThe Rose\u201c, bekannt durch Bette Middler und Helene Fischer, ein beeindruckendes Klangbild zu liefern. Bei \u201eAve Maria no morrow\u201c mit deutschem Text wurde ein wahres Seelenlied geboten. Hier sollten sich die gl\u00e4nzenden Arrangements von Theo Wild erstmals auszahlen, der auf die kontrastierenden Stimmen der 25 M\u00e4nner und 35 Frauen setzen konnte. Da wurde Loenard Cohens \u201eHalleluja\u201c zu einem gef\u00fchlvollen Seelentr\u00f6ster mit der Zeile: \u201eWenn es\u00a0 dir im Leben einmal schlecht ergeht\u201c und nach einem furiosen Liedfinale folgte Rolf Lovlands, \u201eYou raise me up\u201c auf Deutsch, \u201eDu machst mir Mut\u201c.<br \/>\nModerne Popmusik stie\u00df bei Johann-Sebastian Bachs \u201eAir\u201c auf Barockmusik.\u00a0 Hier konnten sich Matthias Heck (Piano), Armin Weber (Gitarre), Florian Rastetter (E-Bass), Daniel Kessler (Schlagzeug) und besonders Klaus Oberle (Saxofon und Klarinette) besonders in Szene setzen. Die musikalische Auszeit aus dem Alltag wurde mit einem Block von Gospels und Spirituals fortgesetzt. Mit gl\u00e4nzend arrangierten Songs von \u201eHuey Lewis and the News\u201c von 1986 erklomm der Chor die Himmelsleiter bei \u201eJakobs Ladder\u201c. Seine Qualit\u00e4ten als Solos\u00e4nger demonstrierte f\u00fcr viele \u00fcberraschend Theo Wild, dabei immer noch am Keyboard agierend. US-amerikanisches Gottesdienstfeeling wurde gezaubert, als das Spiritual \u201eSwing Low, Sweet Chariot\u201c und als H\u00f6hepunkt \u201eOh Happy Day\u201c angestimmt wurde. Stehend zwischen den Kirchenb\u00e4nken feierte das Publikum den Seniorenchor, der zu junger Frische aufgelaufen war. Dezent im Hintergrund hatte auch Ex-B\u00fcrgermeister Werner Happold als S\u00e4nger seinen Teil zum Erfolg beigetragen. Da kam aus voller Kehle als Zugabe \u201eOh, wenn der Herr einst wiederkommt\u201c zur Melodie von \u201eWhen The Saints Go Marching In\u201c<br \/>\nBericht, Fotos: Rainer Wollenschneider<\/p>\n","protected":false},"excerpt":{"rendered":"<p>Es war eine geb\u00fchrende Einstimmung in die stille Jahreszeit, die der Seniorenchor des Gesangverein Liederkranz \u00d6tigheim in der Pfarrkirche St. Michael bot. Unter der Leitung von Theo Wild gestalteten f\u00fcnf Instrumentalisten und 60 S\u00e4ngerinnen und S\u00e4nger ein einst\u00fcndiges Programm, das mit \u201eLieder f\u00fcr die Seele\u201c \u00fcberschrieben war. \u201eIn dieser hektischen Zeit muss es auch Momente [&hellip;]<\/p>\n","protected":false},"author":3,"featured_media":0,"parent":1388,"menu_order":12,"comment_status":"closed","ping_status":"closed","template":"onecolumn-page.php","meta":{"footnotes":""},"class_list":["post-1861","page","type-page","status-publish","hentry","post"],"_links":{"self":[{"href":"http:\/\/www.gv-liederkranz-oetigheim.de\/index.php?rest_route=\/wp\/v2\/pages\/1861","targetHints":{"allow":["GET"]}}],"collection":[{"href":"http:\/\/www.gv-liederkranz-oetigheim.de\/index.php?rest_route=\/wp\/v2\/pages"}],"about":[{"href":"http:\/\/www.gv-liederkranz-oetigheim.de\/index.php?rest_route=\/wp\/v2\/types\/page"}],"author":[{"embeddable":true,"href":"http:\/\/www.gv-liederkranz-oetigheim.de\/index.php?rest_route=\/wp\/v2\/users\/3"}],"replies":[{"embeddable":true,"href":"http:\/\/www.gv-liederkranz-oetigheim.de\/index.php?rest_route=%2Fwp%2Fv2%2Fcomments&post=1861"}],"version-history":[{"count":0,"href":"http:\/\/www.gv-liederkranz-oetigheim.de\/index.php?rest_route=\/wp\/v2\/pages\/1861\/revisions"}],"up":[{"embeddable":true,"href":"http:\/\/www.gv-liederkranz-oetigheim.de\/index.php?rest_route=\/wp\/v2\/pages\/1388"}],"wp:attachment":[{"href":"http:\/\/www.gv-liederkranz-oetigheim.de\/index.php?rest_route=%2Fwp%2Fv2%2Fmedia&parent=1861"}],"curies":[{"name":"wp","href":"https:\/\/api.w.org\/{rel}","templated":true}]}}