{"id":1853,"date":"2017-03-03T15:29:46","date_gmt":"2017-03-03T13:29:46","guid":{"rendered":"http:\/\/www.gv-liederkranz-oetigheim.de\/?page_id=1853"},"modified":"2017-03-03T16:55:13","modified_gmt":"2017-03-03T14:55:13","slug":"liederkranz-senioren-on-tour-nach-godramstein","status":"publish","type":"page","link":"http:\/\/www.gv-liederkranz-oetigheim.de\/?page_id=1853","title":{"rendered":"Liederkranz-Senioren &#8222;on Tour&#8220; nach Godramstein"},"content":{"rendered":"<p style=\"text-align: justify;\">Alle Jahre wieder, so am Samstag, den Ein Ausflug im Oktober in die <img fetchpriority=\"high\" decoding=\"async\" class=\"wp-image-1857 alignright\" src=\"http:\/\/www.gv-liederkranz-oetigheim.de\/wp-content\/uploads\/2017\/03\/P1010640-2.jpg\" alt=\"\" width=\"376\" height=\"282\" srcset=\"http:\/\/www.gv-liederkranz-oetigheim.de\/wp-content\/uploads\/2017\/03\/P1010640-2.jpg 446w, http:\/\/www.gv-liederkranz-oetigheim.de\/wp-content\/uploads\/2017\/03\/P1010640-2-300x225.jpg 300w\" sizes=\"(max-width: 376px) 100vw, 376px\" \/>Pfalz ist immer etwas Besonderes:<br \/>\nSo auch am 11. Oktober unser Ausflug nach Godramstein in der S\u00fcdpfalz. Godramstein ist ein Ort mit etwas \u00fcber 2700 Einwohnern und seit 1972 ein Stadtteil von Landau. Im Ort gibt es noch mehrere selbstst\u00e4ndige Weing\u00fcter, so auch das Weingut Schweikart mit einem Planwagenbetrieb als <img decoding=\"async\" class=\" wp-image-1856 alignright\" src=\"http:\/\/www.gv-liederkranz-oetigheim.de\/wp-content\/uploads\/2017\/03\/P1010639-2.jpg\" alt=\"\" width=\"376\" height=\"283\" srcset=\"http:\/\/www.gv-liederkranz-oetigheim.de\/wp-content\/uploads\/2017\/03\/P1010639-2.jpg 446w, http:\/\/www.gv-liederkranz-oetigheim.de\/wp-content\/uploads\/2017\/03\/P1010639-2-300x225.jpg 300w\" sizes=\"(max-width: 376px) 100vw, 376px\" \/>zweites Standbein. Diese Planwagen haben es uns angetan. Und so fuhren wir in diesen doch etwas ungew\u00f6hnlichen Gef\u00e4hrten in die Weinberge. Bei dieser Fahrt passierten wir Gewanne wie Schlangenpfiff, Diebspfad, Kalkgrube und Ochsenloch, Namen die in einer geheimnisvollen Zeit entstanden sind als die Welt noch etwas verwunschen war. <img decoding=\"async\" class=\" wp-image-1855 alignright\" src=\"http:\/\/www.gv-liederkranz-oetigheim.de\/wp-content\/uploads\/2017\/03\/P1010454-2.jpg\" alt=\"\" width=\"376\" height=\"282\" srcset=\"http:\/\/www.gv-liederkranz-oetigheim.de\/wp-content\/uploads\/2017\/03\/P1010454-2.jpg 446w, http:\/\/www.gv-liederkranz-oetigheim.de\/wp-content\/uploads\/2017\/03\/P1010454-2-300x225.jpg 300w\" sizes=\"(max-width: 376px) 100vw, 376px\" \/>Dazu passte auch noch das rustikale Vesper\u00a0 \u201eWorscht, Woj un Schwademah\u201c. Da das Wetter auch mitspielte \u2013 wir hatten angenehme Temperaturen und Sonnenschein \u2013 konnten wir auch die Natur und die herrlichen Ausblicke zum Trifels, der Madenburg und der Ludwigsh\u00f6he genie\u00dfen. Selbst das Hambacher Schloss war in der Ferne zu erkennen. Nach <img loading=\"lazy\" decoding=\"async\" class=\" wp-image-1854 alignright\" src=\"http:\/\/www.gv-liederkranz-oetigheim.de\/wp-content\/uploads\/2017\/03\/Godramstein-1-2.jpg\" alt=\"\" width=\"377\" height=\"283\" srcset=\"http:\/\/www.gv-liederkranz-oetigheim.de\/wp-content\/uploads\/2017\/03\/Godramstein-1-2.jpg 446w, http:\/\/www.gv-liederkranz-oetigheim.de\/wp-content\/uploads\/2017\/03\/Godramstein-1-2-300x225.jpg 300w\" sizes=\"(max-width: 377px) 100vw, 377px\" \/>einer \u00fcber zweist\u00fcndigen Fahrt kehrten wir zum Weingut zur\u00fcck, wo so mancher von uns die auf Informationstafeln in den Weinbergen beschriebenen fl\u00fcssigen Produkte erworben hat. Den Tag haben wir dann im Weingut Geiger in Dierbach feucht-fr\u00f6hlich ausklingen lassen.<\/p>\n","protected":false},"excerpt":{"rendered":"<p>Alle Jahre wieder, so am Samstag, den Ein Ausflug im Oktober in die Pfalz ist immer etwas Besonderes: So auch am 11. Oktober unser Ausflug nach Godramstein in der S\u00fcdpfalz. Godramstein ist ein Ort mit etwas \u00fcber 2700 Einwohnern und seit 1972 ein Stadtteil von Landau. Im Ort gibt es noch mehrere selbstst\u00e4ndige Weing\u00fcter, so [&hellip;]<\/p>\n","protected":false},"author":3,"featured_media":0,"parent":1388,"menu_order":10,"comment_status":"closed","ping_status":"closed","template":"onecolumn-page.php","meta":{"footnotes":""},"class_list":["post-1853","page","type-page","status-publish","hentry","post"],"_links":{"self":[{"href":"http:\/\/www.gv-liederkranz-oetigheim.de\/index.php?rest_route=\/wp\/v2\/pages\/1853","targetHints":{"allow":["GET"]}}],"collection":[{"href":"http:\/\/www.gv-liederkranz-oetigheim.de\/index.php?rest_route=\/wp\/v2\/pages"}],"about":[{"href":"http:\/\/www.gv-liederkranz-oetigheim.de\/index.php?rest_route=\/wp\/v2\/types\/page"}],"author":[{"embeddable":true,"href":"http:\/\/www.gv-liederkranz-oetigheim.de\/index.php?rest_route=\/wp\/v2\/users\/3"}],"replies":[{"embeddable":true,"href":"http:\/\/www.gv-liederkranz-oetigheim.de\/index.php?rest_route=%2Fwp%2Fv2%2Fcomments&post=1853"}],"version-history":[{"count":0,"href":"http:\/\/www.gv-liederkranz-oetigheim.de\/index.php?rest_route=\/wp\/v2\/pages\/1853\/revisions"}],"up":[{"embeddable":true,"href":"http:\/\/www.gv-liederkranz-oetigheim.de\/index.php?rest_route=\/wp\/v2\/pages\/1388"}],"wp:attachment":[{"href":"http:\/\/www.gv-liederkranz-oetigheim.de\/index.php?rest_route=%2Fwp%2Fv2%2Fmedia&parent=1853"}],"curies":[{"name":"wp","href":"https:\/\/api.w.org\/{rel}","templated":true}]}}