{"id":1835,"date":"2017-03-03T14:50:21","date_gmt":"2017-03-03T12:50:21","guid":{"rendered":"http:\/\/www.gv-liederkranz-oetigheim.de\/?page_id=1835"},"modified":"2017-03-03T16:43:08","modified_gmt":"2017-03-03T14:43:08","slug":"seniorennachmittag-der-gemeinde","status":"publish","type":"page","link":"http:\/\/www.gv-liederkranz-oetigheim.de\/?page_id=1835","title":{"rendered":"Seniorennachmittag der Gemeinde"},"content":{"rendered":"<p style=\"text-align: justify;\">Mehr als 300 Senioren, darunter 15 aus dem Senioren-Zentrum \u201eHaus Edelberg\u201c, begr\u00fc\u00dfte B\u00fcrgermeister Frank Kiefer beim traditionellen Seniorennachmittag am Dreik\u00f6nigstag in der Mehrzweckhalle. Dazu hatten die Kirchengemeinden und die Gemeinde \u00d6tigheim eingeladen.<\/p>\n<p><img fetchpriority=\"high\" decoding=\"async\" class=\"aligncenter\" src=\"http:\/\/www.gv-liederkranz-oetigheim.de\/wp-content\/uploads\/2017\/03\/IMG_0417-3-1.jpg\" width=\"572\" height=\"362\" \/><\/p>\n<p style=\"text-align: justify;\">Gestaltet wurde der Nachmittag vom Seniorenchor des GV Liederkranz unter der Leitung von Theo Wild, der von Josefine K\u00fchn und Doris St\u00f6\u00dfer trainierten Seniorentanzgruppe des \u00d6tigheimer Turnvereins, den Sternsingern und von Alleinunterhalter Karlheinz Geiger. Mit Liedern wie \u201eDu machst mir Mut\u201c, \u201e\u00dcber sieben Br\u00fccken musst Du gehen\u201c, \u201eMarmor, Stein und Eisen bricht\u201c und dem \u201eChianti-Lied\u201c traf Dirigent Theo Wild den Geschmack der Besucher. Diese mussten zum Mitsingen nicht besonders eingeladen werden. F\u00fcr den Chor war es eine Ehre den \u00e4lteren Mitb\u00fcrgern unserer Gemeinde mit diesem Beitrag eine besondere Freude bereitet zu haben. Nach diesem emotional mitrei\u00dfenden Auftakt hatte es Pfarrer Penka nicht leicht, die G\u00e4ste auf die Sternsinger einzustimmen.<\/p>\n","protected":false},"excerpt":{"rendered":"<p>Mehr als 300 Senioren, darunter 15 aus dem Senioren-Zentrum \u201eHaus Edelberg\u201c, begr\u00fc\u00dfte B\u00fcrgermeister Frank Kiefer beim traditionellen Seniorennachmittag am Dreik\u00f6nigstag in der Mehrzweckhalle. Dazu hatten die Kirchengemeinden und die Gemeinde \u00d6tigheim eingeladen. Gestaltet wurde der Nachmittag vom Seniorenchor des GV Liederkranz unter der Leitung von Theo Wild, der von Josefine K\u00fchn und Doris St\u00f6\u00dfer trainierten [&hellip;]<\/p>\n","protected":false},"author":3,"featured_media":0,"parent":1388,"menu_order":1,"comment_status":"closed","ping_status":"closed","template":"onecolumn-page.php","meta":{"footnotes":""},"class_list":["post-1835","page","type-page","status-publish","hentry","post"],"_links":{"self":[{"href":"http:\/\/www.gv-liederkranz-oetigheim.de\/index.php?rest_route=\/wp\/v2\/pages\/1835","targetHints":{"allow":["GET"]}}],"collection":[{"href":"http:\/\/www.gv-liederkranz-oetigheim.de\/index.php?rest_route=\/wp\/v2\/pages"}],"about":[{"href":"http:\/\/www.gv-liederkranz-oetigheim.de\/index.php?rest_route=\/wp\/v2\/types\/page"}],"author":[{"embeddable":true,"href":"http:\/\/www.gv-liederkranz-oetigheim.de\/index.php?rest_route=\/wp\/v2\/users\/3"}],"replies":[{"embeddable":true,"href":"http:\/\/www.gv-liederkranz-oetigheim.de\/index.php?rest_route=%2Fwp%2Fv2%2Fcomments&post=1835"}],"version-history":[{"count":0,"href":"http:\/\/www.gv-liederkranz-oetigheim.de\/index.php?rest_route=\/wp\/v2\/pages\/1835\/revisions"}],"up":[{"embeddable":true,"href":"http:\/\/www.gv-liederkranz-oetigheim.de\/index.php?rest_route=\/wp\/v2\/pages\/1388"}],"wp:attachment":[{"href":"http:\/\/www.gv-liederkranz-oetigheim.de\/index.php?rest_route=%2Fwp%2Fv2%2Fmedia&parent=1835"}],"curies":[{"name":"wp","href":"https:\/\/api.w.org\/{rel}","templated":true}]}}