{"id":1804,"date":"2017-03-02T18:19:33","date_gmt":"2017-03-02T16:19:33","guid":{"rendered":"http:\/\/www.gv-liederkranz-oetigheim.de\/?page_id=1804"},"modified":"2017-03-03T16:51:50","modified_gmt":"2017-03-03T14:51:50","slug":"preiskegeln","status":"publish","type":"page","link":"http:\/\/www.gv-liederkranz-oetigheim.de\/?page_id=1804","title":{"rendered":"Preiskegeln"},"content":{"rendered":"<p><img fetchpriority=\"high\" decoding=\"async\" class=\"wp-image-1805 alignleft\" src=\"http:\/\/www.gv-liederkranz-oetigheim.de\/wp-content\/uploads\/2017\/03\/Ferienspa\u00df-2016-Bild-1-1024x768.jpg\" alt=\"\" width=\"328\" height=\"266\" \/><\/p>\n<p style=\"text-align: justify;\">Alle Jahre wieder, so am Samstag, den 10.09.2016, hatte der GV Liederkranz die Kids im Rahmen des Kinderferienspa\u00dfprogramms der Gemeinde \u00d6tigheim zu einem Preiskegeln in das Geschwister-Scholl Haus eingeladen. Dass dieses Angebot des Liederkranz immer wieder gut angenommen wird, hat die gro\u00dfe Anzahl von begeisterten Jungs und M\u00e4dchen bewiesen. In \u201ehei\u00dfen K\u00e4mpfen\u201c wurde um Pokale gespielt und in den Pausen wurden die Kids mit k\u00fchlen Getr\u00e4nken und Grillw\u00fcrsten versorgt. Es war wieder einmal eine gelungene Veranstaltung des \u201eLiederkranz\u201c f\u00fcr unsere Jugend. Die Vereinsf\u00fchrung bedankt sich bei den Kindern f\u00fcr Ihr Kommen und bei den Helfern f\u00fcr Ihren Einsatz.<img decoding=\"async\" class=\"aligncenter size-large wp-image-1806\" src=\"http:\/\/www.gv-liederkranz-oetigheim.de\/wp-content\/uploads\/2017\/03\/Ferienspa\u00df-2016-Bild-2-1024x768.jpg\" alt=\"\" width=\"640\" height=\"480\" srcset=\"http:\/\/www.gv-liederkranz-oetigheim.de\/wp-content\/uploads\/2017\/03\/Ferienspa\u00df-2016-Bild-2-1024x768.jpg 1024w, http:\/\/www.gv-liederkranz-oetigheim.de\/wp-content\/uploads\/2017\/03\/Ferienspa\u00df-2016-Bild-2-300x225.jpg 300w, http:\/\/www.gv-liederkranz-oetigheim.de\/wp-content\/uploads\/2017\/03\/Ferienspa\u00df-2016-Bild-2-768x576.jpg 768w\" sizes=\"(max-width: 640px) 100vw, 640px\" \/><\/p>\n","protected":false},"excerpt":{"rendered":"<p>Alle Jahre wieder, so am Samstag, den 10.09.2016, hatte der GV Liederkranz die Kids im Rahmen des Kinderferienspa\u00dfprogramms der Gemeinde \u00d6tigheim zu einem Preiskegeln in das Geschwister-Scholl Haus eingeladen. Dass dieses Angebot des Liederkranz immer wieder gut angenommen wird, hat die gro\u00dfe Anzahl von begeisterten Jungs und M\u00e4dchen bewiesen. In \u201ehei\u00dfen K\u00e4mpfen\u201c wurde um Pokale [&hellip;]<\/p>\n","protected":false},"author":3,"featured_media":0,"parent":1388,"menu_order":9,"comment_status":"closed","ping_status":"closed","template":"onecolumn-page.php","meta":{"footnotes":""},"class_list":["post-1804","page","type-page","status-publish","hentry","post"],"_links":{"self":[{"href":"http:\/\/www.gv-liederkranz-oetigheim.de\/index.php?rest_route=\/wp\/v2\/pages\/1804","targetHints":{"allow":["GET"]}}],"collection":[{"href":"http:\/\/www.gv-liederkranz-oetigheim.de\/index.php?rest_route=\/wp\/v2\/pages"}],"about":[{"href":"http:\/\/www.gv-liederkranz-oetigheim.de\/index.php?rest_route=\/wp\/v2\/types\/page"}],"author":[{"embeddable":true,"href":"http:\/\/www.gv-liederkranz-oetigheim.de\/index.php?rest_route=\/wp\/v2\/users\/3"}],"replies":[{"embeddable":true,"href":"http:\/\/www.gv-liederkranz-oetigheim.de\/index.php?rest_route=%2Fwp%2Fv2%2Fcomments&post=1804"}],"version-history":[{"count":0,"href":"http:\/\/www.gv-liederkranz-oetigheim.de\/index.php?rest_route=\/wp\/v2\/pages\/1804\/revisions"}],"up":[{"embeddable":true,"href":"http:\/\/www.gv-liederkranz-oetigheim.de\/index.php?rest_route=\/wp\/v2\/pages\/1388"}],"wp:attachment":[{"href":"http:\/\/www.gv-liederkranz-oetigheim.de\/index.php?rest_route=%2Fwp%2Fv2%2Fmedia&parent=1804"}],"curies":[{"name":"wp","href":"https:\/\/api.w.org\/{rel}","templated":true}]}}