{"id":1794,"date":"2017-03-02T18:13:18","date_gmt":"2017-03-02T16:13:18","guid":{"rendered":"http:\/\/www.gv-liederkranz-oetigheim.de\/?page_id=1794"},"modified":"2017-03-03T16:48:52","modified_gmt":"2017-03-03T14:48:52","slug":"liederkranz-hockete","status":"publish","type":"page","link":"http:\/\/www.gv-liederkranz-oetigheim.de\/?page_id=1794","title":{"rendered":"Liederkranz-Hockete"},"content":{"rendered":"<p><img fetchpriority=\"high\" decoding=\"async\" class=\"wp-image-1798 alignright\" src=\"http:\/\/www.gv-liederkranz-oetigheim.de\/wp-content\/uploads\/2017\/03\/DSC_0449-2-1024x682.jpg\" alt=\"\" width=\"352\" height=\"241\" \/> <img decoding=\"async\" class=\"wp-image-1797 alignright\" src=\"http:\/\/www.gv-liederkranz-oetigheim.de\/wp-content\/uploads\/2017\/03\/DSC_0420_Hockete-1-1024x683.jpg\" alt=\"\" width=\"352\" height=\"242\" \/> <img decoding=\"async\" class=\"wp-image-1796 alignright\" src=\"http:\/\/www.gv-liederkranz-oetigheim.de\/wp-content\/uploads\/2017\/03\/DSC_0410-1024x683.jpg\" alt=\"\" width=\"351\" height=\"242\" \/> <img loading=\"lazy\" decoding=\"async\" class=\"wp-image-1795 alignright\" src=\"http:\/\/www.gv-liederkranz-oetigheim.de\/wp-content\/uploads\/2017\/03\/DSC_0431-2-1024x682.jpg\" alt=\"\" width=\"351\" height=\"218\" \/><\/p>\n<p style=\"text-align: justify;\">\u201eWo man singt da lass dich ruhig nieder\u201c. Mit diesem Motto, unter dem der \u201eLiederkranz\u201c zu seiner \u201eHockete\u201c eingeladen hatte, folgten bei richtigem \u201eFestwetter\u201c viele \u00d6tigheimer und Ausw\u00e4rtige, um unterhaltsamen Chorgesang zu h\u00f6ren.<\/p>\n<p style=\"text-align: justify;\">Der M\u00e4nnerchor unter der Leitung von Matthias Hammerschmitt begr\u00fc\u00dfte die G\u00e4ste mit vier Liedern. Freundliche Verbundenheit erfuhr der Chor beim letzten Lied \u201eAus der Traube in die Tonne\u201c durch den befreundeten Busenbacher Gesangverein, der nat\u00fcrlich auch noch seinen eigenen Auftritt hatte. Zuvor unterhielt jedoch der moderne Chor \u201eGood Vibrations\u201c mit seinem \u201eErsatz\u201c-Dirigenten Theo Wild mit zwei deutschen und drei englischen Songs und erntete besonders mit dem Lied von Udo J\u00fcrgens \u201eIhr von morgen\u201c gro\u00dfen Applaus. Die etatm\u00e4\u00dfige Chorleiterin Mercedes Guerrero, befindet sich momentan in der Babypause, sie bekam eine kleine Valentina. Unsere Gastvereine \u201eAGV Muggensturm\u201c und GV \u201eFreundschaft\u201c Busenbach boten anschlie\u00dfend beste Unterhaltung und zeigten, dass auch mit einer kleinen Besetzung sch\u00f6ne Lieder gesungen werden k\u00f6nnen. Den gesanglichen Abschluss dieser \u201eHockete\u201c bildete Theo Wild mit seinem Seniorenchor und Erich K\u00fchn am Akkordeon. Mit bekannten Liedern hat dieser Chor, der inzwischen die gr\u00f6\u00dfte Formation des \u201eLiederkranz\u201c ist, zum Mitsingen animiert. Eine rundum gelungene \u201eHockete\u201c ging gegen Mitternacht zu Ende. Herzlichen Dank allen G\u00e4sten, den mitwirkenden Gastvereinen, unseren Dirigenten Theo Wild und Matthias Hammerschmitt, allen Helfern und Kurt Rastetter, der durch das Programm f\u00fchrte.<\/p>\n","protected":false},"excerpt":{"rendered":"<p>\u201eWo man singt da lass dich ruhig nieder\u201c. Mit diesem Motto, unter dem der \u201eLiederkranz\u201c zu seiner \u201eHockete\u201c eingeladen hatte, folgten bei richtigem \u201eFestwetter\u201c viele \u00d6tigheimer und Ausw\u00e4rtige, um unterhaltsamen Chorgesang zu h\u00f6ren. Der M\u00e4nnerchor unter der Leitung von Matthias Hammerschmitt begr\u00fc\u00dfte die G\u00e4ste mit vier Liedern. Freundliche Verbundenheit erfuhr der Chor beim letzten Lied [&hellip;]<\/p>\n","protected":false},"author":3,"featured_media":0,"parent":1388,"menu_order":8,"comment_status":"closed","ping_status":"closed","template":"onecolumn-page.php","meta":{"footnotes":""},"class_list":["post-1794","page","type-page","status-publish","hentry","post"],"_links":{"self":[{"href":"http:\/\/www.gv-liederkranz-oetigheim.de\/index.php?rest_route=\/wp\/v2\/pages\/1794","targetHints":{"allow":["GET"]}}],"collection":[{"href":"http:\/\/www.gv-liederkranz-oetigheim.de\/index.php?rest_route=\/wp\/v2\/pages"}],"about":[{"href":"http:\/\/www.gv-liederkranz-oetigheim.de\/index.php?rest_route=\/wp\/v2\/types\/page"}],"author":[{"embeddable":true,"href":"http:\/\/www.gv-liederkranz-oetigheim.de\/index.php?rest_route=\/wp\/v2\/users\/3"}],"replies":[{"embeddable":true,"href":"http:\/\/www.gv-liederkranz-oetigheim.de\/index.php?rest_route=%2Fwp%2Fv2%2Fcomments&post=1794"}],"version-history":[{"count":0,"href":"http:\/\/www.gv-liederkranz-oetigheim.de\/index.php?rest_route=\/wp\/v2\/pages\/1794\/revisions"}],"up":[{"embeddable":true,"href":"http:\/\/www.gv-liederkranz-oetigheim.de\/index.php?rest_route=\/wp\/v2\/pages\/1388"}],"wp:attachment":[{"href":"http:\/\/www.gv-liederkranz-oetigheim.de\/index.php?rest_route=%2Fwp%2Fv2%2Fmedia&parent=1794"}],"curies":[{"name":"wp","href":"https:\/\/api.w.org\/{rel}","templated":true}]}}