{"id":1786,"date":"2017-03-02T17:21:06","date_gmt":"2017-03-02T15:21:06","guid":{"rendered":"http:\/\/www.gv-liederkranz-oetigheim.de\/?page_id=1786"},"modified":"2017-03-03T16:50:08","modified_gmt":"2017-03-03T14:50:08","slug":"liederkranz-senioren-on-tour-nach-bad-wildbad-baumwipfelpfad","status":"publish","type":"page","link":"http:\/\/www.gv-liederkranz-oetigheim.de\/?page_id=1786","title":{"rendered":"Liederkranz-Senioren &#8222;on Tour&#8220; nach Bad Wildbad (Baumwipfelpfad)"},"content":{"rendered":"<p><img fetchpriority=\"high\" decoding=\"async\" class=\"aligncenter size-large wp-image-1787\" src=\"http:\/\/www.gv-liederkranz-oetigheim.de\/wp-content\/uploads\/2017\/03\/P1010529-2-1024x768.jpg\" alt=\"\" width=\"640\" height=\"480\" srcset=\"http:\/\/www.gv-liederkranz-oetigheim.de\/wp-content\/uploads\/2017\/03\/P1010529-2-1024x768.jpg 1024w, http:\/\/www.gv-liederkranz-oetigheim.de\/wp-content\/uploads\/2017\/03\/P1010529-2-300x225.jpg 300w, http:\/\/www.gv-liederkranz-oetigheim.de\/wp-content\/uploads\/2017\/03\/P1010529-2-768x576.jpg 768w\" sizes=\"(max-width: 640px) 100vw, 640px\" \/><\/p>\n<p style=\"text-align: justify;\">Mit der Reise am 14. Juni zum Baumwipfelpfad auf dem Sommerberg bei Bad Wildbad setzten die Senioren des \u201eLiederkranz\u201c ihre Unternehmungen im Jahr 2016 fort. Der durchg\u00e4ngig mit Holzbohlen belegte Pfad f\u00fchrt in einer H\u00f6he von 20 Meter und einer L\u00e4nge von 1250 Meter zu einem 40 Meter hohen spiralf\u00f6rmig angelegten Turm. Auf dem Weg dorthin sind umweltp\u00e4dagogische Stationen aufgebaut. Neben dem Erschnuppern von Pflanzend\u00fcften und dem Erkennen von Fu\u00dfspuren der Waldbewohner wurde auch die \u201eArbeit\u201c von Borkenk\u00e4fern und sonstiger hungriger M\u00e4uler auf einem Baumstamm gezeigt.<\/p>\n<p><img decoding=\"async\" class=\"aligncenter size-large wp-image-1788\" src=\"http:\/\/www.gv-liederkranz-oetigheim.de\/wp-content\/uploads\/2017\/03\/P1010547-2-1024x768.jpg\" alt=\"\" width=\"640\" height=\"480\" srcset=\"http:\/\/www.gv-liederkranz-oetigheim.de\/wp-content\/uploads\/2017\/03\/P1010547-2-1024x768.jpg 1024w, http:\/\/www.gv-liederkranz-oetigheim.de\/wp-content\/uploads\/2017\/03\/P1010547-2-300x225.jpg 300w, http:\/\/www.gv-liederkranz-oetigheim.de\/wp-content\/uploads\/2017\/03\/P1010547-2-768x576.jpg 768w\" sizes=\"(max-width: 640px) 100vw, 640px\" \/><\/p>\n<p style=\"text-align: justify;\">Das Highlight der Anlage ist aber der m\u00e4chtige Turm \u2013 ein aus Betonpfeilern errichtetes trichterf\u00f6rmiges Gebilde, an\u00a0 \u00a0denen der nach oben f\u00fchrende Laufsteg angebracht ist. Die meisten unserer Senioren lie\u00dfen es sich nicht nehmen, dieses imposante Bauwerk zu besteigen, um die herrliche Aussicht auf den n\u00f6rdlichen Schwarzwald zu genie\u00dfen. Bleibt noch zu erw\u00e4hnen, dass w\u00e4hrend der Begehung des Pfades kein Tropfen Wasser vom Himmel fiel, trotz der schlechten Wettervorhersagen. Zum Abschluss\u00a0 des ereignisreichen Tages waren wir noch im \u201eHopfenschlingel\u201c in Rastatt angemeldet.<\/p>\n","protected":false},"excerpt":{"rendered":"<p>Mit der Reise am 14. Juni zum Baumwipfelpfad auf dem Sommerberg bei Bad Wildbad setzten die Senioren des \u201eLiederkranz\u201c ihre Unternehmungen im Jahr 2016 fort. Der durchg\u00e4ngig mit Holzbohlen belegte Pfad f\u00fchrt in einer H\u00f6he von 20 Meter und einer L\u00e4nge von 1250 Meter zu einem 40 Meter hohen spiralf\u00f6rmig angelegten Turm. Auf dem Weg [&hellip;]<\/p>\n","protected":false},"author":3,"featured_media":0,"parent":1388,"menu_order":8,"comment_status":"closed","ping_status":"closed","template":"onecolumn-page.php","meta":{"footnotes":""},"class_list":["post-1786","page","type-page","status-publish","hentry","post"],"_links":{"self":[{"href":"http:\/\/www.gv-liederkranz-oetigheim.de\/index.php?rest_route=\/wp\/v2\/pages\/1786","targetHints":{"allow":["GET"]}}],"collection":[{"href":"http:\/\/www.gv-liederkranz-oetigheim.de\/index.php?rest_route=\/wp\/v2\/pages"}],"about":[{"href":"http:\/\/www.gv-liederkranz-oetigheim.de\/index.php?rest_route=\/wp\/v2\/types\/page"}],"author":[{"embeddable":true,"href":"http:\/\/www.gv-liederkranz-oetigheim.de\/index.php?rest_route=\/wp\/v2\/users\/3"}],"replies":[{"embeddable":true,"href":"http:\/\/www.gv-liederkranz-oetigheim.de\/index.php?rest_route=%2Fwp%2Fv2%2Fcomments&post=1786"}],"version-history":[{"count":0,"href":"http:\/\/www.gv-liederkranz-oetigheim.de\/index.php?rest_route=\/wp\/v2\/pages\/1786\/revisions"}],"up":[{"embeddable":true,"href":"http:\/\/www.gv-liederkranz-oetigheim.de\/index.php?rest_route=\/wp\/v2\/pages\/1388"}],"wp:attachment":[{"href":"http:\/\/www.gv-liederkranz-oetigheim.de\/index.php?rest_route=%2Fwp%2Fv2%2Fmedia&parent=1786"}],"curies":[{"name":"wp","href":"https:\/\/api.w.org\/{rel}","templated":true}]}}