{"id":1776,"date":"2017-03-02T16:44:56","date_gmt":"2017-03-02T14:44:56","guid":{"rendered":"http:\/\/www.gv-liederkranz-oetigheim.de\/?page_id=1776"},"modified":"2017-03-03T16:47:19","modified_gmt":"2017-03-03T14:47:19","slug":"tellplatz-bewirtung","status":"publish","type":"page","link":"http:\/\/www.gv-liederkranz-oetigheim.de\/?page_id=1776","title":{"rendered":"Tellplatz-Bewirtung"},"content":{"rendered":"<p><img fetchpriority=\"high\" decoding=\"async\" class=\"aligncenter size-large wp-image-1783\" src=\"http:\/\/www.gv-liederkranz-oetigheim.de\/wp-content\/uploads\/2017\/03\/DSC_0501-1024x597.jpg\" alt=\"\" width=\"640\" height=\"373\" srcset=\"http:\/\/www.gv-liederkranz-oetigheim.de\/wp-content\/uploads\/2017\/03\/DSC_0501-1024x597.jpg 1024w, http:\/\/www.gv-liederkranz-oetigheim.de\/wp-content\/uploads\/2017\/03\/DSC_0501-300x175.jpg 300w, http:\/\/www.gv-liederkranz-oetigheim.de\/wp-content\/uploads\/2017\/03\/DSC_0501-768x447.jpg 768w\" sizes=\"(max-width: 640px) 100vw, 640px\" \/><\/p>\n<p style=\"text-align: justify;\">Viel Arbeit gab es dieses Jahr f\u00fcr den GV Liederkranz als gesamtverantwortlicher Verein der Tellplatzbewirtung. Die Vereinsf\u00fchrung bedankt sich bei allen Helferinnen und Helfern der insgesamt 4 Bewirtungstagen. Am ersten Bewirtungswochenende 11.\/12. Juni wurden die G\u00e4ste von \u201eLes Miserables\u201c reibungslos bewirtet, am letzten Spielwochenende 27.\/28. August waren es dann die G\u00e4ste von \u201eKiss me Kate\u201c. Jedes Mal stellten sich \u00fcber 40 Helferinnen und Helfer f\u00fcr diese Aufgaben bereit, manche sind schon seit vielen Jahren mit den verschiedenen Aufgaben vertraut, dazu geh\u00f6ren z. B. auch unz\u00e4hlige Pappteller richten bevor der gro\u00dfe Ansturm kommt.<\/p>\n<p><img decoding=\"async\" class=\" wp-image-1780 alignright\" src=\"http:\/\/www.gv-liederkranz-oetigheim.de\/wp-content\/uploads\/2017\/03\/DSC_0505-300x275.jpg\" alt=\"\" width=\"252\" height=\"231\" srcset=\"http:\/\/www.gv-liederkranz-oetigheim.de\/wp-content\/uploads\/2017\/03\/DSC_0505-300x275.jpg 300w, http:\/\/www.gv-liederkranz-oetigheim.de\/wp-content\/uploads\/2017\/03\/DSC_0505-768x703.jpg 768w, http:\/\/www.gv-liederkranz-oetigheim.de\/wp-content\/uploads\/2017\/03\/DSC_0505-1024x937.jpg 1024w\" sizes=\"(max-width: 252px) 100vw, 252px\" \/><\/p>\n<p style=\"text-align: justify;\">Ein besonderer Dank galt dieses Jahr dem Organisationsteam, den Eink\u00e4ufern, denjenigen, die alles im Mai gereinigt haben, etc. und nat\u00fcrlich denjenigen, die nach der Tellplatz-Saison alles wieder \u201cwinterfest\u201d gemacht haben.<\/p>\n<p><img decoding=\"async\" class=\"size-medium wp-image-1716 alignnone\" src=\"http:\/\/www.gv-liederkranz-oetigheim.de\/wp-content\/uploads\/2014\/02\/Gemeindeanzeiger-2016-24_Tellplatzbewirtung-neu1-300x225.jpg\" alt=\"\" width=\"300\" height=\"225\" srcset=\"http:\/\/www.gv-liederkranz-oetigheim.de\/wp-content\/uploads\/2014\/02\/Gemeindeanzeiger-2016-24_Tellplatzbewirtung-neu1-300x225.jpg 300w, http:\/\/www.gv-liederkranz-oetigheim.de\/wp-content\/uploads\/2014\/02\/Gemeindeanzeiger-2016-24_Tellplatzbewirtung-neu1.jpg 448w\" sizes=\"(max-width: 300px) 100vw, 300px\" \/><\/p>\n","protected":false},"excerpt":{"rendered":"<p>Viel Arbeit gab es dieses Jahr f\u00fcr den GV Liederkranz als gesamtverantwortlicher Verein der Tellplatzbewirtung. Die Vereinsf\u00fchrung bedankt sich bei allen Helferinnen und Helfern der insgesamt 4 Bewirtungstagen. Am ersten Bewirtungswochenende 11.\/12. Juni wurden die G\u00e4ste von \u201eLes Miserables\u201c reibungslos bewirtet, am letzten Spielwochenende 27.\/28. August waren es dann die G\u00e4ste von \u201eKiss me Kate\u201c. [&hellip;]<\/p>\n","protected":false},"author":3,"featured_media":0,"parent":1388,"menu_order":7,"comment_status":"closed","ping_status":"closed","template":"onecolumn-page.php","meta":{"footnotes":""},"class_list":["post-1776","page","type-page","status-publish","hentry","post"],"_links":{"self":[{"href":"http:\/\/www.gv-liederkranz-oetigheim.de\/index.php?rest_route=\/wp\/v2\/pages\/1776","targetHints":{"allow":["GET"]}}],"collection":[{"href":"http:\/\/www.gv-liederkranz-oetigheim.de\/index.php?rest_route=\/wp\/v2\/pages"}],"about":[{"href":"http:\/\/www.gv-liederkranz-oetigheim.de\/index.php?rest_route=\/wp\/v2\/types\/page"}],"author":[{"embeddable":true,"href":"http:\/\/www.gv-liederkranz-oetigheim.de\/index.php?rest_route=\/wp\/v2\/users\/3"}],"replies":[{"embeddable":true,"href":"http:\/\/www.gv-liederkranz-oetigheim.de\/index.php?rest_route=%2Fwp%2Fv2%2Fcomments&post=1776"}],"version-history":[{"count":0,"href":"http:\/\/www.gv-liederkranz-oetigheim.de\/index.php?rest_route=\/wp\/v2\/pages\/1776\/revisions"}],"up":[{"embeddable":true,"href":"http:\/\/www.gv-liederkranz-oetigheim.de\/index.php?rest_route=\/wp\/v2\/pages\/1388"}],"wp:attachment":[{"href":"http:\/\/www.gv-liederkranz-oetigheim.de\/index.php?rest_route=%2Fwp%2Fv2%2Fmedia&parent=1776"}],"curies":[{"name":"wp","href":"https:\/\/api.w.org\/{rel}","templated":true}]}}