{"id":1769,"date":"2017-03-01T19:10:26","date_gmt":"2017-03-01T17:10:26","guid":{"rendered":"http:\/\/www.gv-liederkranz-oetigheim.de\/?page_id=1769"},"modified":"2017-03-03T16:45:59","modified_gmt":"2017-03-03T14:45:59","slug":"senioren-in-der-moenchhof-saegemuehle","status":"publish","type":"page","link":"http:\/\/www.gv-liederkranz-oetigheim.de\/?page_id=1769","title":{"rendered":"Senioren in der M\u00f6nchhof-S\u00e4gem\u00fchle"},"content":{"rendered":"<p style=\"text-align: justify;\"><img fetchpriority=\"high\" decoding=\"async\" class=\" wp-image-1770 alignleft\" src=\"http:\/\/www.gv-liederkranz-oetigheim.de\/wp-content\/uploads\/2017\/03\/P1010473-3-300x225.jpg\" alt=\"\" width=\"361\" height=\"276\" \/><\/p>\n<p style=\"text-align: justify;\">Mit der Besichtigung der M\u00f6nchhof S\u00e4gem\u00fchle, einem Kulturdenkmal im Waldachtal bei Dornstetten, wurde den Senioren des \u201eLiederkranz\u201c am 20. Mai eine Reise in die Vergangenheit geboten. Die S\u00e4gem\u00fchle wurde erstmals 1435 als Besitztum des Klosters Bebenhausen bei T\u00fcbingen erw\u00e4hnt. \u00dcber 500 Jahre wurde mit der nat\u00fcrlichen Wasserkraft der Waldach mit dieser S\u00e4ge gearbeitet. Auch heute noch ist die S\u00e4gem\u00fchle voll funktionsf\u00e4hig. Beim Zers\u00e4gen eines Baumstamms in 5 cm starke Bohlen wurde uns die Leistungsf\u00e4higkeit dieser S\u00e4gem\u00fchle ausdrucksvoll vorgef\u00fchrt.<\/p>\n<p style=\"text-align: justify;\"><img decoding=\"async\" class=\"size-medium wp-image-1771 alignleft\" src=\"http:\/\/www.gv-liederkranz-oetigheim.de\/wp-content\/uploads\/2017\/03\/P1010478-2-300x225.jpg\" alt=\"\" width=\"300\" height=\"225\" srcset=\"http:\/\/www.gv-liederkranz-oetigheim.de\/wp-content\/uploads\/2017\/03\/P1010478-2-300x225.jpg 300w, http:\/\/www.gv-liederkranz-oetigheim.de\/wp-content\/uploads\/2017\/03\/P1010478-2-768x576.jpg 768w, http:\/\/www.gv-liederkranz-oetigheim.de\/wp-content\/uploads\/2017\/03\/P1010478-2-1024x768.jpg 1024w, http:\/\/www.gv-liederkranz-oetigheim.de\/wp-content\/uploads\/2017\/03\/P1010478-2.jpg 1512w\" sizes=\"(max-width: 300px) 100vw, 300px\" \/><\/p>\n<p style=\"text-align: justify;\">Der heutige Besitzer, die Familie Schittenhelm, f\u00fchrt bereits in der dritten Generation die Erhaltung dieses Denkmals fort, das die Lebensweise der Menschen im Schwarzwald wieder lebendig werden l\u00e4sst. Nach diesem sehr interessanten Blick in die Vergangenheit fuhren wir in das 15 km entfernte Freudenstadt, um auf dem gr\u00f6\u00dften Marktplatz Deutschlands die Annehmlichkeiten der heutigen Zeit zu genie\u00dfen. Zum Abschluss dieses auch vom Wetter sehr beg\u00fcnstigten Tages kehrten wir noch im rustikalen Gasthof \u201eTurmbr\u00e4u\u201c ein.<\/p>\n","protected":false},"excerpt":{"rendered":"<p>Mit der Besichtigung der M\u00f6nchhof S\u00e4gem\u00fchle, einem Kulturdenkmal im Waldachtal bei Dornstetten, wurde den Senioren des \u201eLiederkranz\u201c am 20. Mai eine Reise in die Vergangenheit geboten. Die S\u00e4gem\u00fchle wurde erstmals 1435 als Besitztum des Klosters Bebenhausen bei T\u00fcbingen erw\u00e4hnt. \u00dcber 500 Jahre wurde mit der nat\u00fcrlichen Wasserkraft der Waldach mit dieser S\u00e4ge gearbeitet. Auch heute [&hellip;]<\/p>\n","protected":false},"author":3,"featured_media":0,"parent":1388,"menu_order":6,"comment_status":"closed","ping_status":"closed","template":"onecolumn-page.php","meta":{"footnotes":""},"class_list":["post-1769","page","type-page","status-publish","hentry","post"],"_links":{"self":[{"href":"http:\/\/www.gv-liederkranz-oetigheim.de\/index.php?rest_route=\/wp\/v2\/pages\/1769","targetHints":{"allow":["GET"]}}],"collection":[{"href":"http:\/\/www.gv-liederkranz-oetigheim.de\/index.php?rest_route=\/wp\/v2\/pages"}],"about":[{"href":"http:\/\/www.gv-liederkranz-oetigheim.de\/index.php?rest_route=\/wp\/v2\/types\/page"}],"author":[{"embeddable":true,"href":"http:\/\/www.gv-liederkranz-oetigheim.de\/index.php?rest_route=\/wp\/v2\/users\/3"}],"replies":[{"embeddable":true,"href":"http:\/\/www.gv-liederkranz-oetigheim.de\/index.php?rest_route=%2Fwp%2Fv2%2Fcomments&post=1769"}],"version-history":[{"count":0,"href":"http:\/\/www.gv-liederkranz-oetigheim.de\/index.php?rest_route=\/wp\/v2\/pages\/1769\/revisions"}],"up":[{"embeddable":true,"href":"http:\/\/www.gv-liederkranz-oetigheim.de\/index.php?rest_route=\/wp\/v2\/pages\/1388"}],"wp:attachment":[{"href":"http:\/\/www.gv-liederkranz-oetigheim.de\/index.php?rest_route=%2Fwp%2Fv2%2Fmedia&parent=1769"}],"curies":[{"name":"wp","href":"https:\/\/api.w.org\/{rel}","templated":true}]}}