{"id":1554,"date":"2016-02-04T17:57:23","date_gmt":"2016-02-04T15:57:23","guid":{"rendered":"http:\/\/www.gv-liederkranz-oetigheim.de\/?page_id=1554"},"modified":"2025-08-14T14:31:16","modified_gmt":"2025-08-14T12:31:16","slug":"vereinsfuehrung","status":"publish","type":"page","link":"http:\/\/www.gv-liederkranz-oetigheim.de\/?page_id=1554","title":{"rendered":"Vereinsf\u00fchrung"},"content":{"rendered":"<p><strong>Die Vereinsf\u00fchrung besteht aus einem vierk\u00f6pfigen Pr\u00e4sidium<\/strong><\/p>\n<table style=\"height: 139px; width: 110.349%;\">\n<tbody>\n<tr>\n<td style=\"width: 12.1449%;\"><strong><img decoding=\"async\" src=\"http:\/\/www.gv-liederkranz-oetigheim.de\/wp-content\/uploads\/2016\/02\/Pr\u00e4sidium3KUrt-Rastetter-e1727808431617.jpg\" alt=\"\" width=\"106\" height=\"129\" \/><\/strong><\/td>\n<td style=\"width: 11.4757%;\"><strong><img decoding=\"async\" src=\"http:\/\/www.gv-liederkranz-oetigheim.de\/wp-content\/uploads\/2016\/02\/Pr\u00e4sidium3RF-e1727808554699.jpg\" alt=\"\" width=\"100\" height=\"130\" \/><\/strong><\/td>\n<td style=\"width: 11.6924%;\"><strong><img decoding=\"async\" src=\"http:\/\/www.gv-liederkranz-oetigheim.de\/wp-content\/uploads\/2016\/02\/wittmann-e1727808746731.jpg\" alt=\"\" width=\"98\" height=\"132\" \/><\/strong><\/td>\n<td style=\"width: 22.4042%; text-align: center;\"><img loading=\"lazy\" decoding=\"async\" src=\"http:\/\/www.gv-liederkranz-oetigheim.de\/wp-content\/uploads\/2024\/10\/Platzhalter-Foto-e1728410406829.jpg\" alt=\"\" width=\"97\" height=\"126\" \/><\/td>\n<td style=\"width: 2.25277%;\"><img loading=\"lazy\" decoding=\"async\" src=\"http:\/\/www.gv-liederkranz-oetigheim.de\/wp-content\/uploads\/2025\/04\/Gunther_Koelmel-scaled-e1744812565109-213x300.jpg\" alt=\"\" width=\"91\" height=\"128\" \/><\/td>\n<td style=\"width: 38.03%;\"><strong><img loading=\"lazy\" decoding=\"async\" src=\"http:\/\/www.gv-liederkranz-oetigheim.de\/wp-content\/uploads\/2016\/02\/Pr\u00e4sidium-3-G\u00fcnter-K\u00f6lmel-e1727808833770-207x300.jpg\" alt=\"\" width=\"91\" height=\"132\" \/><\/strong><\/td>\n<\/tr>\n<tr>\n<td style=\"width: 12.1449%;\"><strong>Kurt<br \/>Rastetter<\/strong><\/td>\n<td style=\"width: 11.4757%;\"><strong>Roland<br \/>Fechner<\/strong><\/td>\n<td style=\"width: 11.6924%;\"><strong>Hans Georg Wittmann<\/strong><\/td>\n<td style=\"width: 22.4042%;\">\u00a0<strong>NN<\/strong><\/td>\n<td style=\"width: 2.25277%;\"><strong>Gunther<br \/>Eisele<\/strong><\/td>\n<td style=\"width: 38.03%;\"><strong>G\u00fcnter<br \/>K\u00f6lmel<\/strong><\/td>\n<\/tr>\n<tr>\n<td style=\"width: 12.1449%;\">\n<h6>Pr\u00e4sidiumssprecher<br \/>\u00d6ffentlichkeitsarbeit<\/h6>\n<\/td>\n<td style=\"width: 11.4757%;\">\n<h6>Finanzwesen<\/h6>\n<\/td>\n<td style=\"width: 11.6924%;\">\n<h6>Chorbetrieb<\/h6>\n<\/td>\n<td style=\"width: 22.4042%;\">\n<h6>Veranstaltungen<\/h6>\n<\/td>\n<td style=\"width: 2.25277%;\">\n<h6>Schriftf\u00fchrer (Mitgliederverwaltung)<\/h6>\n<\/td>\n<td style=\"width: 38.03%;\">\n<h6>Gesch\u00e4ftsb\u00fcro<\/h6>\n<\/td>\n<\/tr>\n<tr>\n<td style=\"width: 12.1449%;\">\u00a0<\/td>\n<td style=\"width: 11.4757%;\">\u00a0<\/td>\n<td style=\"width: 11.6924%;\">\u00a0<\/td>\n<td style=\"width: 22.4042%;\">\u00a0<\/td>\n<td style=\"width: 2.25277%;\">\u00a0<\/td>\n<td style=\"width: 38.03%;\">\u00a0<\/td>\n<\/tr>\n<tr>\n<td style=\"width: 12.1449%;\">\u00a0<\/td>\n<td style=\"width: 11.4757%;\">\u00a0<\/td>\n<td style=\"width: 11.6924%;\">\u00a0<\/td>\n<td style=\"width: 22.4042%;\">\u00a0<\/td>\n<td style=\"width: 2.25277%;\">\u00a0<\/td>\n<td style=\"width: 38.03%;\">\u00a0<\/td>\n<\/tr>\n<\/tbody>\n<\/table>\n<p style=\"text-align: left;\">\u00a0\u00a0<\/p>\n<p style=\"text-align: left;\">\u00a0<\/p>\n<p style=\"text-align: left;\"><strong>seit 2008 wird der Verein von einem vierk\u00f6pfigen Pr\u00e4sidium geleitet:<\/strong><\/p>\n<p style=\"text-align: left;\">seit 2017\u00a0\u00a0\u00a0\u00a0\u00a0\u00a0\u00a0\u00a0\u00a0\u00a0\u00a0\u00a0\u00a0\u00a0\u00a0\u00a0\u00a0 Roland Fechner, Kurt Rastetter, Hans Georg Wittmann,\u00a0<br \/>2015\u00a0 bis 2017 \u00a0\u00a0\u00a0\u00a0\u00a0\u00a0 Roland Fechner, Kurt Rastetter, Harald Walter,\u00a0<br \/>2011 \u00a0bis 2015 \u00a0\u00a0\u00a0\u00a0\u00a0\u00a0 Roland Fechner, G\u00fcnter K\u00f6lmel, Kurt Rastetter, Harald Walter<br \/>2008\u00a0 bis 2011\u00a0\u00a0\u00a0\u00a0\u00a0\u00a0\u00a0 G\u00fcnter K\u00f6lmel, Martin K\u00fchn, Kurt Rastetter, Kurt Wagner<\/p>\n<h3 style=\"text-align: left;\"><strong>In der \u00fcber 100j\u00e4hrigen Vereinsgeschichte waren die folgenden Vorsitzenden erfolgreich t\u00e4tig:<\/strong><\/h3>\n<h3 style=\"text-align: left;\">\u2022 2000 bis 2008 Dr. Volker Sp\u00e4th<br \/>\u2022 1992 bis 2000 Heinz Dols<br \/>\u2022 1988 bis 1992 Bernd Kienle<br \/>\u2022 1970 bis 1988 Wilhelm H\u00f6fele<br \/>\u2022 1964 bis 1970 Eduard K\u00fchn<br \/>\u2022 1956 bis 1964 Josef Speck<br \/>\u2022 1950 bis 1956 Wilhelm Speck<br \/>\u2022 1937 bis 1950 Josef Speck sen.<br \/>\u2022 1934 bis 1937 Albert K\u00fchn<br \/>\u2022 1931 bis 1934 Wilhelm K\u00f6lmel<br \/>\u2022 1929 bis 1931 Albert K\u00fchn<br \/>\u2022 1922 bis 1929 Wilhelm K\u00f6lmel<br \/>\u2022 1908 bis 1922 Franz Xaver Mauterer<br \/>\u2022 1906 bis 1908 Karl K\u00fchn<br \/>\u2022 1905 bis 1906 Josef Mauterer<br \/>\u2022 1903 bis 1905 Friedrich K\u00fchn<br \/>\u2022 1901 bis 1903 Josef Mauterer<br \/>\u2022 1899 bis 1901 Friedrich Kohm<\/h3>\n","protected":false},"excerpt":{"rendered":"<p>Die Vereinsf\u00fchrung besteht aus einem vierk\u00f6pfigen Pr\u00e4sidium KurtRastetter RolandFechner Hans Georg Wittmann \u00a0NN GuntherEisele G\u00fcnterK\u00f6lmel Pr\u00e4sidiumssprecher\u00d6ffentlichkeitsarbeit Finanzwesen Chorbetrieb Veranstaltungen Schriftf\u00fchrer (Mitgliederverwaltung) Gesch\u00e4ftsb\u00fcro \u00a0 \u00a0 \u00a0 \u00a0 \u00a0 \u00a0 \u00a0 \u00a0 \u00a0 \u00a0 \u00a0 \u00a0 \u00a0\u00a0 \u00a0 seit 2008 wird der Verein von einem vierk\u00f6pfigen Pr\u00e4sidium geleitet: seit 2017\u00a0\u00a0\u00a0\u00a0\u00a0\u00a0\u00a0\u00a0\u00a0\u00a0\u00a0\u00a0\u00a0\u00a0\u00a0\u00a0\u00a0 Roland Fechner, Kurt Rastetter, Hans Georg Wittmann,\u00a02015\u00a0 [&hellip;]<\/p>\n","protected":false},"author":3,"featured_media":0,"parent":0,"menu_order":20,"comment_status":"closed","ping_status":"closed","template":"","meta":{"footnotes":""},"class_list":["post-1554","page","type-page","status-publish","hentry","post"],"_links":{"self":[{"href":"http:\/\/www.gv-liederkranz-oetigheim.de\/index.php?rest_route=\/wp\/v2\/pages\/1554","targetHints":{"allow":["GET"]}}],"collection":[{"href":"http:\/\/www.gv-liederkranz-oetigheim.de\/index.php?rest_route=\/wp\/v2\/pages"}],"about":[{"href":"http:\/\/www.gv-liederkranz-oetigheim.de\/index.php?rest_route=\/wp\/v2\/types\/page"}],"author":[{"embeddable":true,"href":"http:\/\/www.gv-liederkranz-oetigheim.de\/index.php?rest_route=\/wp\/v2\/users\/3"}],"replies":[{"embeddable":true,"href":"http:\/\/www.gv-liederkranz-oetigheim.de\/index.php?rest_route=%2Fwp%2Fv2%2Fcomments&post=1554"}],"version-history":[{"count":3,"href":"http:\/\/www.gv-liederkranz-oetigheim.de\/index.php?rest_route=\/wp\/v2\/pages\/1554\/revisions"}],"predecessor-version":[{"id":3480,"href":"http:\/\/www.gv-liederkranz-oetigheim.de\/index.php?rest_route=\/wp\/v2\/pages\/1554\/revisions\/3480"}],"wp:attachment":[{"href":"http:\/\/www.gv-liederkranz-oetigheim.de\/index.php?rest_route=%2Fwp%2Fv2%2Fmedia&parent=1554"}],"curies":[{"name":"wp","href":"https:\/\/api.w.org\/{rel}","templated":true}]}}