{"id":1388,"date":"2016-01-21T18:06:20","date_gmt":"2016-01-21T16:06:20","guid":{"rendered":"http:\/\/www.gv-liederkranz-oetigheim.de\/?page_id=1388"},"modified":"2019-09-24T12:23:54","modified_gmt":"2019-09-24T10:23:54","slug":"probe01","status":"publish","type":"page","link":"http:\/\/www.gv-liederkranz-oetigheim.de\/?page_id=1388","title":{"rendered":"Termine 2016"},"content":{"rendered":"<table style=\"height: 120px; width: 711px;\" border=\"0\" cellspacing=\"0\" cellpadding=\"0\">\n<tbody>\n<tr style=\"height: 48px;\">\n<td style=\"width: 78px; height: 0px;\" scope=\"row\">Mi.<\/td>\n<td style=\"width: 78px; height: 0px;\" scope=\"row\">06.01.<\/td>\n<td style=\"width: 78px; height: 0px;\" scope=\"row\">14:00<\/td>\n<td style=\"width: 475px; height: 0px;\" colspan=\"6\" scope=\"row\"><a href=\"http:\/\/www.gv-liederkranz-oetigheim.de\/?page_id=1835\">Seniorenchor &#8211; Seniorennachmittag der Gemeinde<\/a><\/td>\n<\/tr>\n<tr style=\"height: 48px;\">\n<td style=\"width: 78px; height: 0px;\" scope=\"row\">Do.<\/td>\n<td style=\"width: 78px; height: 0px;\" scope=\"row\">07.01.<\/td>\n<td style=\"width: 78px; height: 0px;\" scope=\"row\">19:00<\/td>\n<td style=\"width: 475px; height: 0px;\" colspan=\"6\" scope=\"row\"><a href=\"http:\/\/www.gv-liederkranz-oetigheim.de\/?page_id=1356\">Good Vibrations &#8211; erste Chorprobe nach der Winterpause mit Neujahrsempfang<\/a><\/td>\n<\/tr>\n<tr style=\"height: 24px;\">\n<td style=\"width: 78px; height: 0px;\" scope=\"row\">Fr.<\/td>\n<td style=\"width: 78px; height: 0px;\" scope=\"row\">20.05.<\/td>\n<td style=\"width: 78px; height: 0px;\" scope=\"row\">13:00<\/td>\n<td style=\"width: 475px; height: 0px;\" colspan=\"6\" scope=\"row\"><a href=\"http:\/\/www.gv-liederkranz-oetigheim.de\/?page_id=1769\">Liederkranz-Senioren &#8222;on Tour&#8220; zur M\u00f6nchhof-S\u00e4gem\u00fchle im Waldachtal<\/a><\/td>\n<\/tr>\n<tr style=\"height: 25px;\">\n<td style=\"width: 78px; height: 0px;\" scope=\"row\">Sa.<\/td>\n<td style=\"width: 78px; height: 0px;\" scope=\"row\">11.06.<\/td>\n<td style=\"width: 78px; height: 0px;\" scope=\"row\">17:30<\/td>\n<td style=\"width: 475px; height: 0px;\" colspan=\"6\" scope=\"row\"><a href=\"http:\/\/www.gv-liederkranz-oetigheim.de\/?page_id=1776\">Tellplatzbewirtung erstes Spiel-WE\u00a0(Les Miserables)<\/a><\/td>\n<\/tr>\n<tr style=\"height: 24px;\">\n<td style=\"width: 78px; height: 0px;\" scope=\"row\">Di<\/td>\n<td style=\"width: 78px; height: 0px;\" scope=\"row\">14.06.<\/td>\n<td style=\"width: 78px; height: 0px;\" scope=\"row\">14:00<\/td>\n<td style=\"width: 475px; height: 0px;\" colspan=\"6\" scope=\"row\"><a href=\"http:\/\/www.gv-liederkranz-oetigheim.de\/?page_id=1786\">Liederkranz-Senioren &#8222;on Tour&#8220; nach Bad Wildbad (Baumwipfelpfad)<\/a><\/td>\n<\/tr>\n<tr style=\"height: 24px;\">\n<td style=\"height: 24px; width: 78px;\">Fr.<\/td>\n<td style=\"height: 24px; width: 78px;\">08.07.<\/td>\n<td style=\"height: 24px; width: 78px;\">17:00<\/td>\n<td style=\"height: 24px; width: 475px;\" colspan=\"6\"><a href=\"http:\/\/www.gv-liederkranz-oetigheim.de\/?page_id=1794\">Hockete<\/a><\/td>\n<\/tr>\n<tr style=\"height: 24px;\">\n<td style=\"height: 24px; width: 78px;\">Sa.<\/td>\n<td style=\"height: 24px; width: 78px;\">10.09.<\/td>\n<td style=\"height: 24px; width: 78px;\">14:00<\/td>\n<td style=\"height: 24px; width: 475px;\" colspan=\"6\"><a href=\"http:\/\/www.gv-liederkranz-oetigheim.de\/?page_id=1804\">Kinder-Ferienspa\u00dfprogramm<\/a><\/td>\n<\/tr>\n<tr style=\"height: 72px;\">\n<td style=\"height: 72px; width: 78px;\">Di.<\/td>\n<td style=\"height: 72px; width: 78px;\">11.10.<\/td>\n<td style=\"height: 72px; width: 78px;\">12:00<\/td>\n<td style=\"height: 72px; width: 475px;\" colspan=\"6\"><a href=\"http:\/\/www.gv-liederkranz-oetigheim.de\/?page_id=1853\">Liederkranz-Senioren &#8222;on Tour&#8220; nach Godramstein<\/a><\/td>\n<\/tr>\n<tr style=\"height: 24px;\">\n<td style=\"height: 24px; width: 78px;\">So.<\/td>\n<td style=\"height: 24px; width: 78px;\">30.10.<\/td>\n<td style=\"height: 24px; width: 78px;\">\u00a017:00<\/td>\n<td style=\"height: 24px; width: 475px;\" colspan=\"6\"><a href=\"http:\/\/www.gv-liederkranz-oetigheim.de\/?page_id=1861\">Seniorenchor &#8211; Konzert in der Pfarrkirche St. Michael<\/a><\/td>\n<\/tr>\n<tr style=\"height: 25px;\">\n<td style=\"height: 25px; width: 78px;\">So.<\/td>\n<td style=\"height: 25px; width: 78px;\">04.12.<\/td>\n<td style=\"height: 25px; width: 78px;\">18:00<\/td>\n<td style=\"height: 25px; width: 475px;\" colspan=\"6\"><a href=\"http:\/\/www.gv-liederkranz-oetigheim.de\/?page_id=1864\">Weihnachtsfeier in der MZH \u00d6tigheim<\/a><\/td>\n<\/tr>\n<\/tbody>\n<\/table>\n","protected":false},"excerpt":{"rendered":"<p>Mi. 06.01. 14:00 Seniorenchor &#8211; Seniorennachmittag der Gemeinde Do. 07.01. 19:00 Good Vibrations &#8211; erste Chorprobe nach der Winterpause mit Neujahrsempfang Fr. 20.05. 13:00 Liederkranz-Senioren &#8222;on Tour&#8220; zur M\u00f6nchhof-S\u00e4gem\u00fchle im Waldachtal Sa. 11.06. 17:30 Tellplatzbewirtung erstes Spiel-WE\u00a0(Les Miserables) Di 14.06. 14:00 Liederkranz-Senioren &#8222;on Tour&#8220; nach Bad Wildbad (Baumwipfelpfad) Fr. 08.07. 17:00 Hockete Sa. 10.09. 14:00 [&hellip;]<\/p>\n","protected":false},"author":3,"featured_media":0,"parent":760,"menu_order":3,"comment_status":"closed","ping_status":"closed","template":"","meta":{"footnotes":""},"class_list":["post-1388","page","type-page","status-publish","hentry","post"],"_links":{"self":[{"href":"http:\/\/www.gv-liederkranz-oetigheim.de\/index.php?rest_route=\/wp\/v2\/pages\/1388","targetHints":{"allow":["GET"]}}],"collection":[{"href":"http:\/\/www.gv-liederkranz-oetigheim.de\/index.php?rest_route=\/wp\/v2\/pages"}],"about":[{"href":"http:\/\/www.gv-liederkranz-oetigheim.de\/index.php?rest_route=\/wp\/v2\/types\/page"}],"author":[{"embeddable":true,"href":"http:\/\/www.gv-liederkranz-oetigheim.de\/index.php?rest_route=\/wp\/v2\/users\/3"}],"replies":[{"embeddable":true,"href":"http:\/\/www.gv-liederkranz-oetigheim.de\/index.php?rest_route=%2Fwp%2Fv2%2Fcomments&post=1388"}],"version-history":[{"count":0,"href":"http:\/\/www.gv-liederkranz-oetigheim.de\/index.php?rest_route=\/wp\/v2\/pages\/1388\/revisions"}],"up":[{"embeddable":true,"href":"http:\/\/www.gv-liederkranz-oetigheim.de\/index.php?rest_route=\/wp\/v2\/pages\/760"}],"wp:attachment":[{"href":"http:\/\/www.gv-liederkranz-oetigheim.de\/index.php?rest_route=%2Fwp%2Fv2%2Fmedia&parent=1388"}],"curies":[{"name":"wp","href":"https:\/\/api.w.org\/{rel}","templated":true}]}}