{"id":1333,"date":"2016-01-20T17:46:21","date_gmt":"2016-01-20T15:46:21","guid":{"rendered":"http:\/\/www.gv-liederkranz-oetigheim.de\/wp\/?page_id=1333"},"modified":"2016-01-21T21:14:49","modified_gmt":"2016-01-21T19:14:49","slug":"adventsfeier-der-senioren","status":"publish","type":"page","link":"http:\/\/www.gv-liederkranz-oetigheim.de\/?page_id=1333","title":{"rendered":"Adventsfeier der Senioren"},"content":{"rendered":"<p>Alle Jahre wieder, so am 9. Dezember, hatten wir die Senioren des Vereins zur Adventsfeier in das Restaurant \u201eKrone\u201c eingeladen.<br \/>\nG\u00fcnter K\u00f6lmel, Manager der Senioren, brachte bei seiner Begr\u00fc\u00dfung auch die Reisen der Senioren und die musikalischen Auftritte des Seniorenchors im abgelaufenen Jahr in Erinnerung.<br \/>\nIn musikalischer Hinsicht waren die Einweihung von \u201eHaus Edelberg\u201c am 28. Februar und der Auftritt bei der Rheinland-Pf\u00e4lzischen Landesgartenschau am 6. August in Landau die Highlights des Jahres.<\/p>\n<p><strong><img fetchpriority=\"high\" decoding=\"async\" class=\"aligncenter wp-image-1335 size-full\" src=\"http:\/\/www.gv-liederkranz-oetigheim.de\/wp-content\/uploads\/2016\/01\/Gemeindeanzeiger-51-2015_Adventsfeier.jpg\" alt=\"Gemeindeanzeiger 51-2015_Adventsfeier\" width=\"1024\" height=\"768\" srcset=\"http:\/\/www.gv-liederkranz-oetigheim.de\/wp-content\/uploads\/2016\/01\/Gemeindeanzeiger-51-2015_Adventsfeier.jpg 1024w, http:\/\/www.gv-liederkranz-oetigheim.de\/wp-content\/uploads\/2016\/01\/Gemeindeanzeiger-51-2015_Adventsfeier-300x225.jpg 300w, http:\/\/www.gv-liederkranz-oetigheim.de\/wp-content\/uploads\/2016\/01\/Gemeindeanzeiger-51-2015_Adventsfeier-768x576.jpg 768w\" sizes=\"(max-width: 1024px) 100vw, 1024px\" \/>\u00a0<\/strong>Bei Kaffee &#8211; einer Spende der \u201eKrone\u201c &#8211; und Geb\u00e4ck, ging es zum gem\u00fctlichen Teil \u00fcber. Dabei wurden Adventslieder gesungen, die unser Chorleiter Theo Wild mit seinem Akkordeon begleitete. Unser geistlicher Beistand Hans Weck brachte dann eine besinnliche Geschichte zum Fl\u00fcchtlingsproblem zum Vortrag. Dabei beschrieb er die heilige Familie, die vor 2000 Jahren auch schon Fl\u00fcchtlinge waren.<br \/>\nZum festen Bestandteil einer jeden Adventsfeier geh\u00f6rt auch ein Filmvortrag von Werner Nold. In diesem Jahr war es ein Film von der Reise nach Gabicce Mare, die unsere Senioren im Jahr 2014 durchf\u00fchrten. Werner Nold hat dabei wie immer seine Qualit\u00e4ten als Kameramann und Regisseur eingebracht und ein sehenswertes Werk vorgef\u00fchrt.<br \/>\nAuch f\u00fcr das leibliche Wohl war bestens gesorgt, so hat Reinhard Kohm, der Chef der \u201eKrone\u201c, sehr schmackhafte Speisen und s\u00fcffige Getr\u00e4nke angeboten, mit denen er den Geschmack unserer Senioren traf.<br \/>\nBei angeregter Unterhaltung in vorweihnachtlicher Stimmung war es wieder eine gelungene Adventsfeier.<\/p>\n<p><a href=\"http:\/\/www.gv-liederkranz-oetigheim.de\/wp\/?page_id=999\">zur\u00fcck<\/a><\/p>\n<p>&nbsp;<\/p>\n","protected":false},"excerpt":{"rendered":"<p>Alle Jahre wieder, so am 9. Dezember, hatten wir die Senioren des Vereins zur Adventsfeier in das Restaurant \u201eKrone\u201c eingeladen. G\u00fcnter K\u00f6lmel, Manager der Senioren, brachte bei seiner Begr\u00fc\u00dfung auch die Reisen der Senioren und die musikalischen Auftritte des Seniorenchors im abgelaufenen Jahr in Erinnerung. In musikalischer Hinsicht waren die Einweihung von \u201eHaus Edelberg\u201c am [&hellip;]<\/p>\n","protected":false},"author":3,"featured_media":0,"parent":999,"menu_order":0,"comment_status":"closed","ping_status":"closed","template":"onecolumn-page.php","meta":{"footnotes":""},"class_list":["post-1333","page","type-page","status-publish","hentry","post"],"_links":{"self":[{"href":"http:\/\/www.gv-liederkranz-oetigheim.de\/index.php?rest_route=\/wp\/v2\/pages\/1333","targetHints":{"allow":["GET"]}}],"collection":[{"href":"http:\/\/www.gv-liederkranz-oetigheim.de\/index.php?rest_route=\/wp\/v2\/pages"}],"about":[{"href":"http:\/\/www.gv-liederkranz-oetigheim.de\/index.php?rest_route=\/wp\/v2\/types\/page"}],"author":[{"embeddable":true,"href":"http:\/\/www.gv-liederkranz-oetigheim.de\/index.php?rest_route=\/wp\/v2\/users\/3"}],"replies":[{"embeddable":true,"href":"http:\/\/www.gv-liederkranz-oetigheim.de\/index.php?rest_route=%2Fwp%2Fv2%2Fcomments&post=1333"}],"version-history":[{"count":0,"href":"http:\/\/www.gv-liederkranz-oetigheim.de\/index.php?rest_route=\/wp\/v2\/pages\/1333\/revisions"}],"up":[{"embeddable":true,"href":"http:\/\/www.gv-liederkranz-oetigheim.de\/index.php?rest_route=\/wp\/v2\/pages\/999"}],"wp:attachment":[{"href":"http:\/\/www.gv-liederkranz-oetigheim.de\/index.php?rest_route=%2Fwp%2Fv2%2Fmedia&parent=1333"}],"curies":[{"name":"wp","href":"https:\/\/api.w.org\/{rel}","templated":true}]}}