{"id":1327,"date":"2016-01-20T17:38:34","date_gmt":"2016-01-20T15:38:34","guid":{"rendered":"http:\/\/www.gv-liederkranz-oetigheim.de\/wp\/?page_id=1327"},"modified":"2016-01-22T11:24:52","modified_gmt":"2016-01-22T09:24:52","slug":"liederkranz-senioren-auf-reisen","status":"publish","type":"page","link":"http:\/\/www.gv-liederkranz-oetigheim.de\/?page_id=1327","title":{"rendered":"Liederkranz-Senioren auf Reisen"},"content":{"rendered":"<p>Mit einer Betriebsbesichtigung der Firma TRIGEMA in Burladingen er\u00f6ffneten die Liederkranz-Senioren die Reisesaison 2015.<br \/>\nDie Firma TRIGEMA ist ein Familienunternehmen und wurde im Jahr 1919 gegr\u00fcndet. Im Gegensatz zum allgemeinen Trend in der deutschen Textilindustrie, die Produktion in Billiglohnl\u00e4nder zu verlegen, setzte TRIGEMA konsequent auf den Produktionsstandort Deutschland und hatte damit Erfolg. Seit 1975 ist TRIGEMA Deutschlands gr\u00f6\u00dfter Hersteller von Sport- und Freizeitbekleidung.<\/p>\n<p>Bei einer gef\u00fchrten Betriebsbesichtigung wurde uns die Leistungsf\u00e4higkeit der Firma aufgezeigt. Au\u00dfer dem Kauf der Baumwollgarne wird alles in eigener Fertigung erzeugt. Im Drei-Schicht-Betrieb werden auf modernsten Strickautomaten die Stoffe produziert. Anschlie\u00dfend werden die Stoffe gewaschen und gebleicht und in einem speziellen Verfahren eingef\u00e4rbt. Computergesteuert erfolgt dann der dem Produkt\u00a0 entsprechende Zuschnitt, bevor flei\u00dfige H\u00e4nde von Schneiderinnen das Endprodukt herstellen.<\/p>\n<p><img fetchpriority=\"high\" decoding=\"async\" class=\"aligncenter wp-image-1329 size-full\" src=\"http:\/\/www.gv-liederkranz-oetigheim.de\/wp-content\/uploads\/2016\/01\/Gemeindeanzeiger-14-2015_uk_Firmenbesichtigung.jpg\" alt=\"Gemeindeanzeiger 14-2015_uk_Firmenbesichtigung\" width=\"1024\" height=\"768\" srcset=\"http:\/\/www.gv-liederkranz-oetigheim.de\/wp-content\/uploads\/2016\/01\/Gemeindeanzeiger-14-2015_uk_Firmenbesichtigung.jpg 1024w, http:\/\/www.gv-liederkranz-oetigheim.de\/wp-content\/uploads\/2016\/01\/Gemeindeanzeiger-14-2015_uk_Firmenbesichtigung-300x225.jpg 300w, http:\/\/www.gv-liederkranz-oetigheim.de\/wp-content\/uploads\/2016\/01\/Gemeindeanzeiger-14-2015_uk_Firmenbesichtigung-768x576.jpg 768w\" sizes=\"(max-width: 1024px) 100vw, 1024px\" \/><\/p>\n<p>Von der Qualit\u00e4t der Waren konnten wir uns dann beim Einkauf im firmeneigenen Testgesch\u00e4ft, gleich neben den Fabrikanlagen, \u00fcberzeugen.<\/p>\n<p><img decoding=\"async\" class=\"alignright wp-image-1328 size-full\" src=\"http:\/\/www.gv-liederkranz-oetigheim.de\/wp-content\/uploads\/2016\/01\/Gemeindeanzeiger-14-2015_Turm-Br\u00e4u.jpg\" alt=\"Gemeindeanzeiger 14-2015_Turm-Br\u00e4u\" width=\"1024\" height=\"768\" srcset=\"http:\/\/www.gv-liederkranz-oetigheim.de\/wp-content\/uploads\/2016\/01\/Gemeindeanzeiger-14-2015_Turm-Br\u00e4u.jpg 1024w, http:\/\/www.gv-liederkranz-oetigheim.de\/wp-content\/uploads\/2016\/01\/Gemeindeanzeiger-14-2015_Turm-Br\u00e4u-300x225.jpg 300w, http:\/\/www.gv-liederkranz-oetigheim.de\/wp-content\/uploads\/2016\/01\/Gemeindeanzeiger-14-2015_Turm-Br\u00e4u-768x576.jpg 768w\" sizes=\"(max-width: 1024px) 100vw, 1024px\" \/><\/p>\n<p>&nbsp;<\/p>\n<p>Zum passenden Abschluss dieser interessanten Reise kehrten wir noch in der Brauerei-Gastst\u00e4tte \u201eTurm-Br\u00e4u\u201c in Freudenstadt ein, einem urigen Lokal mit bayerischer Note.<\/p>\n","protected":false},"excerpt":{"rendered":"<p>Mit einer Betriebsbesichtigung der Firma TRIGEMA in Burladingen er\u00f6ffneten die Liederkranz-Senioren die Reisesaison 2015. Die Firma TRIGEMA ist ein Familienunternehmen und wurde im Jahr 1919 gegr\u00fcndet. Im Gegensatz zum allgemeinen Trend in der deutschen Textilindustrie, die Produktion in Billiglohnl\u00e4nder zu verlegen, setzte TRIGEMA konsequent auf den Produktionsstandort Deutschland und hatte damit Erfolg. Seit 1975 ist [&hellip;]<\/p>\n","protected":false},"author":3,"featured_media":0,"parent":999,"menu_order":0,"comment_status":"closed","ping_status":"closed","template":"onecolumn-page.php","meta":{"footnotes":""},"class_list":["post-1327","page","type-page","status-publish","hentry","post"],"_links":{"self":[{"href":"http:\/\/www.gv-liederkranz-oetigheim.de\/index.php?rest_route=\/wp\/v2\/pages\/1327","targetHints":{"allow":["GET"]}}],"collection":[{"href":"http:\/\/www.gv-liederkranz-oetigheim.de\/index.php?rest_route=\/wp\/v2\/pages"}],"about":[{"href":"http:\/\/www.gv-liederkranz-oetigheim.de\/index.php?rest_route=\/wp\/v2\/types\/page"}],"author":[{"embeddable":true,"href":"http:\/\/www.gv-liederkranz-oetigheim.de\/index.php?rest_route=\/wp\/v2\/users\/3"}],"replies":[{"embeddable":true,"href":"http:\/\/www.gv-liederkranz-oetigheim.de\/index.php?rest_route=%2Fwp%2Fv2%2Fcomments&post=1327"}],"version-history":[{"count":0,"href":"http:\/\/www.gv-liederkranz-oetigheim.de\/index.php?rest_route=\/wp\/v2\/pages\/1327\/revisions"}],"up":[{"embeddable":true,"href":"http:\/\/www.gv-liederkranz-oetigheim.de\/index.php?rest_route=\/wp\/v2\/pages\/999"}],"wp:attachment":[{"href":"http:\/\/www.gv-liederkranz-oetigheim.de\/index.php?rest_route=%2Fwp%2Fv2%2Fmedia&parent=1327"}],"curies":[{"name":"wp","href":"https:\/\/api.w.org\/{rel}","templated":true}]}}